{"id":39598,"date":"2022-06-02T10:13:06","date_gmt":"2022-06-02T08:13:06","guid":{"rendered":"https:\/\/ticinoweb01.jcloud.ik-server.com\/cndestetik\/prodotto\/silk-star-100gr\/"},"modified":"2023-09-08T12:02:18","modified_gmt":"2023-09-08T10:02:18","slug":"poudre-depilation-biologique","status":"publish","type":"product","link":"https:\/\/cndestetik.ch\/fr\/prodotto\/poudre-depilation-biologique\/","title":{"rendered":"Poudre biologique pour l&#8217;\u00e9pilation"},"content":{"rendered":"<p><span data-sheets-value=\"{\"1\":2,\"2\":\"Finissimo talco da utilizzare dopo la ceretta per rinfrescare la pelle 100 grammi\"}\" data-sheets-userformat=\"{\"2\":15297,\"3\":{\"1\":0},\"9\":0,\"10\":2,\"11\":0,\"12\":0,\"14\":{\"1\":2,\"2\":0},\"15\":\"Calibri\",\"16\":11}\">Talc fin \u00e0 utiliser apr\u00e8s l&#8217;\u00e9pilation pour rafra\u00eechir la peau.<\/span><\/p>\n<p><span data-sheets-value=\"{\"1\":2,\"2\":\"Finissimo talco da utilizzare dopo la ceretta per rinfrescare la pelle 100 grammi\"}\" data-sheets-userformat=\"{\"2\":15297,\"3\":{\"1\":0},\"9\":0,\"10\":2,\"11\":0,\"12\":0,\"14\":{\"1\":2,\"2\":0},\"15\":\"Calibri\",\"16\":11}\">Taille : 100 grammes<\/span><\/p>\n","protected":false},"excerpt":{"rendered":"<p>Talc apr\u00e8s cirage<\/p>\n","protected":false},"featured_media":54454,"template":"","meta":{"_acf_changed":false},"product_brand":[],"product_cat":[1628],"product_tag":[1657,1658,1659],"class_list":{"0":"post-39598","1":"product","2":"type-product","3":"status-publish","4":"has-post-thumbnail","6":"product_cat-12-epilation","7":"product_tag-apres-la-cire","8":"product_tag-etoile-de-soie","9":"product_tag-talc","10":"pa_pezzi-1-piece-fr","11":"pa_pezzi-2-pieces-fr","13":"first","14":"instock","15":"taxable","16":"shipping-taxable","17":"purchasable","18":"product-type-simple"},"acf":[],"jetpack_sharing_enabled":true,"_links":{"self":[{"href":"https:\/\/cndestetik.ch\/fr\/wp-json\/wp\/v2\/product\/39598","targetHints":{"allow":["GET"]}}],"collection":[{"href":"https:\/\/cndestetik.ch\/fr\/wp-json\/wp\/v2\/product"}],"about":[{"href":"https:\/\/cndestetik.ch\/fr\/wp-json\/wp\/v2\/types\/product"}],"wp:featuredmedia":[{"embeddable":true,"href":"https:\/\/cndestetik.ch\/fr\/wp-json\/wp\/v2\/media\/54454"}],"wp:attachment":[{"href":"https:\/\/cndestetik.ch\/fr\/wp-json\/wp\/v2\/media?parent=39598"}],"wp:term":[{"taxonomy":"product_brand","embeddable":true,"href":"https:\/\/cndestetik.ch\/fr\/wp-json\/wp\/v2\/product_brand?post=39598"},{"taxonomy":"product_cat","embeddable":true,"href":"https:\/\/cndestetik.ch\/fr\/wp-json\/wp\/v2\/product_cat?post=39598"},{"taxonomy":"product_tag","embeddable":true,"href":"https:\/\/cndestetik.ch\/fr\/wp-json\/wp\/v2\/product_tag?post=39598"}],"curies":[{"name":"wp","href":"https:\/\/api.w.org\/{rel}","templated":true}]}}