{"id":39588,"date":"2022-06-02T10:03:05","date_gmt":"2022-06-02T08:03:05","guid":{"rendered":"https:\/\/ticinoweb01.jcloud.ik-server.com\/cndestetik\/prodotto\/cartouche-dhuile-dargan-au-zinc-100-ml\/"},"modified":"2024-08-07T09:20:54","modified_gmt":"2024-08-07T07:20:54","slug":"cire-depilation-en-cartouche-argan","status":"publish","type":"product","link":"https:\/\/cndestetik.ch\/fr\/prodotto\/cire-depilation-en-cartouche-argan\/","title":{"rendered":"Cire d&#8217;\u00e9pilation \u00e0 la cartouche d&#8217;argan"},"content":{"rendered":"<p>La cartouche de cire de zinc \u00e0 l&#8217;huile d&#8217;argan de 100 ml est id\u00e9ale pour l&#8217;\u00e9pilation professionnelle. La cire d&#8217;oxyde de zinc \u00e0 l&#8217;huile d&#8217;argan est riche en prot\u00e9ines et a une base d&#8217;oxyde de zinc, id\u00e9ale pour pr\u00e9venir les rougeurs et les irritations ; caract\u00e9ris\u00e9e par une larme tr\u00e8s douce, elle est recommand\u00e9e pour les jeunes clientes qui s&#8217;\u00e9pilent pour la premi\u00e8re fois ou pour les cas difficiles. Paquet de 36 cartouches.<\/p>\n","protected":false},"excerpt":{"rendered":"<p><span data-sheets-value=\"{\"1\":2,\"2\":\"ARGANZ100\"}\" data-sheets-userformat=\"{\"2\":14785,\"3\":{\"1\":0,\"3\":1},\"9\":0,\"10\":2,\"11\":0,\"14\":{\"1\":2,\"2\":0},\"15\":\"Calibri\",\"16\":11}\">36 cartouches de cire de zinc \u00e0 l&#8217;huile d&#8217;argan.<\/span><\/p>\n","protected":false},"featured_media":39585,"template":"","meta":{"_acf_changed":false},"product_brand":[],"product_cat":[1628],"product_tag":[562,1636,684,1641],"class_list":{"0":"post-39588","1":"product","2":"type-product","3":"status-publish","4":"has-post-thumbnail","6":"product_cat-12-epilation","7":"product_tag-argan-fr","8":"product_tag-cartouche","9":"product_tag-cire","10":"product_tag-zinc-fr","11":"pa_pezzi-1-piece-fr","12":"pa_pezzi-3-pieces-fr","13":"pa_pezzi-5-pieces-fr","15":"first","16":"instock","17":"taxable","18":"shipping-taxable","19":"purchasable","20":"product-type-simple"},"acf":[],"jetpack_sharing_enabled":true,"_links":{"self":[{"href":"https:\/\/cndestetik.ch\/fr\/wp-json\/wp\/v2\/product\/39588","targetHints":{"allow":["GET"]}}],"collection":[{"href":"https:\/\/cndestetik.ch\/fr\/wp-json\/wp\/v2\/product"}],"about":[{"href":"https:\/\/cndestetik.ch\/fr\/wp-json\/wp\/v2\/types\/product"}],"wp:featuredmedia":[{"embeddable":true,"href":"https:\/\/cndestetik.ch\/fr\/wp-json\/wp\/v2\/media\/39585"}],"wp:attachment":[{"href":"https:\/\/cndestetik.ch\/fr\/wp-json\/wp\/v2\/media?parent=39588"}],"wp:term":[{"taxonomy":"product_brand","embeddable":true,"href":"https:\/\/cndestetik.ch\/fr\/wp-json\/wp\/v2\/product_brand?post=39588"},{"taxonomy":"product_cat","embeddable":true,"href":"https:\/\/cndestetik.ch\/fr\/wp-json\/wp\/v2\/product_cat?post=39588"},{"taxonomy":"product_tag","embeddable":true,"href":"https:\/\/cndestetik.ch\/fr\/wp-json\/wp\/v2\/product_tag?post=39588"}],"curies":[{"name":"wp","href":"https:\/\/api.w.org\/{rel}","templated":true}]}}