{"id":39579,"date":"2022-06-02T09:58:11","date_gmt":"2022-06-02T07:58:11","guid":{"rendered":"https:\/\/ticinoweb01.jcloud.ik-server.com\/cndestetik\/prodotto\/cartouche-de-cire-100-ml-azulene\/"},"modified":"2023-05-02T09:35:05","modified_gmt":"2023-05-02T07:35:05","slug":"cire-depilation-en-cartouche-azulene","status":"publish","type":"product","link":"https:\/\/cndestetik.ch\/fr\/prodotto\/cire-depilation-en-cartouche-azulene\/","title":{"rendered":"Cire d&#8217;\u00e9pilation \u00e0 cartouche Azul\u00e8ne"},"content":{"rendered":"<p><span data-sheets-value=\"{\"1\":2,\"2\":\"La cera depilatoria liposolubile professionale all'Azulene permette garantisce un'epilazione efficace e perfetta in ogni periodo dell'anno. Lo strappo \u00e8 molto delicato e dolce, adatto anche alle zone pi\u00f9 sensibili. Particolarmente consigliato per soggetti allergici al biossido di titanio e all'ossido di zinco. Ha propriet\u00e0 lenitive, decongestionanti e anti-rossore, ha funzioni riparatrici del tessuto stressato. E' liposolubile per cui i suoi residui si rimuovono con solventi oleosi.\"}\" data-sheets-userformat=\"{\"2\":15297,\"3\":{\"1\":0},\"9\":0,\"10\":2,\"11\":0,\"12\":0,\"14\":{\"1\":2,\"2\":0},\"15\":\"Calibri\",\"16\":11}\">La cire \u00e0 \u00e9piler professionnelle liposoluble Azulene garantit une \u00e9pilation efficace et parfaite toute l&#8217;ann\u00e9e. La larme est tr\u00e8s d\u00e9licate et douce, convenant m\u00eame aux zones les plus sensibles. Particuli\u00e8rement recommand\u00e9 aux personnes allergiques au dioxyde de titane et \u00e0 l&#8217;oxyde de zinc. Elle a des propri\u00e9t\u00e9s apaisantes, d\u00e9congestionnantes et anti-rougeurs et a des fonctions r\u00e9paratrices pour les tissus stress\u00e9s. Comme il est liposoluble, ses r\u00e9sidus sont \u00e9limin\u00e9s avec des solvants huileux.<\/span><\/p>\n<p>Carton de 36 cartouches.<\/p>\n","protected":false},"excerpt":{"rendered":"<p>36 cartouches de cire d&#8217;\u00e9pilation Azulene.<\/p>\n","protected":false},"featured_media":39576,"template":"","meta":{"_acf_changed":false},"product_brand":[],"product_cat":[1628],"product_tag":[1635,1636,684,1676,909],"class_list":{"0":"post-39579","1":"product","2":"type-product","3":"status-publish","4":"has-post-thumbnail","6":"product_cat-12-epilation","7":"product_tag-azulene-fr","8":"product_tag-cartouche","9":"product_tag-cire","10":"product_tag-epilation-fr-2","11":"product_tag-epilation-fr","12":"pa_pezzi-1-piece-fr","13":"pa_pezzi-3-pieces-fr","14":"pa_pezzi-5-pieces-fr","16":"first","17":"instock","18":"taxable","19":"shipping-taxable","20":"purchasable","21":"product-type-variable"},"acf":[],"jetpack_sharing_enabled":true,"_links":{"self":[{"href":"https:\/\/cndestetik.ch\/fr\/wp-json\/wp\/v2\/product\/39579","targetHints":{"allow":["GET"]}}],"collection":[{"href":"https:\/\/cndestetik.ch\/fr\/wp-json\/wp\/v2\/product"}],"about":[{"href":"https:\/\/cndestetik.ch\/fr\/wp-json\/wp\/v2\/types\/product"}],"wp:featuredmedia":[{"embeddable":true,"href":"https:\/\/cndestetik.ch\/fr\/wp-json\/wp\/v2\/media\/39576"}],"wp:attachment":[{"href":"https:\/\/cndestetik.ch\/fr\/wp-json\/wp\/v2\/media?parent=39579"}],"wp:term":[{"taxonomy":"product_brand","embeddable":true,"href":"https:\/\/cndestetik.ch\/fr\/wp-json\/wp\/v2\/product_brand?post=39579"},{"taxonomy":"product_cat","embeddable":true,"href":"https:\/\/cndestetik.ch\/fr\/wp-json\/wp\/v2\/product_cat?post=39579"},{"taxonomy":"product_tag","embeddable":true,"href":"https:\/\/cndestetik.ch\/fr\/wp-json\/wp\/v2\/product_tag?post=39579"}],"curies":[{"name":"wp","href":"https:\/\/api.w.org\/{rel}","templated":true}]}}