{"id":39465,"date":"2022-06-02T09:08:11","date_gmt":"2022-06-02T07:08:11","guid":{"rendered":"https:\/\/ticinoweb01.jcloud.ik-server.com\/cndestetik\/prodotto\/pince-a-epiler-en-acier-inoxydable-a-coupe-droite\/"},"modified":"2022-11-15T15:49:48","modified_gmt":"2022-11-15T14:49:48","slug":"pince-a-epiler-inox-a-coupe-droit-2","status":"publish","type":"product","link":"https:\/\/cndestetik.ch\/fr\/prodotto\/pince-a-epiler-inox-a-coupe-droit-2\/","title":{"rendered":"Pince \u00e0 \u00e9piler en acier inoxydable rectiligne et incurv\u00e9e"},"content":{"rendered":"<p>Pince \u00e0 \u00e9piler en acier inoxydable \u00e0 coupe droite<\/p>\n","protected":false},"excerpt":{"rendered":"<p>Pince \u00e0 \u00e9piler Inox<\/p>\n","protected":false},"featured_media":54442,"template":"","meta":{"_acf_changed":false},"product_brand":[],"product_cat":[1296,1501],"product_tag":[1591,1611,1616,1612],"class_list":{"0":"post-39465","1":"product","2":"type-product","3":"status-publish","4":"has-post-thumbnail","6":"product_cat-equipement","7":"product_cat-nails-manucure-et-pedicure","8":"product_tag-acier-inoxydable-fr","9":"product_tag-pince","10":"product_tag-pince-a-epiler-droite","11":"product_tag-pinces-a-epiler","13":"first","14":"instock","15":"taxable","16":"shipping-taxable","17":"purchasable","18":"product-type-simple"},"acf":[],"jetpack_sharing_enabled":true,"_links":{"self":[{"href":"https:\/\/cndestetik.ch\/fr\/wp-json\/wp\/v2\/product\/39465","targetHints":{"allow":["GET"]}}],"collection":[{"href":"https:\/\/cndestetik.ch\/fr\/wp-json\/wp\/v2\/product"}],"about":[{"href":"https:\/\/cndestetik.ch\/fr\/wp-json\/wp\/v2\/types\/product"}],"wp:featuredmedia":[{"embeddable":true,"href":"https:\/\/cndestetik.ch\/fr\/wp-json\/wp\/v2\/media\/54442"}],"wp:attachment":[{"href":"https:\/\/cndestetik.ch\/fr\/wp-json\/wp\/v2\/media?parent=39465"}],"wp:term":[{"taxonomy":"product_brand","embeddable":true,"href":"https:\/\/cndestetik.ch\/fr\/wp-json\/wp\/v2\/product_brand?post=39465"},{"taxonomy":"product_cat","embeddable":true,"href":"https:\/\/cndestetik.ch\/fr\/wp-json\/wp\/v2\/product_cat?post=39465"},{"taxonomy":"product_tag","embeddable":true,"href":"https:\/\/cndestetik.ch\/fr\/wp-json\/wp\/v2\/product_tag?post=39465"}],"curies":[{"name":"wp","href":"https:\/\/api.w.org\/{rel}","templated":true}]}}