{"id":39415,"date":"2022-06-01T16:16:03","date_gmt":"2022-06-01T14:16:03","guid":{"rendered":"https:\/\/ticinoweb01.jcloud.ik-server.com\/cndestetik\/prodotto\/ensemble-de-batons-en-bois-12-pieces\/"},"modified":"2022-11-15T15:50:55","modified_gmt":"2022-11-15T14:50:55","slug":"batonnets-set-de-bois-12-pcs","status":"publish","type":"product","link":"https:\/\/cndestetik.ch\/fr\/prodotto\/batonnets-set-de-bois-12-pcs\/","title":{"rendered":"Ensemble de b\u00e2tons en bois. 12 pi\u00e8ces"},"content":{"rendered":"<p>Pousse-cuticules en bois, adapt\u00e9 pour pousser, soulever et enlever les cuticules en douceur. Longueur 13 cm. paquet de 12.<\/p>\n","protected":false},"excerpt":{"rendered":"<p><span data-sheets-value=\"{\"1\":2,\"2\":\"Bastoncini legno set. 12 pz.\"}\" data-sheets-userformat=\"{\"2\":14785,\"3\":{\"1\":0,\"3\":1},\"9\":0,\"10\":2,\"11\":0,\"14\":{\"1\":2,\"2\":0},\"15\":\"Calibri\",\"16\":11}\">B\u00e2tons en bois par lots de 12<\/span><\/p>\n","protected":false},"featured_media":39412,"template":"","meta":{"_acf_changed":false},"product_brand":[],"product_cat":[1296,1501],"product_tag":[1598,1332,1483],"class_list":{"0":"post-39415","1":"product","2":"type-product","3":"status-publish","4":"has-post-thumbnail","6":"product_cat-equipement","7":"product_cat-nails-manucure-et-pedicure","8":"product_tag-baguettes","9":"product_tag-cuticules","10":"product_tag-manucure","12":"first","13":"instock","14":"taxable","15":"shipping-taxable","16":"purchasable","17":"product-type-simple"},"acf":[],"jetpack_sharing_enabled":true,"_links":{"self":[{"href":"https:\/\/cndestetik.ch\/fr\/wp-json\/wp\/v2\/product\/39415","targetHints":{"allow":["GET"]}}],"collection":[{"href":"https:\/\/cndestetik.ch\/fr\/wp-json\/wp\/v2\/product"}],"about":[{"href":"https:\/\/cndestetik.ch\/fr\/wp-json\/wp\/v2\/types\/product"}],"wp:featuredmedia":[{"embeddable":true,"href":"https:\/\/cndestetik.ch\/fr\/wp-json\/wp\/v2\/media\/39412"}],"wp:attachment":[{"href":"https:\/\/cndestetik.ch\/fr\/wp-json\/wp\/v2\/media?parent=39415"}],"wp:term":[{"taxonomy":"product_brand","embeddable":true,"href":"https:\/\/cndestetik.ch\/fr\/wp-json\/wp\/v2\/product_brand?post=39415"},{"taxonomy":"product_cat","embeddable":true,"href":"https:\/\/cndestetik.ch\/fr\/wp-json\/wp\/v2\/product_cat?post=39415"},{"taxonomy":"product_tag","embeddable":true,"href":"https:\/\/cndestetik.ch\/fr\/wp-json\/wp\/v2\/product_tag?post=39415"}],"curies":[{"name":"wp","href":"https:\/\/api.w.org\/{rel}","templated":true}]}}