{"id":39262,"date":"2022-06-01T15:13:00","date_gmt":"2022-06-01T13:13:00","guid":{"rendered":"https:\/\/ticinoweb01.jcloud.ik-server.com\/cndestetik\/prodotto\/lime-grise-grain-100-180\/"},"modified":"2023-07-02T00:00:07","modified_gmt":"2023-07-01T22:00:07","slug":"lima-grigia-grana-100-180","status":"publish","type":"product","link":"https:\/\/cndestetik.ch\/fr\/prodotto\/lima-grigia-grana-100-180\/","title":{"rendered":"Lime \u00e0 grains 100\/180"},"content":{"rendered":"<p><span data-sheets-value=\"{\"1\":2,\"2\":\"Lima bianca per ricostruzione, anima flessibile in PVC. Indicata per la riduzione della lunghezza delle unghie. Confezione da 12 pz.\"}\" data-sheets-userformat=\"{\"2\":15297,\"3\":{\"1\":0},\"9\":0,\"10\":2,\"11\":0,\"12\":0,\"14\":{\"1\":2,\"2\":0},\"15\":\"Calibri\",\"16\":11}\">Dossier de reconstruction blanc, noyau en PVC souple. Indiqu\u00e9 pour r\u00e9duire la longueur des ongles. Paquet de 12 pi\u00e8ces.<\/span><\/p>\n","protected":false},"excerpt":{"rendered":"<p>Dossier de reconstruction du blanc<\/p>\n","protected":false},"featured_media":54276,"template":"","meta":{"_acf_changed":false},"product_brand":[],"product_cat":[1296,1501],"product_tag":[1544,1531,1483,1354],"class_list":{"0":"post-39262","1":"product","2":"type-product","3":"status-publish","4":"has-post-thumbnail","6":"product_cat-equipement","7":"product_cat-nails-manucure-et-pedicure","8":"product_tag-100-180-fr","9":"product_tag-fichier","10":"product_tag-manucure","11":"product_tag-ongles","12":"pa_pezzi-1-piece-fr","13":"pa_pezzi-3-pieces-fr","15":"first","16":"instock","17":"taxable","18":"shipping-taxable","19":"purchasable","20":"product-type-variable"},"acf":[],"jetpack_sharing_enabled":true,"_links":{"self":[{"href":"https:\/\/cndestetik.ch\/fr\/wp-json\/wp\/v2\/product\/39262","targetHints":{"allow":["GET"]}}],"collection":[{"href":"https:\/\/cndestetik.ch\/fr\/wp-json\/wp\/v2\/product"}],"about":[{"href":"https:\/\/cndestetik.ch\/fr\/wp-json\/wp\/v2\/types\/product"}],"wp:featuredmedia":[{"embeddable":true,"href":"https:\/\/cndestetik.ch\/fr\/wp-json\/wp\/v2\/media\/54276"}],"wp:attachment":[{"href":"https:\/\/cndestetik.ch\/fr\/wp-json\/wp\/v2\/media?parent=39262"}],"wp:term":[{"taxonomy":"product_brand","embeddable":true,"href":"https:\/\/cndestetik.ch\/fr\/wp-json\/wp\/v2\/product_brand?post=39262"},{"taxonomy":"product_cat","embeddable":true,"href":"https:\/\/cndestetik.ch\/fr\/wp-json\/wp\/v2\/product_cat?post=39262"},{"taxonomy":"product_tag","embeddable":true,"href":"https:\/\/cndestetik.ch\/fr\/wp-json\/wp\/v2\/product_tag?post=39262"}],"curies":[{"name":"wp","href":"https:\/\/api.w.org\/{rel}","templated":true}]}}