{"id":39257,"date":"2022-06-01T15:10:35","date_gmt":"2022-06-01T13:10:35","guid":{"rendered":"https:\/\/ticinoweb01.jcloud.ik-server.com\/cndestetik\/prodotto\/lime-grise-180-180\/"},"modified":"2022-11-15T15:50:58","modified_gmt":"2022-11-15T14:50:58","slug":"lima-grana-180-180","status":"publish","type":"product","link":"https:\/\/cndestetik.ch\/fr\/prodotto\/lima-grana-180-180\/","title":{"rendered":"Lime \u00e0 grain 180\/180"},"content":{"rendered":"<p><span data-sheets-value=\"{\"1\":2,\"2\":\"Lima bianca per ricostruzione, anima flessibile in PVC. Indicata per la riduzione della lunghezza delle unghie. Confezione da 12 pz.\"}\" data-sheets-userformat=\"{\"2\":15297,\"3\":{\"1\":0},\"9\":0,\"10\":2,\"11\":0,\"12\":0,\"14\":{\"1\":2,\"2\":0},\"15\":\"Calibri\",\"16\":11}\">Dossier de reconstruction blanc, noyau en PVC souple. Indiqu\u00e9 pour r\u00e9duire la longueur des ongles. Paquet de 12 pi\u00e8ces.<\/span><\/p>\n","protected":false},"excerpt":{"rendered":"<p><span data-sheets-value=\"{\"1\":2,\"2\":\"Lima bianca per ricostruzione, anima flessibile in PVC. Indicata per la riduzione della lunghezza delle unghie. Confezione da 12 pz.\"}\" data-sheets-userformat=\"{\"2\":15297,\"3\":{\"1\":0},\"9\":0,\"10\":2,\"11\":0,\"12\":0,\"14\":{\"1\":2,\"2\":0},\"15\":\"Calibri\",\"16\":11}\">Dossier de reconstruction du blanc<\/span><\/p>\n","protected":false},"featured_media":54276,"template":"","meta":{"_acf_changed":false},"product_brand":[],"product_cat":[1296],"product_tag":[1530,1550,1551,1531],"class_list":{"0":"post-39257","1":"product","2":"type-product","3":"status-publish","4":"has-post-thumbnail","6":"product_cat-equipement","7":"product_tag-180-fr","8":"product_tag-180-180-fr","9":"product_tag-dossier-blanc","10":"product_tag-fichier","12":"first","13":"instock","14":"taxable","15":"shipping-taxable","16":"purchasable","17":"product-type-simple"},"acf":[],"jetpack_sharing_enabled":true,"_links":{"self":[{"href":"https:\/\/cndestetik.ch\/fr\/wp-json\/wp\/v2\/product\/39257","targetHints":{"allow":["GET"]}}],"collection":[{"href":"https:\/\/cndestetik.ch\/fr\/wp-json\/wp\/v2\/product"}],"about":[{"href":"https:\/\/cndestetik.ch\/fr\/wp-json\/wp\/v2\/types\/product"}],"wp:featuredmedia":[{"embeddable":true,"href":"https:\/\/cndestetik.ch\/fr\/wp-json\/wp\/v2\/media\/54276"}],"wp:attachment":[{"href":"https:\/\/cndestetik.ch\/fr\/wp-json\/wp\/v2\/media?parent=39257"}],"wp:term":[{"taxonomy":"product_brand","embeddable":true,"href":"https:\/\/cndestetik.ch\/fr\/wp-json\/wp\/v2\/product_brand?post=39257"},{"taxonomy":"product_cat","embeddable":true,"href":"https:\/\/cndestetik.ch\/fr\/wp-json\/wp\/v2\/product_cat?post=39257"},{"taxonomy":"product_tag","embeddable":true,"href":"https:\/\/cndestetik.ch\/fr\/wp-json\/wp\/v2\/product_tag?post=39257"}],"curies":[{"name":"wp","href":"https:\/\/api.w.org\/{rel}","templated":true}]}}