{"id":39087,"date":"2022-06-01T14:09:01","date_gmt":"2022-06-01T12:09:01","guid":{"rendered":"https:\/\/ticinoweb01.jcloud.ik-server.com\/cndestetik\/prodotto\/39087\/"},"modified":"2022-11-15T15:52:05","modified_gmt":"2022-11-15T14:52:05","slug":"39087","status":"publish","type":"product","link":"https:\/\/cndestetik.ch\/fr\/prodotto\/39087\/","title":{"rendered":"Instrument de p\u00e9dicure en acier inoxydable avec pointe dentel\u00e9e"},"content":{"rendered":"<p>Instrument de p\u00e9dicure avec pointe dentel\u00e9e.<\/p>\n","protected":false},"excerpt":{"rendered":"<p>Outil de p\u00e9dicure.<\/p>\n","protected":false},"featured_media":54405,"template":"","meta":{"_acf_changed":false},"product_brand":[],"product_cat":[1296,1501],"product_tag":[1463,1326],"class_list":{"0":"post-39087","1":"product","2":"type-product","3":"status-publish","4":"has-post-thumbnail","6":"product_cat-equipement","7":"product_cat-nails-manucure-et-pedicure","8":"product_tag-outil-de-pedicure","9":"product_tag-pedicure-fr","11":"first","12":"instock","13":"taxable","14":"shipping-taxable","15":"purchasable","16":"product-type-simple"},"acf":[],"jetpack_sharing_enabled":true,"_links":{"self":[{"href":"https:\/\/cndestetik.ch\/fr\/wp-json\/wp\/v2\/product\/39087","targetHints":{"allow":["GET"]}}],"collection":[{"href":"https:\/\/cndestetik.ch\/fr\/wp-json\/wp\/v2\/product"}],"about":[{"href":"https:\/\/cndestetik.ch\/fr\/wp-json\/wp\/v2\/types\/product"}],"wp:featuredmedia":[{"embeddable":true,"href":"https:\/\/cndestetik.ch\/fr\/wp-json\/wp\/v2\/media\/54405"}],"wp:attachment":[{"href":"https:\/\/cndestetik.ch\/fr\/wp-json\/wp\/v2\/media?parent=39087"}],"wp:term":[{"taxonomy":"product_brand","embeddable":true,"href":"https:\/\/cndestetik.ch\/fr\/wp-json\/wp\/v2\/product_brand?post=39087"},{"taxonomy":"product_cat","embeddable":true,"href":"https:\/\/cndestetik.ch\/fr\/wp-json\/wp\/v2\/product_cat?post=39087"},{"taxonomy":"product_tag","embeddable":true,"href":"https:\/\/cndestetik.ch\/fr\/wp-json\/wp\/v2\/product_tag?post=39087"}],"curies":[{"name":"wp","href":"https:\/\/api.w.org\/{rel}","templated":true}]}}