{"id":39060,"date":"2022-06-01T14:00:26","date_gmt":"2022-06-01T12:00:26","guid":{"rendered":"https:\/\/ticinoweb01.jcloud.ik-server.com\/cndestetik\/prodotto\/rape-a-pedicure-laser-pour-les-pieds\/"},"modified":"2023-11-02T23:00:13","modified_gmt":"2023-11-02T22:00:13","slug":"laser-pedicure-pincement-des-pieds","status":"publish","type":"product","link":"https:\/\/cndestetik.ch\/fr\/prodotto\/laser-pedicure-pincement-des-pieds\/","title":{"rendered":"R\u00e2pe \u00e0 p\u00e9dicure laser pour les pieds"},"content":{"rendered":"<p><span data-sheets-value=\"{\"1\":2,\"2\":\"Raspa con parte levigante in acciaio inox e parte abrasiva lavorata a laser. Due superfici leviganti una pi\u00f9 abrasiva e l'altra pi\u00f9 delicata. Ideale per la rimozione e la levigatura di superfici callose ed ispessite.\"}\" data-sheets-userformat=\"{\"2\":15297,\"3\":{\"1\":0},\"9\":0,\"10\":2,\"11\":0,\"12\":0,\"14\":{\"1\":2,\"2\":0},\"15\":\"Calibri\",\"16\":11}\">R\u00e2pe avec partie de rodage en acier inoxydable et partie abrasive trait\u00e9e au laser. Deux surfaces de pon\u00e7age, l&#8217;une plus abrasive et l&#8217;autre plus douce. Id\u00e9al pour \u00e9liminer et lisser les surfaces calleuses et \u00e9paisses.<\/span><\/p>\n","protected":false},"excerpt":{"rendered":"<p>R\u00e2pe \u00e0 deux faces de granulom\u00e9trie diff\u00e9rente.<\/p>\n","protected":false},"featured_media":46700,"template":"","meta":{"_acf_changed":false},"product_brand":[],"product_cat":[1296,1867],"product_tag":[1453,1454,1371],"class_list":{"0":"post-39060","1":"product","2":"type-product","3":"status-publish","4":"has-post-thumbnail","6":"product_cat-equipement","7":"product_cat-offres","8":"product_tag-pieds","9":"product_tag-rape-a-pied","10":"product_tag-raper","11":"pa_pezzi-1-piece-fr","12":"pa_pezzi-10-morceaux","14":"first","15":"instock","16":"taxable","17":"shipping-taxable","18":"purchasable","19":"product-type-variable"},"acf":[],"jetpack_sharing_enabled":true,"_links":{"self":[{"href":"https:\/\/cndestetik.ch\/fr\/wp-json\/wp\/v2\/product\/39060","targetHints":{"allow":["GET"]}}],"collection":[{"href":"https:\/\/cndestetik.ch\/fr\/wp-json\/wp\/v2\/product"}],"about":[{"href":"https:\/\/cndestetik.ch\/fr\/wp-json\/wp\/v2\/types\/product"}],"wp:featuredmedia":[{"embeddable":true,"href":"https:\/\/cndestetik.ch\/fr\/wp-json\/wp\/v2\/media\/46700"}],"wp:attachment":[{"href":"https:\/\/cndestetik.ch\/fr\/wp-json\/wp\/v2\/media?parent=39060"}],"wp:term":[{"taxonomy":"product_brand","embeddable":true,"href":"https:\/\/cndestetik.ch\/fr\/wp-json\/wp\/v2\/product_brand?post=39060"},{"taxonomy":"product_cat","embeddable":true,"href":"https:\/\/cndestetik.ch\/fr\/wp-json\/wp\/v2\/product_cat?post=39060"},{"taxonomy":"product_tag","embeddable":true,"href":"https:\/\/cndestetik.ch\/fr\/wp-json\/wp\/v2\/product_tag?post=39060"}],"curies":[{"name":"wp","href":"https:\/\/api.w.org\/{rel}","templated":true}]}}