{"id":39055,"date":"2022-06-01T13:54:17","date_gmt":"2022-06-01T11:54:17","guid":{"rendered":"https:\/\/ticinoweb01.jcloud.ik-server.com\/cndestetik\/prodotto\/rape-a-pedicure-12pcs\/"},"modified":"2022-11-15T15:52:07","modified_gmt":"2022-11-15T14:52:07","slug":"rape-pedicure-12pcs","status":"publish","type":"product","link":"https:\/\/cndestetik.ch\/fr\/prodotto\/rape-pedicure-12pcs\/","title":{"rendered":"R\u00e2pe \u00e0 p\u00e9dicure 12 pi\u00e8ces"},"content":{"rendered":"<p><span data-sheets-value=\"{\"1\":2,\"2\":\"Raspa con 2 lati abrasivi per ridurre e levigare le callosit\u00e0 e gli ispessimenti cutanei. Presenta un lato a grana grossa, per eliminare l'eccesso di callosit\u00e0 ed uno a grana fine per levigare e rifinire la superficie cutanea. 12 pz.\"}\" data-sheets-userformat=\"{\"2\":15299,\"3\":{\"1\":0},\"4\":{\"1\":2,\"2\":65280},\"9\":0,\"10\":2,\"11\":0,\"12\":0,\"14\":{\"1\":2,\"2\":0},\"15\":\"Calibri\",\"16\":11}\">R\u00e2pe abrasive \u00e0 deux faces pour r\u00e9duire et lisser les callosit\u00e9s et l&#8217;\u00e9paississement de la peau. Il poss\u00e8de un c\u00f4t\u00e9 \u00e0 gros grains pour \u00e9liminer les callosit\u00e9s excessives et un c\u00f4t\u00e9 \u00e0 grains fins pour lisser et affiner la surface de la peau. 12 pi\u00e8ces.<\/span><\/p>\n","protected":false},"excerpt":{"rendered":"<p>Paquet de 12 r\u00e2pes<\/p>\n","protected":false},"featured_media":54474,"template":"","meta":{"_acf_changed":false},"product_brand":[],"product_cat":[1296],"product_tag":[9477,1371],"class_list":{"0":"post-39055","1":"product","2":"type-product","3":"status-publish","4":"has-post-thumbnail","6":"product_cat-equipement","7":"product_tag-abrasif","8":"product_tag-raper","10":"first","11":"instock","12":"taxable","13":"shipping-taxable","14":"purchasable","15":"product-type-simple"},"acf":[],"jetpack_sharing_enabled":true,"_links":{"self":[{"href":"https:\/\/cndestetik.ch\/fr\/wp-json\/wp\/v2\/product\/39055","targetHints":{"allow":["GET"]}}],"collection":[{"href":"https:\/\/cndestetik.ch\/fr\/wp-json\/wp\/v2\/product"}],"about":[{"href":"https:\/\/cndestetik.ch\/fr\/wp-json\/wp\/v2\/types\/product"}],"wp:featuredmedia":[{"embeddable":true,"href":"https:\/\/cndestetik.ch\/fr\/wp-json\/wp\/v2\/media\/54474"}],"wp:attachment":[{"href":"https:\/\/cndestetik.ch\/fr\/wp-json\/wp\/v2\/media?parent=39055"}],"wp:term":[{"taxonomy":"product_brand","embeddable":true,"href":"https:\/\/cndestetik.ch\/fr\/wp-json\/wp\/v2\/product_brand?post=39055"},{"taxonomy":"product_cat","embeddable":true,"href":"https:\/\/cndestetik.ch\/fr\/wp-json\/wp\/v2\/product_cat?post=39055"},{"taxonomy":"product_tag","embeddable":true,"href":"https:\/\/cndestetik.ch\/fr\/wp-json\/wp\/v2\/product_tag?post=39055"}],"curies":[{"name":"wp","href":"https:\/\/api.w.org\/{rel}","templated":true}]}}