{"id":39037,"date":"2022-06-01T13:47:41","date_gmt":"2022-06-01T11:47:41","guid":{"rendered":"https:\/\/ticinoweb01.jcloud.ik-server.com\/cndestetik\/prodotto\/rape-a-manche-en-plastique-lavable\/"},"modified":"2022-11-15T15:44:07","modified_gmt":"2022-11-15T14:44:07","slug":"manche-de-rape-plastique-lavable","status":"publish","type":"product","link":"https:\/\/cndestetik.ch\/fr\/prodotto\/manche-de-rape-plastique-lavable\/","title":{"rendered":"R\u00e2pe \u00e0 manche en plastique lavable"},"content":{"rendered":"<p><span data-sheets-value=\"{\"1\":2,\"2\":\"Raspa abrasiva con due fogli di diversa grana. Resistente agli urti e all'acqua. Ideale per la riduzione dei duroni, callosit\u00e0 ed ispessimenti. La parte levigante, pur essendo altamente abrasiva, \u00e8 poco porosa, garantendo cos\u00ec una perfetta igiene. Colori assortiti. Grana 80-120\"}\" data-sheets-userformat=\"{\"2\":15297,\"3\":{\"1\":0},\"9\":0,\"10\":2,\"11\":0,\"12\":0,\"14\":{\"1\":2,\"2\":0},\"15\":\"Calibri\",\"16\":11}\">R\u00e2pe abrasive avec deux feuilles de grains diff\u00e9rents. R\u00e9sistant aux chocs et \u00e0 l&#8217;eau. Id\u00e9al pour r\u00e9duire les cors, les callosit\u00e9s et les \u00e9paississements. La partie pon\u00e7able, bien que tr\u00e8s abrasive, est non poreuse, ce qui garantit une hygi\u00e8ne parfaite. Couleurs assorties. Grain 80-120.<\/span><\/p>\n","protected":false},"excerpt":{"rendered":"<p>R\u00e2pe lavable avec manche en plastique.<\/p>\n","protected":false},"featured_media":54470,"template":"","meta":{"_acf_changed":false},"product_brand":[],"product_cat":[1296],"product_tag":[1444,9480,1371],"class_list":{"0":"post-39037","1":"product","2":"type-product","3":"status-publish","4":"has-post-thumbnail","6":"product_cat-equipement","7":"product_tag-lavable","8":"product_tag-lissage","9":"product_tag-raper","11":"first","12":"instock","13":"taxable","14":"shipping-taxable","15":"purchasable","16":"product-type-simple"},"acf":[],"jetpack_sharing_enabled":true,"_links":{"self":[{"href":"https:\/\/cndestetik.ch\/fr\/wp-json\/wp\/v2\/product\/39037","targetHints":{"allow":["GET"]}}],"collection":[{"href":"https:\/\/cndestetik.ch\/fr\/wp-json\/wp\/v2\/product"}],"about":[{"href":"https:\/\/cndestetik.ch\/fr\/wp-json\/wp\/v2\/types\/product"}],"wp:featuredmedia":[{"embeddable":true,"href":"https:\/\/cndestetik.ch\/fr\/wp-json\/wp\/v2\/media\/54470"}],"wp:attachment":[{"href":"https:\/\/cndestetik.ch\/fr\/wp-json\/wp\/v2\/media?parent=39037"}],"wp:term":[{"taxonomy":"product_brand","embeddable":true,"href":"https:\/\/cndestetik.ch\/fr\/wp-json\/wp\/v2\/product_brand?post=39037"},{"taxonomy":"product_cat","embeddable":true,"href":"https:\/\/cndestetik.ch\/fr\/wp-json\/wp\/v2\/product_cat?post=39037"},{"taxonomy":"product_tag","embeddable":true,"href":"https:\/\/cndestetik.ch\/fr\/wp-json\/wp\/v2\/product_tag?post=39037"}],"curies":[{"name":"wp","href":"https:\/\/api.w.org\/{rel}","templated":true}]}}