{"id":38959,"date":"2022-06-01T12:52:41","date_gmt":"2022-06-01T10:52:41","guid":{"rendered":"https:\/\/ticinoweb01.jcloud.ik-server.com\/cndestetik\/prodotto\/couverture-thermique-petit\/"},"modified":"2022-11-15T15:44:07","modified_gmt":"2022-11-15T14:44:07","slug":"couverture-thermique-150x60","status":"publish","type":"product","link":"https:\/\/cndestetik.ch\/fr\/prodotto\/couverture-thermique-150x60\/","title":{"rendered":"Couverture thermique 150&#215;60"},"content":{"rendered":"<p><span data-sheets-value=\"{\"1\":2,\"2\":\"Termocoperta estetica con commutatore a 6 livelli di temperatura e dispositivo di sicurezza Electro Block.\\nScaldalettino professionale per centri estetici dotato di timer automatico 1\/9 ore per spegnimento automatico.\\n\\nTERMOCOPERTA ESTETICA MADE IN ITALY:\\n\\nPannello riscaldante sostituibile\\nDoppio sistema di isolamento per omogenea distribuzione del calore\\nFodera atossica ad alta densit\u00e0 morbida e lavabile.\\n\\nDimensioni: 150x60 cm\\nColore: argento\\n150W 230V\\n\\n\"}\" data-sheets-userformat=\"{\"2\":15297,\"3\":{\"1\":0},\"9\":0,\"10\":2,\"11\":0,\"12\":0,\"14\":{\"1\":2,\"2\":0},\"15\":\"Calibri\",\"16\":11}\">Couverture thermique esth\u00e9tique avec interrupteur de temp\u00e9rature \u00e0 6 niveaux et dispositif de s\u00e9curit\u00e9 Electro Block.<br \/>\nR\u00e9chauffeur professionnel pour les salons de beaut\u00e9, \u00e9quip\u00e9 d&#8217;une minuterie de 1\/9 heures pour l&#8217;arr\u00eat automatique.<\/span><\/p>\n<p>Panneau chauffant rempla\u00e7able<br \/>\nDouble syst\u00e8me d&#8217;isolation pour une distribution uniforme de la chaleur<br \/>\nDoublure non toxique de haute densit\u00e9, douce et lavable.<\/p>\n<p>Dimensions : 150&#215;60 cm<br \/>\nCouleur : argent<br \/>\n150W 230V<\/p>\n<p>Fabriqu\u00e9 en Italie<\/p>\n<p>&nbsp;<\/p>\n<p>**\u00e9galement disponible dans d&#8217;autres tailles<\/p>\n","protected":false},"excerpt":{"rendered":"<p><span data-sheets-value=\"{\"1\":2,\"2\":\"Termocoperta estetica con commutatore a 6 livelli di temperatura e dispositivo di sicurezza Electro Block.\\nScaldalettino professionale per centri estetici dotato di timer automatico 1\/9 ore per spegnimento automatico.\\n\\nTERMOCOPERTA ESTETICA MADE IN ITALY:\\n\\nPannello riscaldante sostituibile\\nDoppio sistema di isolamento per omogenea distribuzione del calore\\nFodera atossica ad alta densit\u00e0 morbida e lavabile.\\n\\nDimensioni: 150x60 cm\\nColore: argento\\n150W 230V\\n\\n\"}\" data-sheets-userformat=\"{\"2\":15297,\"3\":{\"1\":0},\"9\":0,\"10\":2,\"11\":0,\"12\":0,\"14\":{\"1\":2,\"2\":0},\"15\":\"Calibri\",\"16\":11}\">Couverture thermique esth\u00e9tique avec 6 niveaux de temp\u00e9rature et dispositif de s\u00e9curit\u00e9 Electro Block et minuterie.<\/span><\/p>\n","protected":false},"featured_media":45510,"template":"","meta":{"_acf_changed":false},"product_brand":[],"product_cat":[1296],"product_tag":[1404,1405,1406],"class_list":{"0":"post-38959","1":"product","2":"type-product","3":"status-publish","4":"has-post-thumbnail","6":"product_cat-equipement","7":"product_tag-chauffe-lit","8":"product_tag-chauffe-matelas","9":"product_tag-couverture-thermique","11":"first","12":"instock","13":"taxable","14":"shipping-taxable","15":"purchasable","16":"product-type-simple"},"acf":[],"jetpack_sharing_enabled":true,"_links":{"self":[{"href":"https:\/\/cndestetik.ch\/fr\/wp-json\/wp\/v2\/product\/38959","targetHints":{"allow":["GET"]}}],"collection":[{"href":"https:\/\/cndestetik.ch\/fr\/wp-json\/wp\/v2\/product"}],"about":[{"href":"https:\/\/cndestetik.ch\/fr\/wp-json\/wp\/v2\/types\/product"}],"wp:featuredmedia":[{"embeddable":true,"href":"https:\/\/cndestetik.ch\/fr\/wp-json\/wp\/v2\/media\/45510"}],"wp:attachment":[{"href":"https:\/\/cndestetik.ch\/fr\/wp-json\/wp\/v2\/media?parent=38959"}],"wp:term":[{"taxonomy":"product_brand","embeddable":true,"href":"https:\/\/cndestetik.ch\/fr\/wp-json\/wp\/v2\/product_brand?post=38959"},{"taxonomy":"product_cat","embeddable":true,"href":"https:\/\/cndestetik.ch\/fr\/wp-json\/wp\/v2\/product_cat?post=38959"},{"taxonomy":"product_tag","embeddable":true,"href":"https:\/\/cndestetik.ch\/fr\/wp-json\/wp\/v2\/product_tag?post=38959"}],"curies":[{"name":"wp","href":"https:\/\/api.w.org\/{rel}","templated":true}]}}