{"id":38882,"date":"2022-06-01T11:19:13","date_gmt":"2022-06-01T09:19:13","guid":{"rendered":"https:\/\/ticinoweb01.jcloud.ik-server.com\/cndestetik\/prodotto\/recourbe-cils\/"},"modified":"2022-11-15T15:45:24","modified_gmt":"2022-11-15T14:45:24","slug":"recourbe-cils","status":"publish","type":"product","link":"https:\/\/cndestetik.ch\/fr\/prodotto\/recourbe-cils\/","title":{"rendered":"Recourbe-cils"},"content":{"rendered":"<p><span data-sheets-value=\"{\"1\":2,\"2\":\"Il piegaciglia \u00e8 l'ideale per avere ciglia perfette, grazie al sistema a doppia azione che sostiene saldamente le ciglia e le solleva dalla base verso l'alto, conferendo loro una curvatura perfetta senza danneggiarle o spezzarle.\"}\" data-sheets-userformat=\"{\"2\":15297,\"3\":{\"1\":0},\"9\":0,\"10\":2,\"11\":0,\"12\":0,\"14\":{\"1\":2,\"2\":0},\"15\":\"Calibri\",\"16\":11}\">Le recourbe-cils est id\u00e9al pour des cils parfaits, gr\u00e2ce \u00e0 son syst\u00e8me \u00e0 double action qui maintient fermement les cils et les soul\u00e8ve de la base vers le haut, leur donnant une courbe parfaite sans les endommager ou les casser.<\/span><\/p>\n","protected":false},"excerpt":{"rendered":"<p>Recourbe-cils en acier inoxydable.<\/p>\n","protected":false},"featured_media":54421,"template":"","meta":{"_acf_changed":false},"product_brand":[],"product_cat":[1296,2125],"product_tag":[1322,727,1346,1344,1345],"class_list":{"0":"post-38882","1":"product","2":"type-product","3":"status-publish","4":"has-post-thumbnail","6":"product_cat-equipement","7":"product_cat-lash-brow-fr","8":"product_tag-acier-inoxydable","9":"product_tag-cils","10":"product_tag-outil","11":"product_tag-pli-des-cils","12":"product_tag-recourbe-cils","14":"first","15":"instock","16":"taxable","17":"shipping-taxable","18":"purchasable","19":"product-type-simple"},"acf":[],"jetpack_sharing_enabled":true,"_links":{"self":[{"href":"https:\/\/cndestetik.ch\/fr\/wp-json\/wp\/v2\/product\/38882","targetHints":{"allow":["GET"]}}],"collection":[{"href":"https:\/\/cndestetik.ch\/fr\/wp-json\/wp\/v2\/product"}],"about":[{"href":"https:\/\/cndestetik.ch\/fr\/wp-json\/wp\/v2\/types\/product"}],"wp:featuredmedia":[{"embeddable":true,"href":"https:\/\/cndestetik.ch\/fr\/wp-json\/wp\/v2\/media\/54421"}],"wp:attachment":[{"href":"https:\/\/cndestetik.ch\/fr\/wp-json\/wp\/v2\/media?parent=38882"}],"wp:term":[{"taxonomy":"product_brand","embeddable":true,"href":"https:\/\/cndestetik.ch\/fr\/wp-json\/wp\/v2\/product_brand?post=38882"},{"taxonomy":"product_cat","embeddable":true,"href":"https:\/\/cndestetik.ch\/fr\/wp-json\/wp\/v2\/product_cat?post=38882"},{"taxonomy":"product_tag","embeddable":true,"href":"https:\/\/cndestetik.ch\/fr\/wp-json\/wp\/v2\/product_tag?post=38882"}],"curies":[{"name":"wp","href":"https:\/\/api.w.org\/{rel}","templated":true}]}}