{"id":38816,"date":"2022-06-01T10:16:49","date_gmt":"2022-06-01T08:16:49","guid":{"rendered":"https:\/\/ticinoweb01.jcloud.ik-server.com\/cndestetik\/prodotto\/tondeuse-diavel\/"},"modified":"2022-11-15T15:45:25","modified_gmt":"2022-11-15T14:45:25","slug":"clipper-diavel","status":"publish","type":"product","link":"https:\/\/cndestetik.ch\/fr\/prodotto\/clipper-diavel\/","title":{"rendered":"Tondeuse Diavel"},"content":{"rendered":"<p><span data-sheets-value=\"{\"1\":2,\"2\":\"Tosatrice professionale ricaricabile che funziona con o senza cavo. Motore AC ad alta potenza. Batteria al litio a lunga durata ( 120 min.) con ricarica rapida (70 min.) Lame professionali in titanio e rivestimento diamantato di prima qualit\u00e0, con sistema di protezione della pelle. Il Kit include: custodia della lama, spazzolino, bottiglia di olio 10 cc, 5 pettini.\"}\" data-sheets-userformat=\"{\"2\":15297,\"3\":{\"1\":0},\"9\":0,\"10\":2,\"11\":0,\"12\":0,\"14\":{\"1\":2,\"2\":0},\"15\":\"Calibri\",\"16\":11}\">Tondeuse professionnelle rechargeable qui fonctionne avec ou sans c\u00e2ble. Moteur \u00e0 courant alternatif de grande puissance. Batterie lithium longue dur\u00e9e (120 min.) avec charge rapide (70 min.) Lames professionnelles en titane et rev\u00eatement diamant de qualit\u00e9 sup\u00e9rieure, avec syst\u00e8me de protection de la peau. Le kit comprend : un \u00e9tui \u00e0 lames, une brosse, une bouteille d&#8217;huile de 10 cc, 5 peignes.<\/span><\/p>\n","protected":false},"excerpt":{"rendered":"<p><span data-sheets-value=\"{\"1\":2,\"2\":\"Tosatrice professionale ricaricabile che funziona con o senza cavo. Motore AC ad alta potenza. Batteria al litio a lunga durata ( 120 min.) con ricarica rapida (70 min.) Lame professionali in titanio e rivestimento diamantato di prima qualit\u00e0, con sistema di protezione della pelle. Il Kit include: custodia della lama, spazzolino, bottiglia di olio 10 cc, 5 pettini.\"}\" data-sheets-userformat=\"{\"2\":15297,\"3\":{\"1\":0},\"9\":0,\"10\":2,\"11\":0,\"12\":0,\"14\":{\"1\":2,\"2\":0},\"15\":\"Calibri\",\"16\":11}\">Tondeuse professionnelle rechargeable avec des lames en titane et un rev\u00eatement en diamant de qualit\u00e9 sup\u00e9rieure.<\/span><\/p>\n","protected":false},"featured_media":46889,"template":"","meta":{"_acf_changed":false},"product_brand":[],"product_cat":[1296],"product_tag":[1304],"class_list":{"0":"post-38816","1":"product","2":"type-product","3":"status-publish","4":"has-post-thumbnail","6":"product_cat-equipement","7":"product_tag-clipper-fr","9":"first","10":"instock","11":"taxable","12":"shipping-taxable","13":"purchasable","14":"product-type-simple"},"acf":[],"jetpack_sharing_enabled":true,"_links":{"self":[{"href":"https:\/\/cndestetik.ch\/fr\/wp-json\/wp\/v2\/product\/38816","targetHints":{"allow":["GET"]}}],"collection":[{"href":"https:\/\/cndestetik.ch\/fr\/wp-json\/wp\/v2\/product"}],"about":[{"href":"https:\/\/cndestetik.ch\/fr\/wp-json\/wp\/v2\/types\/product"}],"wp:featuredmedia":[{"embeddable":true,"href":"https:\/\/cndestetik.ch\/fr\/wp-json\/wp\/v2\/media\/46889"}],"wp:attachment":[{"href":"https:\/\/cndestetik.ch\/fr\/wp-json\/wp\/v2\/media?parent=38816"}],"wp:term":[{"taxonomy":"product_brand","embeddable":true,"href":"https:\/\/cndestetik.ch\/fr\/wp-json\/wp\/v2\/product_brand?post=38816"},{"taxonomy":"product_cat","embeddable":true,"href":"https:\/\/cndestetik.ch\/fr\/wp-json\/wp\/v2\/product_cat?post=38816"},{"taxonomy":"product_tag","embeddable":true,"href":"https:\/\/cndestetik.ch\/fr\/wp-json\/wp\/v2\/product_tag?post=38816"}],"curies":[{"name":"wp","href":"https:\/\/api.w.org\/{rel}","templated":true}]}}