{"id":38789,"date":"2022-06-01T09:35:01","date_gmt":"2022-06-01T07:35:01","guid":{"rendered":"https:\/\/ticinoweb01.jcloud.ik-server.com\/cndestetik\/prodotto\/ultrasound-gel-transp-5-lt\/"},"modified":"2024-05-21T09:57:52","modified_gmt":"2024-05-21T07:57:52","slug":"gel-ultrasons","status":"publish","type":"product","link":"https:\/\/cndestetik.ch\/fr\/prodotto\/gel-ultrasons\/","title":{"rendered":"Gel conducteur transparent"},"content":{"rendered":"<p><span data-sheets-value=\"{\"1\":2,\"2\":\"Questo gel trasparente per ecografia (ECO), ultrasuoni, laser e cavitazioni \u00e8 un prodotto di alta qualit\u00e0 con eccellenti caratteristiche di conducibilit\u00e0. Non irrita, \u00e8 idrosolubile, non contiene sali, non ossida, non contiene sostanze grasse, non lascia residui permanenti sulle sonde ed \u00e8 facilmente asportabile.\\n\\nAvvertenze:\\nSolo per uso esterno\\nNon usare per registrazioni elettrocardiografiche\\nNon applicare il gel sugli occhi o su cute che presenti irritazioni, abrasioni o ferite\"}\" data-sheets-userformat=\"{\"2\":15297,\"3\":{\"1\":0},\"9\":0,\"10\":2,\"11\":0,\"12\":0,\"14\":{\"1\":2,\"2\":0},\"15\":\"Calibri\",\"16\":11}\">Ce gel transparent pour ultrasons, laser et cavitation est un produit de haute qualit\u00e9 avec d&#8217;excellentes caract\u00e9ristiques de conductivit\u00e9. Il est non irritant, hydrosoluble, sans sel, non oxydant, sans graisse, ne laisse aucun r\u00e9sidu permanent sur les sondes et s&#8217;enl\u00e8ve facilement.<\/span><\/p>\n<p>Avertissements :<br \/>\nPour un usage ext\u00e9rieur uniquement<br \/>\nNe pas appliquer le gel sur les yeux ou sur une peau pr\u00e9sentant une irritation, une abrasion ou une plaie.<\/p>\n","protected":false},"excerpt":{"rendered":"<p>Gel pour ultrasons, <span data-sheets-value=\"{\"1\":2,\"2\":\"Questo gel trasparente per ecografia (ECO), ultrasuoni, laser e cavitazioni \u00e8 un prodotto di alta qualit\u00e0 con eccellenti caratteristiche di conducibilit\u00e0. Non irrita, \u00e8 idrosolubile, non contiene sali, non ossida, non contiene sostanze grasse, non lascia residui permanenti sulle sonde ed \u00e8 facilmente asportabile.\\n\\nAvvertenze:\\nSolo per uso esterno\\nNon usare per registrazioni elettrocardiografiche\\nNon applicare il gel sugli occhi o su cute che presenti irritazioni, abrasioni o ferite\"}\" data-sheets-userformat=\"{\"2\":15297,\"3\":{\"1\":0},\"9\":0,\"10\":2,\"11\":0,\"12\":0,\"14\":{\"1\":2,\"2\":0},\"15\":\"Calibri\",\"16\":11}\">laser et cavitations<\/span>.<\/p>\n","protected":false},"featured_media":39650,"template":"","meta":{"_acf_changed":false},"product_brand":[],"product_cat":[1628,11233,906],"product_tag":[1276,1691,1692,1370],"class_list":{"0":"post-38789","1":"product","2":"type-product","3":"status-publish","4":"has-post-thumbnail","6":"product_cat-12-epilation","7":"product_cat-physiotherapie","8":"product_cat-usage-unique","9":"product_tag-gel-a-ultrasons","10":"product_tag-gel-conducteur","11":"product_tag-gel-laser-fr","12":"product_tag-laser-fr","13":"pa_gel-1-carton-4-bidons","14":"pa_gel-3-cartons-12-bidons","15":"pa_gel-3-cartons-36-bidons-de-1-litre","16":"pa_gel-5-cartons-20-bidons","17":"pa_gel-gel-1-litre-bidon-unique","18":"pa_gel-gel-5-litres-reservoir-unique","20":"first","21":"instock","22":"sale","23":"taxable","24":"shipping-taxable","25":"purchasable","26":"product-type-variable"},"acf":[],"jetpack_sharing_enabled":true,"_links":{"self":[{"href":"https:\/\/cndestetik.ch\/fr\/wp-json\/wp\/v2\/product\/38789","targetHints":{"allow":["GET"]}}],"collection":[{"href":"https:\/\/cndestetik.ch\/fr\/wp-json\/wp\/v2\/product"}],"about":[{"href":"https:\/\/cndestetik.ch\/fr\/wp-json\/wp\/v2\/types\/product"}],"wp:featuredmedia":[{"embeddable":true,"href":"https:\/\/cndestetik.ch\/fr\/wp-json\/wp\/v2\/media\/39650"}],"wp:attachment":[{"href":"https:\/\/cndestetik.ch\/fr\/wp-json\/wp\/v2\/media?parent=38789"}],"wp:term":[{"taxonomy":"product_brand","embeddable":true,"href":"https:\/\/cndestetik.ch\/fr\/wp-json\/wp\/v2\/product_brand?post=38789"},{"taxonomy":"product_cat","embeddable":true,"href":"https:\/\/cndestetik.ch\/fr\/wp-json\/wp\/v2\/product_cat?post=38789"},{"taxonomy":"product_tag","embeddable":true,"href":"https:\/\/cndestetik.ch\/fr\/wp-json\/wp\/v2\/product_tag?post=38789"}],"curies":[{"name":"wp","href":"https:\/\/api.w.org\/{rel}","templated":true}]}}