{"id":38765,"date":"2022-06-01T09:16:33","date_gmt":"2022-06-01T07:16:33","guid":{"rendered":"https:\/\/ticinoweb01.jcloud.ik-server.com\/cndestetik\/prodotto\/feuilles-de-carton-180x200-cf-50-pcs\/"},"modified":"2022-11-15T15:45:25","modified_gmt":"2022-11-15T14:45:25","slug":"fogli-cartene-180x200","status":"publish","type":"product","link":"https:\/\/cndestetik.ch\/fr\/prodotto\/fogli-cartene-180x200\/","title":{"rendered":"Feuilles de carton 180&#215;200"},"content":{"rendered":"<p><span data-sheets-value=\"{\"1\":2,\"2\":\"Beautene Fogli, polietilene alta densit\u00e0, fogli cm. 180x200, confezione da 50 pz.\"}\" data-sheets-userformat=\"{\"2\":15297,\"3\":{\"1\":0},\"9\":0,\"10\":2,\"11\":0,\"12\":0,\"14\":{\"1\":2,\"2\":0},\"15\":\"Calibri\",\"16\":11}\">Feuilles de Bautene, poly\u00e9thyl\u00e8ne haute densit\u00e9, feuilles de 180&#215;200 cm, paquet de 50 pi\u00e8ces.<\/span><\/p>\n","protected":false},"excerpt":{"rendered":"<p>Feuilles en  <span data-sheets-value=\"{\"1\":2,\"2\":\"Beautene Fogli, polietilene alta densit\u00e0, fogli cm. 180x200, confezione da 50 pz.\"}\" data-sheets-userformat=\"{\"2\":15297,\"3\":{\"1\":0},\"9\":0,\"10\":2,\"11\":0,\"12\":0,\"14\":{\"1\":2,\"2\":0},\"15\":\"Calibri\",\"16\":11}\">poly\u00e9thyl\u00e8ne en sac de 50. Taille 180&#215;200.<\/span><\/p>\n","protected":false},"featured_media":38762,"template":"","meta":{"_acf_changed":false},"product_brand":[],"product_cat":[906],"product_tag":[1711,941,1712,1248],"class_list":{"0":"post-38765","1":"product","2":"type-product","3":"status-publish","4":"has-post-thumbnail","6":"product_cat-usage-unique","7":"product_tag-boue","8":"product_tag-cartene-fr","9":"product_tag-feuilles","10":"product_tag-polyethylene-fr","12":"first","13":"instock","14":"taxable","15":"shipping-taxable","16":"purchasable","17":"product-type-simple"},"acf":[],"jetpack_sharing_enabled":true,"_links":{"self":[{"href":"https:\/\/cndestetik.ch\/fr\/wp-json\/wp\/v2\/product\/38765","targetHints":{"allow":["GET"]}}],"collection":[{"href":"https:\/\/cndestetik.ch\/fr\/wp-json\/wp\/v2\/product"}],"about":[{"href":"https:\/\/cndestetik.ch\/fr\/wp-json\/wp\/v2\/types\/product"}],"wp:featuredmedia":[{"embeddable":true,"href":"https:\/\/cndestetik.ch\/fr\/wp-json\/wp\/v2\/media\/38762"}],"wp:attachment":[{"href":"https:\/\/cndestetik.ch\/fr\/wp-json\/wp\/v2\/media?parent=38765"}],"wp:term":[{"taxonomy":"product_brand","embeddable":true,"href":"https:\/\/cndestetik.ch\/fr\/wp-json\/wp\/v2\/product_brand?post=38765"},{"taxonomy":"product_cat","embeddable":true,"href":"https:\/\/cndestetik.ch\/fr\/wp-json\/wp\/v2\/product_cat?post=38765"},{"taxonomy":"product_tag","embeddable":true,"href":"https:\/\/cndestetik.ch\/fr\/wp-json\/wp\/v2\/product_tag?post=38765"}],"curies":[{"name":"wp","href":"https:\/\/api.w.org\/{rel}","templated":true}]}}