{"id":38726,"date":"2022-05-31T16:52:36","date_gmt":"2022-05-31T14:52:36","guid":{"rendered":"https:\/\/ticinoweb01.jcloud.ik-server.com\/cndestetik\/prodotto\/gants-en-nitrile-bleu-clair-mis-xl-pcs-100\/"},"modified":"2024-05-21T09:59:35","modified_gmt":"2024-05-21T07:59:35","slug":"gants-en-nitrile-bleu-pcs-100","status":"publish","type":"product","link":"https:\/\/cndestetik.ch\/fr\/prodotto\/gants-en-nitrile-bleu-pcs-100\/","title":{"rendered":"Gants en nitrile bleu clair"},"content":{"rendered":"<p>Gants en nitrile, bleu clair, de haute qualit\u00e9. Bo\u00eete de 100 pi\u00e8ces.<\/p>\n","protected":false},"excerpt":{"rendered":"<p>Gants en nitrile bleu clair, bo\u00eete de 100pcs.<\/p>\n","protected":false},"featured_media":38723,"template":"","meta":{"_acf_changed":false},"product_brand":[],"product_cat":[1208,11231],"product_tag":[1209,1210,1211,1212],"class_list":{"0":"post-38726","1":"product","2":"type-product","3":"status-publish","4":"has-post-thumbnail","6":"product_cat-hygiene-et-securite","7":"product_cat-tatuateurs","8":"product_tag-gants","9":"product_tag-gants-en-nitrile","10":"product_tag-gants-en-nitrile-fr","11":"product_tag-nitrile-fr","12":"pa_taglia-10-paquets-m","13":"pa_taglia-10-paquets-xl","14":"pa_taglia-10-s-packages","15":"pa_taglia-20-m-packages","16":"pa_taglia-20-paquets-xl","17":"pa_taglia-20-s-packages","18":"pa_taglia-30-m-packages","19":"pa_taglia-30-s-packages","20":"pa_taglia-paquets-de-10-l","21":"pa_taglia-paquets-de-20-l","22":"pa_taglia-paquets-de-30-l","23":"pa_taglia-taille-l","24":"pa_taglia-taille-m","25":"pa_taglia-taille-s","26":"pa_taglia-taille-xl","28":"first","29":"instock","30":"taxable","31":"shipping-taxable","32":"purchasable","33":"product-type-variable"},"acf":[],"jetpack_sharing_enabled":true,"_links":{"self":[{"href":"https:\/\/cndestetik.ch\/fr\/wp-json\/wp\/v2\/product\/38726","targetHints":{"allow":["GET"]}}],"collection":[{"href":"https:\/\/cndestetik.ch\/fr\/wp-json\/wp\/v2\/product"}],"about":[{"href":"https:\/\/cndestetik.ch\/fr\/wp-json\/wp\/v2\/types\/product"}],"wp:featuredmedia":[{"embeddable":true,"href":"https:\/\/cndestetik.ch\/fr\/wp-json\/wp\/v2\/media\/38723"}],"wp:attachment":[{"href":"https:\/\/cndestetik.ch\/fr\/wp-json\/wp\/v2\/media?parent=38726"}],"wp:term":[{"taxonomy":"product_brand","embeddable":true,"href":"https:\/\/cndestetik.ch\/fr\/wp-json\/wp\/v2\/product_brand?post=38726"},{"taxonomy":"product_cat","embeddable":true,"href":"https:\/\/cndestetik.ch\/fr\/wp-json\/wp\/v2\/product_cat?post=38726"},{"taxonomy":"product_tag","embeddable":true,"href":"https:\/\/cndestetik.ch\/fr\/wp-json\/wp\/v2\/product_tag?post=38726"}],"curies":[{"name":"wp","href":"https:\/\/api.w.org\/{rel}","templated":true}]}}