{"id":38654,"date":"2022-05-31T15:38:31","date_gmt":"2022-05-31T13:38:31","guid":{"rendered":"https:\/\/ticinoweb01.jcloud.ik-server.com\/cndestetik\/prodotto\/ciseau-a-bois-no-2-boite-de-20-pieces\/"},"modified":"2022-05-31T15:38:31","modified_gmt":"2022-05-31T13:38:31","slug":"sgorbia-n-2-box-da-20-pz-2","status":"publish","type":"product","link":"https:\/\/cndestetik.ch\/fr\/prodotto\/sgorbia-n-2-box-da-20-pz-2\/","title":{"rendered":"Ciseau \u00e0 bois No. 2 Bo\u00eete de 20 pi\u00e8ces."},"content":{"rendered":"<p><span data-sheets-value=\"{\"1\":2,\"2\":\"Lame monouso sterilizzate in acciaio inox. Misura 2 mm. confezione da 20 pz.\"}\" data-sheets-userformat=\"{\"2\":15297,\"3\":{\"1\":0},\"9\":0,\"10\":2,\"11\":0,\"12\":0,\"14\":{\"1\":2,\"2\":0},\"15\":\"Calibri\",\"16\":11}\">Lames jetables st\u00e9rilis\u00e9es en acier inoxydable. Taille 2 mm. paquet de 20 pi\u00e8ces.<\/span><\/p>\n","protected":false},"excerpt":{"rendered":"<p><span data-sheets-value=\"{\"1\":2,\"2\":\"Lame monouso sterilizzate in acciaio inox. Misura 2 mm. confezione da 20 pz.\"}\" data-sheets-userformat=\"{\"2\":15297,\"3\":{\"1\":0},\"9\":0,\"10\":2,\"11\":0,\"12\":0,\"14\":{\"1\":2,\"2\":0},\"15\":\"Calibri\",\"16\":11}\">Lames st\u00e9rilis\u00e9es jetables pour gouge de 2 mm.<\/span><\/p>\n","protected":false},"featured_media":38646,"template":"","meta":{"_acf_changed":false},"product_brand":[],"product_cat":[906],"product_tag":[1115,1108,1107],"class_list":{"0":"post-38654","1":"product","2":"type-product","3":"status-publish","4":"has-post-thumbnail","6":"product_cat-usage-unique","7":"product_tag-2mm-fr","8":"product_tag-gouge-fr","9":"product_tag-lame","11":"first","12":"outofstock","13":"taxable","14":"shipping-taxable","15":"purchasable","16":"product-type-simple"},"acf":[],"jetpack_sharing_enabled":true,"_links":{"self":[{"href":"https:\/\/cndestetik.ch\/fr\/wp-json\/wp\/v2\/product\/38654","targetHints":{"allow":["GET"]}}],"collection":[{"href":"https:\/\/cndestetik.ch\/fr\/wp-json\/wp\/v2\/product"}],"about":[{"href":"https:\/\/cndestetik.ch\/fr\/wp-json\/wp\/v2\/types\/product"}],"wp:featuredmedia":[{"embeddable":true,"href":"https:\/\/cndestetik.ch\/fr\/wp-json\/wp\/v2\/media\/38646"}],"wp:attachment":[{"href":"https:\/\/cndestetik.ch\/fr\/wp-json\/wp\/v2\/media?parent=38654"}],"wp:term":[{"taxonomy":"product_brand","embeddable":true,"href":"https:\/\/cndestetik.ch\/fr\/wp-json\/wp\/v2\/product_brand?post=38654"},{"taxonomy":"product_cat","embeddable":true,"href":"https:\/\/cndestetik.ch\/fr\/wp-json\/wp\/v2\/product_cat?post=38654"},{"taxonomy":"product_tag","embeddable":true,"href":"https:\/\/cndestetik.ch\/fr\/wp-json\/wp\/v2\/product_tag?post=38654"}],"curies":[{"name":"wp","href":"https:\/\/api.w.org\/{rel}","templated":true}]}}