{"id":38649,"date":"2022-05-31T15:35:46","date_gmt":"2022-05-31T13:35:46","guid":{"rendered":"https:\/\/ticinoweb01.jcloud.ik-server.com\/cndestetik\/prodotto\/ciseau-a-bois-no-6-boite-de-20-pieces\/"},"modified":"2022-05-31T15:35:46","modified_gmt":"2022-05-31T13:35:46","slug":"sgorbia-n-6-box-da-20-pz-2","status":"publish","type":"product","link":"https:\/\/cndestetik.ch\/fr\/prodotto\/sgorbia-n-6-box-da-20-pz-2\/","title":{"rendered":"Ciseau \u00e0 bois No. 6 Bo\u00eete de 20 pi\u00e8ces."},"content":{"rendered":"<p><span data-sheets-value=\"{\"1\":2,\"2\":\"Lame monouso sterilizzate in acciaio inox. Misura 6 mm. confezione da 20 pz.\"}\" data-sheets-userformat=\"{\"2\":15297,\"3\":{\"1\":0},\"9\":0,\"10\":2,\"11\":0,\"12\":0,\"14\":{\"1\":2,\"2\":0},\"15\":\"Calibri\",\"16\":11}\">Lames jetables st\u00e9rilis\u00e9es en acier inoxydable. Taille 6 mm. Paquet de 20 pi\u00e8ces.<\/span><\/p>\n","protected":false},"excerpt":{"rendered":"<p><span data-sheets-value=\"{\"1\":2,\"2\":\"Lame monouso sterilizzate in acciaio inox. Misura 6 mm. confezione da 20 pz.\"}\" data-sheets-userformat=\"{\"2\":15297,\"3\":{\"1\":0},\"9\":0,\"10\":2,\"11\":0,\"12\":0,\"14\":{\"1\":2,\"2\":0},\"15\":\"Calibri\",\"16\":11}\">Lames st\u00e9rilis\u00e9es jetables pour gouge de 6 mm.<\/span><\/p>\n","protected":false},"featured_media":38646,"template":"","meta":{"_acf_changed":false},"product_brand":[],"product_cat":[906],"product_tag":[1103,1105,1108,1107],"class_list":{"0":"post-38649","1":"product","2":"type-product","3":"status-publish","4":"has-post-thumbnail","6":"product_cat-usage-unique","7":"product_tag-6-mm","8":"product_tag-6mm-fr","9":"product_tag-gouge-fr","10":"product_tag-lame","12":"first","13":"outofstock","14":"taxable","15":"shipping-taxable","16":"purchasable","17":"product-type-simple"},"acf":[],"jetpack_sharing_enabled":true,"_links":{"self":[{"href":"https:\/\/cndestetik.ch\/fr\/wp-json\/wp\/v2\/product\/38649","targetHints":{"allow":["GET"]}}],"collection":[{"href":"https:\/\/cndestetik.ch\/fr\/wp-json\/wp\/v2\/product"}],"about":[{"href":"https:\/\/cndestetik.ch\/fr\/wp-json\/wp\/v2\/types\/product"}],"wp:featuredmedia":[{"embeddable":true,"href":"https:\/\/cndestetik.ch\/fr\/wp-json\/wp\/v2\/media\/38646"}],"wp:attachment":[{"href":"https:\/\/cndestetik.ch\/fr\/wp-json\/wp\/v2\/media?parent=38649"}],"wp:term":[{"taxonomy":"product_brand","embeddable":true,"href":"https:\/\/cndestetik.ch\/fr\/wp-json\/wp\/v2\/product_brand?post=38649"},{"taxonomy":"product_cat","embeddable":true,"href":"https:\/\/cndestetik.ch\/fr\/wp-json\/wp\/v2\/product_cat?post=38649"},{"taxonomy":"product_tag","embeddable":true,"href":"https:\/\/cndestetik.ch\/fr\/wp-json\/wp\/v2\/product_tag?post=38649"}],"curies":[{"name":"wp","href":"https:\/\/api.w.org\/{rel}","templated":true}]}}