{"id":38590,"date":"2022-05-31T14:38:46","date_gmt":"2022-05-31T12:38:46","guid":{"rendered":"https:\/\/ticinoweb01.jcloud.ik-server.com\/cndestetik\/prodotto\/distributeur-de-papier-hygienique-mini-jumbo\/"},"modified":"2023-04-19T13:22:35","modified_gmt":"2023-04-19T11:22:35","slug":"distributeur-de-papier-hygienique-j18","status":"publish","type":"product","link":"https:\/\/cndestetik.ch\/fr\/prodotto\/distributeur-de-papier-hygienique-j18\/","title":{"rendered":"Distributeur de papier hygi\u00e9nique J18"},"content":{"rendered":"<p><span data-sheets-value=\"{\"1\":2,\"2\":\"DISPENSER VELO IDENTITY MINI JUMBO TOILET\\nCARATTERISTICHE TECNICHE\\n\u00b7 Ideale per ambienti a media affluenza\\n\u00b7 Compatibile con la gamma completa di carte igieniche Mini Jumbo\\n\u00b7 Chiusura con chiave\\n\u00b7 Misure: 256x280x127 mm\"}\" data-sheets-userformat=\"{\"2\":15297,\"3\":{\"1\":0},\"9\":0,\"10\":2,\"11\":0,\"12\":0,\"14\":{\"1\":2,\"2\":0},\"15\":\"Calibri\",\"16\":11}\">DISTRIBUTEUR POUR TOILETTES VELO IDENTITY MINI JUMBO<br \/>\nCARACT\u00c9RISTIQUES TECHNIQUES<br \/>\n&#8211; Id\u00e9al pour les environnements \u00e0 fr\u00e9quentation moyenne<br \/>\n&#8211; Compatible avec la gamme compl\u00e8te de papiers hygi\u00e9niques Mini Jumbo<br \/>\n&#8211; Serrure \u00e0 cl\u00e9<br \/>\n&#8211; Dimensions : 256x280x127 mm<\/span><\/p>\n","protected":false},"excerpt":{"rendered":"<p>Distributeur de papier hygi\u00e9nique, compatible avec les rouleaux Mini Jumbo.<\/p>\n","protected":false},"featured_media":38588,"template":"","meta":{"_acf_changed":false},"product_brand":[],"product_cat":[1208,11233],"product_tag":[1055,1062,1818],"class_list":{"0":"post-38590","1":"product","2":"type-product","3":"status-publish","4":"has-post-thumbnail","6":"product_cat-hygiene-et-securite","7":"product_cat-physiotherapie","8":"product_tag-distributeur","9":"product_tag-papier-toilette","10":"product_tag-salle-de-bains","12":"first","13":"instock","14":"taxable","15":"shipping-taxable","16":"purchasable","17":"product-type-simple"},"acf":[],"jetpack_sharing_enabled":true,"_links":{"self":[{"href":"https:\/\/cndestetik.ch\/fr\/wp-json\/wp\/v2\/product\/38590","targetHints":{"allow":["GET"]}}],"collection":[{"href":"https:\/\/cndestetik.ch\/fr\/wp-json\/wp\/v2\/product"}],"about":[{"href":"https:\/\/cndestetik.ch\/fr\/wp-json\/wp\/v2\/types\/product"}],"wp:featuredmedia":[{"embeddable":true,"href":"https:\/\/cndestetik.ch\/fr\/wp-json\/wp\/v2\/media\/38588"}],"wp:attachment":[{"href":"https:\/\/cndestetik.ch\/fr\/wp-json\/wp\/v2\/media?parent=38590"}],"wp:term":[{"taxonomy":"product_brand","embeddable":true,"href":"https:\/\/cndestetik.ch\/fr\/wp-json\/wp\/v2\/product_brand?post=38590"},{"taxonomy":"product_cat","embeddable":true,"href":"https:\/\/cndestetik.ch\/fr\/wp-json\/wp\/v2\/product_cat?post=38590"},{"taxonomy":"product_tag","embeddable":true,"href":"https:\/\/cndestetik.ch\/fr\/wp-json\/wp\/v2\/product_tag?post=38590"}],"curies":[{"name":"wp","href":"https:\/\/api.w.org\/{rel}","templated":true}]}}