{"id":38573,"date":"2022-05-31T14:24:37","date_gmt":"2022-05-31T12:24:37","guid":{"rendered":"https:\/\/ticinoweb01.jcloud.ik-server.com\/cndestetik\/prodotto\/pe-hd-bautene-cf-25-pcs\/"},"modified":"2024-08-07T09:19:14","modified_gmt":"2024-08-07T07:19:14","slug":"pantalon-pe-hd","status":"publish","type":"product","link":"https:\/\/cndestetik.ch\/fr\/prodotto\/pantalon-pe-hd\/","title":{"rendered":"Pantalon en cart\u00e8ne PE-HD"},"content":{"rendered":"<p><span data-sheets-value=\"{\"1\":2,\"2\":\"Pantalone in Beautene, polietilene alta densit\u00e0, conf. da 25 pz.\"}\" data-sheets-userformat=\"{\"2\":15297,\"3\":{\"1\":0},\"9\":0,\"10\":2,\"11\":0,\"12\":0,\"14\":{\"1\":2,\"2\":0},\"15\":\"Calibri\",\"16\":11}\">Pantalon Beautene, poly\u00e9thyl\u00e8ne haute densit\u00e9, paquet de 25 pi\u00e8ces.<\/span><\/p>\n","protected":false},"excerpt":{"rendered":"<p>Pantalon en baut\u00e8ne, paquet de 25.<\/p>\n","protected":false},"featured_media":38569,"template":"","meta":{"_acf_changed":false},"product_brand":[],"product_cat":[906],"product_tag":[941,1049,1840],"class_list":{"0":"post-38573","1":"product","2":"type-product","3":"status-publish","4":"has-post-thumbnail","6":"product_cat-usage-unique","7":"product_tag-cartene-fr","8":"product_tag-pantalon","9":"product_tag-traitements-corporels","11":"first","12":"instock","13":"taxable","14":"shipping-taxable","15":"purchasable","16":"product-type-simple"},"acf":[],"jetpack_sharing_enabled":true,"_links":{"self":[{"href":"https:\/\/cndestetik.ch\/fr\/wp-json\/wp\/v2\/product\/38573","targetHints":{"allow":["GET"]}}],"collection":[{"href":"https:\/\/cndestetik.ch\/fr\/wp-json\/wp\/v2\/product"}],"about":[{"href":"https:\/\/cndestetik.ch\/fr\/wp-json\/wp\/v2\/types\/product"}],"wp:featuredmedia":[{"embeddable":true,"href":"https:\/\/cndestetik.ch\/fr\/wp-json\/wp\/v2\/media\/38569"}],"wp:attachment":[{"href":"https:\/\/cndestetik.ch\/fr\/wp-json\/wp\/v2\/media?parent=38573"}],"wp:term":[{"taxonomy":"product_brand","embeddable":true,"href":"https:\/\/cndestetik.ch\/fr\/wp-json\/wp\/v2\/product_brand?post=38573"},{"taxonomy":"product_cat","embeddable":true,"href":"https:\/\/cndestetik.ch\/fr\/wp-json\/wp\/v2\/product_cat?post=38573"},{"taxonomy":"product_tag","embeddable":true,"href":"https:\/\/cndestetik.ch\/fr\/wp-json\/wp\/v2\/product_tag?post=38573"}],"curies":[{"name":"wp","href":"https:\/\/api.w.org\/{rel}","templated":true}]}}