{"id":38545,"date":"2022-05-31T14:04:24","date_gmt":"2022-05-31T12:04:24","guid":{"rendered":"https:\/\/ticinoweb01.jcloud.ik-server.com\/cndestetik\/prodotto\/serviettes-de-toilette-deink-z\/"},"modified":"2023-04-19T13:26:08","modified_gmt":"2023-04-19T11:26:08","slug":"serviettes-recyclees-a-2-feuilles","status":"publish","type":"product","link":"https:\/\/cndestetik.ch\/fr\/prodotto\/serviettes-recyclees-a-2-feuilles\/","title":{"rendered":"Serviettes recycl\u00e9es \u00e0 2 \u00e9paisseurs"},"content":{"rendered":"<p><span data-sheets-value=\"{\"1\":2,\"2\":\"I prodotti Velo Deink sono realizzati con una selezione di 100% carta riciclata e rigenerata attraverso un processo produttivo che non prevedel'utilizzo di sostanze dannose per l'uomo e per l'ambiente. Tuttii prodotti della linea Velo Deink sono certificati ECOLABEL. ASCIUGAMANI PIEGA Z VELO DEINK AZ 220PZ X 18CF X CT\"}\" data-sheets-userformat=\"{\"2\":15297,\"3\":{\"1\":0},\"9\":0,\"10\":2,\"11\":0,\"12\":0,\"14\":{\"1\":2,\"2\":0},\"15\":\"Calibri\",\"16\":11}\">Les produits Velo Deink sont fabriqu\u00e9s \u00e0 partir d&#8217;une s\u00e9lection de papier 100% recycl\u00e9 et r\u00e9g\u00e9n\u00e9r\u00e9, selon un processus de production qui n&#8217;implique pas l&#8217;utilisation de substances nocives pour l&#8217;homme et l&#8217;environnement. Tous les produits de la ligne Velo Deink sont certifi\u00e9s ECOLABEL. Velo Deink serviettes pliage en Z AZ  <\/span><\/p>\n<p><span data-sheets-value=\"{\"1\":2,\"2\":\"I prodotti Velo Deink sono realizzati con una selezione di 100% carta riciclata e rigenerata attraverso un processo produttivo che non prevedel'utilizzo di sostanze dannose per l'uomo e per l'ambiente. Tuttii prodotti della linea Velo Deink sono certificati ECOLABEL. ASCIUGAMANI PIEGA Z VELO DEINK AZ 220PZ X 18CF X CT\"}\" data-sheets-userformat=\"{\"2\":15297,\"3\":{\"1\":0},\"9\":0,\"10\":2,\"11\":0,\"12\":0,\"14\":{\"1\":2,\"2\":0},\"15\":\"Calibri\",\"16\":11}\">220 pi\u00e8ces X 18 paquets par carton<\/span><\/p>\n","protected":false},"excerpt":{"rendered":"<p>Serviettes d\u00e9sencr\u00e9es en carton de 220 pi\u00e8ces r\u00e9parties en 18 paquets.<\/p>\n","protected":false},"featured_media":38542,"template":"","meta":{"_acf_changed":false},"product_brand":[],"product_cat":[1208,11233,11231],"product_tag":[1035,1818,1004],"class_list":{"0":"post-38545","1":"product","2":"type-product","3":"status-publish","4":"has-post-thumbnail","6":"product_cat-hygiene-et-securite","7":"product_cat-physiotherapie","8":"product_cat-tatuateurs","9":"product_tag-az-fr","10":"product_tag-salle-de-bains","11":"product_tag-serviettes","13":"first","14":"instock","15":"taxable","16":"shipping-taxable","17":"purchasable","18":"product-type-simple"},"acf":[],"jetpack_sharing_enabled":true,"_links":{"self":[{"href":"https:\/\/cndestetik.ch\/fr\/wp-json\/wp\/v2\/product\/38545","targetHints":{"allow":["GET"]}}],"collection":[{"href":"https:\/\/cndestetik.ch\/fr\/wp-json\/wp\/v2\/product"}],"about":[{"href":"https:\/\/cndestetik.ch\/fr\/wp-json\/wp\/v2\/types\/product"}],"wp:featuredmedia":[{"embeddable":true,"href":"https:\/\/cndestetik.ch\/fr\/wp-json\/wp\/v2\/media\/38542"}],"wp:attachment":[{"href":"https:\/\/cndestetik.ch\/fr\/wp-json\/wp\/v2\/media?parent=38545"}],"wp:term":[{"taxonomy":"product_brand","embeddable":true,"href":"https:\/\/cndestetik.ch\/fr\/wp-json\/wp\/v2\/product_brand?post=38545"},{"taxonomy":"product_cat","embeddable":true,"href":"https:\/\/cndestetik.ch\/fr\/wp-json\/wp\/v2\/product_cat?post=38545"},{"taxonomy":"product_tag","embeddable":true,"href":"https:\/\/cndestetik.ch\/fr\/wp-json\/wp\/v2\/product_tag?post=38545"}],"curies":[{"name":"wp","href":"https:\/\/api.w.org\/{rel}","templated":true}]}}