{"id":38516,"date":"2022-05-31T13:38:41","date_gmt":"2022-05-31T11:38:41","guid":{"rendered":"https:\/\/ticinoweb01.jcloud.ik-server.com\/cndestetik\/prodotto\/casquette-tnt-legere-et-respirante-100-pcs-clip\/"},"modified":"2022-12-27T08:54:24","modified_gmt":"2022-12-27T07:54:24","slug":"cap-tnt-lightweight-breathable","status":"publish","type":"product","link":"https:\/\/cndestetik.ch\/fr\/prodotto\/cap-tnt-lightweight-breathable\/","title":{"rendered":"Casquette TNT respirante"},"content":{"rendered":"<p><span data-sheets-value=\"{\"1\":2,\"2\":\"Cuffia in tessuto non tessuto monouso, confezionata singolarmente.\\nConfezione da 100 pezzi.\"}\" data-sheets-userformat=\"{\"2\":15297,\"3\":{\"1\":0},\"9\":0,\"10\":2,\"11\":0,\"12\":0,\"14\":{\"1\":2,\"2\":0},\"15\":\"Calibri\",\"16\":11}\">Bouchon jetable l\u00e9ger en non-tiss\u00e9, emball\u00e9 individuellement.<br \/>\nPaquet de 100 pi\u00e8ces.<\/span><\/p>\n","protected":false},"excerpt":{"rendered":"<p>Bonnet de cheveux TNT, emball\u00e9 individuellement.<\/p>\n","protected":false},"featured_media":38513,"template":"","meta":{"_acf_changed":false},"product_brand":[],"product_cat":[906],"product_tag":[1019,1017,952],"class_list":{"0":"post-38516","1":"product","2":"type-product","3":"status-publish","4":"has-post-thumbnail","6":"product_cat-usage-unique","7":"product_tag-casque-decoute","8":"product_tag-cheveu","9":"product_tag-tnt-fr","11":"first","12":"instock","13":"taxable","14":"shipping-taxable","15":"purchasable","16":"product-type-simple"},"acf":[],"jetpack_sharing_enabled":true,"_links":{"self":[{"href":"https:\/\/cndestetik.ch\/fr\/wp-json\/wp\/v2\/product\/38516","targetHints":{"allow":["GET"]}}],"collection":[{"href":"https:\/\/cndestetik.ch\/fr\/wp-json\/wp\/v2\/product"}],"about":[{"href":"https:\/\/cndestetik.ch\/fr\/wp-json\/wp\/v2\/types\/product"}],"wp:featuredmedia":[{"embeddable":true,"href":"https:\/\/cndestetik.ch\/fr\/wp-json\/wp\/v2\/media\/38513"}],"wp:attachment":[{"href":"https:\/\/cndestetik.ch\/fr\/wp-json\/wp\/v2\/media?parent=38516"}],"wp:term":[{"taxonomy":"product_brand","embeddable":true,"href":"https:\/\/cndestetik.ch\/fr\/wp-json\/wp\/v2\/product_brand?post=38516"},{"taxonomy":"product_cat","embeddable":true,"href":"https:\/\/cndestetik.ch\/fr\/wp-json\/wp\/v2\/product_cat?post=38516"},{"taxonomy":"product_tag","embeddable":true,"href":"https:\/\/cndestetik.ch\/fr\/wp-json\/wp\/v2\/product_tag?post=38516"}],"curies":[{"name":"wp","href":"https:\/\/api.w.org\/{rel}","templated":true}]}}