{"id":38507,"date":"2022-05-31T13:31:25","date_gmt":"2022-05-31T11:31:25","guid":{"rendered":"https:\/\/ticinoweb01.jcloud.ik-server.com\/cndestetik\/prodotto\/tapis-circulaire-superlux-50pcs\/"},"modified":"2023-09-02T00:00:40","modified_gmt":"2023-09-01T22:00:40","slug":"mat-circulaire-superlux","status":"publish","type":"product","link":"https:\/\/cndestetik.ch\/fr\/prodotto\/mat-circulaire-superlux\/","title":{"rendered":"Tapis circulaire Superlux"},"content":{"rendered":"<p><span data-sheets-value=\"{\"1\":2,\"2\":\"Tappetino circolare superlux, alta assorbenza, grande spessore. Confezione da 50 pz.\"}\" data-sheets-userformat=\"{\"2\":15297,\"3\":{\"1\":0},\"9\":0,\"10\":2,\"11\":0,\"12\":0,\"14\":{\"1\":2,\"2\":0},\"15\":\"Calibri\",\"16\":11}\">Tapis circulaire Superlux, haute capacit\u00e9 d&#8217;absorption, grande \u00e9paisseur. Paquet de 50 pi\u00e8ces.<\/span><\/p>\n","protected":false},"excerpt":{"rendered":"<p>Tapis Superlux, paquet de 50.<\/p>\n","protected":false},"featured_media":38504,"template":"","meta":{"_acf_changed":false},"product_brand":[],"product_cat":[906],"product_tag":[1849,1853,1855],"class_list":{"0":"post-38507","1":"product","2":"type-product","3":"status-publish","4":"has-post-thumbnail","6":"product_cat-usage-unique","7":"product_tag-mat","8":"product_tag-tapis","9":"product_tag-tapis-jetable","10":"pa_pezzi-1-piece-fr","11":"pa_pezzi-2-pieces-fr","13":"first","14":"instock","15":"taxable","16":"shipping-taxable","17":"purchasable","18":"product-type-variable"},"acf":[],"jetpack_sharing_enabled":true,"_links":{"self":[{"href":"https:\/\/cndestetik.ch\/fr\/wp-json\/wp\/v2\/product\/38507","targetHints":{"allow":["GET"]}}],"collection":[{"href":"https:\/\/cndestetik.ch\/fr\/wp-json\/wp\/v2\/product"}],"about":[{"href":"https:\/\/cndestetik.ch\/fr\/wp-json\/wp\/v2\/types\/product"}],"wp:featuredmedia":[{"embeddable":true,"href":"https:\/\/cndestetik.ch\/fr\/wp-json\/wp\/v2\/media\/38504"}],"wp:attachment":[{"href":"https:\/\/cndestetik.ch\/fr\/wp-json\/wp\/v2\/media?parent=38507"}],"wp:term":[{"taxonomy":"product_brand","embeddable":true,"href":"https:\/\/cndestetik.ch\/fr\/wp-json\/wp\/v2\/product_brand?post=38507"},{"taxonomy":"product_cat","embeddable":true,"href":"https:\/\/cndestetik.ch\/fr\/wp-json\/wp\/v2\/product_cat?post=38507"},{"taxonomy":"product_tag","embeddable":true,"href":"https:\/\/cndestetik.ch\/fr\/wp-json\/wp\/v2\/product_tag?post=38507"}],"curies":[{"name":"wp","href":"https:\/\/api.w.org\/{rel}","templated":true}]}}