{"id":38493,"date":"2022-05-31T13:21:39","date_gmt":"2022-05-31T11:21:39","guid":{"rendered":"https:\/\/ticinoweb01.jcloud.ik-server.com\/cndestetik\/prodotto\/serviettes-naturelles-z-tissue-2-plis-pieces-3960\/"},"modified":"2023-04-19T13:26:07","modified_gmt":"2023-04-19T11:26:07","slug":"serviettes-naturelles-a-z-2-sheets","status":"publish","type":"product","link":"https:\/\/cndestetik.ch\/fr\/prodotto\/serviettes-naturelles-a-z-2-sheets\/","title":{"rendered":"Serviettes Z-Tissue naturelles \u00e0 2 \u00e9paisseurs"},"content":{"rendered":"<p><span data-sheets-value=\"{\"1\":2,\"2\":\"La carta di questi asciugamani viene prodotta dal riciclaggio di contenitori del latte, il colore marrone \u00e8 legato al materiale di queste scatole, il tetrapack.\\nIl Dispenser non \u00e8 incluso nel prezzo.\\nVELI 2 Veli Goffrato ed incollato\\nFOGLIETTO 23,5 x 23 cm.\\nCONFEZIONI 18 Pacchetti da 220 foglietti\\nCARTONE 3960 Foglietti a cartone.\"}\" data-sheets-userformat=\"{\"2\":15297,\"3\":{\"1\":0},\"9\":0,\"10\":2,\"11\":0,\"12\":0,\"14\":{\"1\":2,\"2\":0},\"15\":\"Calibri\",\"16\":11}\">Le papier de ces serviettes est produit en recyclant des bo\u00eetes de lait ; la couleur brune est li\u00e9e au mat\u00e9riau de ces bo\u00eetes, le tetrapack.<br \/>\nLe distributeur n&#8217;est pas inclus dans le prix.<br \/>\n2 plis Gaufr\u00e9 et coll\u00e9<br \/>\nFICHE 23,5 x 23 cm.<br \/>\nPAQUETS 18 Paquets de 220 d\u00e9pliants<br \/>\nCARTON 3960 Feuilles de carton.<\/span><\/p>\n","protected":false},"excerpt":{"rendered":"<p>Serviettes en papier recycl\u00e9, Distributeur non inclus.<\/p>\n","protected":false},"featured_media":53929,"template":"","meta":{"_acf_changed":false},"product_brand":[],"product_cat":[1208,11233,11231],"product_tag":[1865,1004],"class_list":{"0":"post-38493","1":"product","2":"type-product","3":"status-publish","4":"has-post-thumbnail","6":"product_cat-hygiene-et-securite","7":"product_cat-physiotherapie","8":"product_cat-tatuateurs","9":"product_tag-papier-recycle","10":"product_tag-serviettes","12":"first","13":"instock","14":"taxable","15":"shipping-taxable","16":"purchasable","17":"product-type-simple"},"acf":[],"jetpack_sharing_enabled":true,"_links":{"self":[{"href":"https:\/\/cndestetik.ch\/fr\/wp-json\/wp\/v2\/product\/38493","targetHints":{"allow":["GET"]}}],"collection":[{"href":"https:\/\/cndestetik.ch\/fr\/wp-json\/wp\/v2\/product"}],"about":[{"href":"https:\/\/cndestetik.ch\/fr\/wp-json\/wp\/v2\/types\/product"}],"wp:featuredmedia":[{"embeddable":true,"href":"https:\/\/cndestetik.ch\/fr\/wp-json\/wp\/v2\/media\/53929"}],"wp:attachment":[{"href":"https:\/\/cndestetik.ch\/fr\/wp-json\/wp\/v2\/media?parent=38493"}],"wp:term":[{"taxonomy":"product_brand","embeddable":true,"href":"https:\/\/cndestetik.ch\/fr\/wp-json\/wp\/v2\/product_brand?post=38493"},{"taxonomy":"product_cat","embeddable":true,"href":"https:\/\/cndestetik.ch\/fr\/wp-json\/wp\/v2\/product_cat?post=38493"},{"taxonomy":"product_tag","embeddable":true,"href":"https:\/\/cndestetik.ch\/fr\/wp-json\/wp\/v2\/product_tag?post=38493"}],"curies":[{"name":"wp","href":"https:\/\/api.w.org\/{rel}","templated":true}]}}