{"id":38434,"date":"2022-05-31T11:35:25","date_gmt":"2022-05-31T09:35:25","guid":{"rendered":"https:\/\/ticinoweb01.jcloud.ik-server.com\/cndestetik\/prodotto\/couvre-chaussures-en-polyethylene-avec-adhesif-double-face-100-pcs\/"},"modified":"2022-11-15T15:42:32","modified_gmt":"2022-11-15T14:42:32","slug":"couvre-chaussures-en-polyethylene-avec-biadhesif","status":"publish","type":"product","link":"https:\/\/cndestetik.ch\/fr\/prodotto\/couvre-chaussures-en-polyethylene-avec-biadhesif\/","title":{"rendered":"Couvre-chaussures en poly\u00e9thyl\u00e8ne avec ruban adh\u00e9sif double face"},"content":{"rendered":"<p><span data-sheets-value=\"{\"1\":2,\"2\":\"Copriscarpa componibile in polietilene con biadesivo utile per adattarlo perfettamente al piede. Confezione da 100 pz.\"}\" data-sheets-userformat=\"{\"2\":15297,\"3\":{\"1\":0},\"9\":0,\"10\":2,\"11\":0,\"12\":0,\"14\":{\"1\":2,\"2\":0},\"15\":\"Calibri\",\"16\":11}\">Couvre-chaussures modulaire en poly\u00e9thyl\u00e8ne avec bande adh\u00e9sive double face pour s&#8217;adapter parfaitement au pied. Paquet de 100 pi\u00e8ces.<\/span><\/p>\n","protected":false},"excerpt":{"rendered":"<p>Lot de 100 couvre-chaussures avec ruban adh\u00e9sif double-face.<\/p>\n","protected":false},"featured_media":0,"template":"","meta":{"_acf_changed":false},"product_brand":[],"product_cat":[8512,906],"product_tag":[968,969],"class_list":{"0":"post-38434","1":"product","2":"type-product","3":"status-publish","5":"product_cat-dernieres-pieces","6":"product_cat-usage-unique","7":"product_tag-couvre-chaussure","8":"product_tag-securite","10":"first","11":"instock","12":"sale","13":"taxable","14":"shipping-taxable","15":"purchasable","16":"product-type-simple"},"acf":[],"jetpack_sharing_enabled":true,"_links":{"self":[{"href":"https:\/\/cndestetik.ch\/fr\/wp-json\/wp\/v2\/product\/38434","targetHints":{"allow":["GET"]}}],"collection":[{"href":"https:\/\/cndestetik.ch\/fr\/wp-json\/wp\/v2\/product"}],"about":[{"href":"https:\/\/cndestetik.ch\/fr\/wp-json\/wp\/v2\/types\/product"}],"wp:attachment":[{"href":"https:\/\/cndestetik.ch\/fr\/wp-json\/wp\/v2\/media?parent=38434"}],"wp:term":[{"taxonomy":"product_brand","embeddable":true,"href":"https:\/\/cndestetik.ch\/fr\/wp-json\/wp\/v2\/product_brand?post=38434"},{"taxonomy":"product_cat","embeddable":true,"href":"https:\/\/cndestetik.ch\/fr\/wp-json\/wp\/v2\/product_cat?post=38434"},{"taxonomy":"product_tag","embeddable":true,"href":"https:\/\/cndestetik.ch\/fr\/wp-json\/wp\/v2\/product_tag?post=38434"}],"curies":[{"name":"wp","href":"https:\/\/api.w.org\/{rel}","templated":true}]}}