{"id":38411,"date":"2022-05-31T11:16:04","date_gmt":"2022-05-31T09:16:04","guid":{"rendered":"https:\/\/ticinoweb01.jcloud.ik-server.com\/cndestetik\/prodotto\/serviette-de-douche-absorbante-tnt-spunlace-100x150cm-50-pieces\/"},"modified":"2022-11-15T15:42:27","modified_gmt":"2022-11-15T14:42:27","slug":"douche-tnt-spunlace-absorbant-100x150cm","status":"publish","type":"product","link":"https:\/\/cndestetik.ch\/fr\/prodotto\/douche-tnt-spunlace-absorbant-100x150cm\/","title":{"rendered":"Serviette de douche absorbante en TNT (fil\u00e9 de fibres)"},"content":{"rendered":"<p>Serviette de bain TNT Spunlace super-absorbante cm. 100&#215;150 emball\u00e9e individuellement. Carton de 50 pi\u00e8ces<\/p>\n","protected":false},"excerpt":{"rendered":"<p>50 feuilles TNT ensach\u00e9es individuellement.<\/p>\n","protected":false},"featured_media":38470,"template":"","meta":{"_acf_changed":false},"product_brand":[],"product_cat":[906],"product_tag":[950,951,952],"class_list":{"0":"post-38411","1":"product","2":"type-product","3":"status-publish","4":"has-post-thumbnail","6":"product_cat-usage-unique","7":"product_tag-serviette-de-bain","8":"product_tag-serviette-de-douche","9":"product_tag-tnt-fr","11":"first","12":"instock","13":"sale","14":"taxable","15":"shipping-taxable","16":"purchasable","17":"product-type-simple"},"acf":[],"jetpack_sharing_enabled":true,"_links":{"self":[{"href":"https:\/\/cndestetik.ch\/fr\/wp-json\/wp\/v2\/product\/38411","targetHints":{"allow":["GET"]}}],"collection":[{"href":"https:\/\/cndestetik.ch\/fr\/wp-json\/wp\/v2\/product"}],"about":[{"href":"https:\/\/cndestetik.ch\/fr\/wp-json\/wp\/v2\/types\/product"}],"wp:featuredmedia":[{"embeddable":true,"href":"https:\/\/cndestetik.ch\/fr\/wp-json\/wp\/v2\/media\/38470"}],"wp:attachment":[{"href":"https:\/\/cndestetik.ch\/fr\/wp-json\/wp\/v2\/media?parent=38411"}],"wp:term":[{"taxonomy":"product_brand","embeddable":true,"href":"https:\/\/cndestetik.ch\/fr\/wp-json\/wp\/v2\/product_brand?post=38411"},{"taxonomy":"product_cat","embeddable":true,"href":"https:\/\/cndestetik.ch\/fr\/wp-json\/wp\/v2\/product_cat?post=38411"},{"taxonomy":"product_tag","embeddable":true,"href":"https:\/\/cndestetik.ch\/fr\/wp-json\/wp\/v2\/product_tag?post=38411"}],"curies":[{"name":"wp","href":"https:\/\/api.w.org\/{rel}","templated":true}]}}