{"id":38406,"date":"2022-05-31T11:07:33","date_gmt":"2022-05-31T09:07:33","guid":{"rendered":"https:\/\/ticinoweb01.jcloud.ik-server.com\/cndestetik\/prodotto\/magnum-bautene-rouleau-de-polyethylene-haute-densite-100-feuilles-cm-170x200-en-boite-distributrice\/"},"modified":"2023-09-08T12:02:19","modified_gmt":"2023-09-08T10:02:19","slug":"rouleau-polyethylene-haute-densite-cm-170x200","status":"publish","type":"product","link":"https:\/\/cndestetik.ch\/fr\/prodotto\/rouleau-polyethylene-haute-densite-cm-170x200\/","title":{"rendered":"Rouleau de carton Magnum &#8211; poly\u00e9thyl\u00e8ne haute densit\u00e9"},"content":{"rendered":"<p><span data-sheets-value=\"{\"1\":2,\"2\":\"Rotolo cartene 100 fogli, cm.170x200 in box dispenser\"}\" data-sheets-userformat=\"{\"2\":15297,\"3\":{\"1\":0},\"9\":0,\"10\":2,\"11\":0,\"12\":0,\"14\":{\"1\":2,\"2\":0},\"15\":\"Calibri\",\"16\":11}\">Rouleau de carton 100 feuilles, 170&#215;200 cm en bo\u00eete distributrice.<\/span><\/p>\n","protected":false},"excerpt":{"rendered":"<p>100 feuilles de carton dans une bo\u00eete distributrice.<\/p>\n","protected":false},"featured_media":38403,"template":"","meta":{"_acf_changed":false},"product_brand":[],"product_cat":[906],"product_tag":[941,9491,9490,930],"class_list":{"0":"post-38406","1":"product","2":"type-product","3":"status-publish","4":"has-post-thumbnail","6":"product_cat-usage-unique","7":"product_tag-cartene-fr","8":"product_tag-densite","9":"product_tag-haut-fr-2","10":"product_tag-rouleau","12":"first","13":"instock","14":"taxable","15":"shipping-taxable","16":"purchasable","17":"product-type-simple"},"acf":[],"jetpack_sharing_enabled":true,"_links":{"self":[{"href":"https:\/\/cndestetik.ch\/fr\/wp-json\/wp\/v2\/product\/38406","targetHints":{"allow":["GET"]}}],"collection":[{"href":"https:\/\/cndestetik.ch\/fr\/wp-json\/wp\/v2\/product"}],"about":[{"href":"https:\/\/cndestetik.ch\/fr\/wp-json\/wp\/v2\/types\/product"}],"wp:featuredmedia":[{"embeddable":true,"href":"https:\/\/cndestetik.ch\/fr\/wp-json\/wp\/v2\/media\/38403"}],"wp:attachment":[{"href":"https:\/\/cndestetik.ch\/fr\/wp-json\/wp\/v2\/media?parent=38406"}],"wp:term":[{"taxonomy":"product_brand","embeddable":true,"href":"https:\/\/cndestetik.ch\/fr\/wp-json\/wp\/v2\/product_brand?post=38406"},{"taxonomy":"product_cat","embeddable":true,"href":"https:\/\/cndestetik.ch\/fr\/wp-json\/wp\/v2\/product_cat?post=38406"},{"taxonomy":"product_tag","embeddable":true,"href":"https:\/\/cndestetik.ch\/fr\/wp-json\/wp\/v2\/product_tag?post=38406"}],"curies":[{"name":"wp","href":"https:\/\/api.w.org\/{rel}","templated":true}]}}