{"id":38317,"date":"2020-12-17T11:24:34","date_gmt":"2020-12-17T10:24:34","guid":{"rendered":"https:\/\/ticinoweb01.jcloud.ik-server.com\/cndestetik\/prodotto\/melange-risanambiente-microcosmo\/"},"modified":"2025-01-23T09:11:53","modified_gmt":"2025-01-23T08:11:53","slug":"melange-risanambiente","status":"publish","type":"product","link":"https:\/\/cndestetik.ch\/fr\/prodotto\/melange-risanambiente\/","title":{"rendered":"M\u00e9lange Risanambiente"},"content":{"rendered":"<p><span data-sheets-value=\"{\"1\":2,\"2\":\"Gli olio essenziali contenuti nella miscela, oltre ad essere riconoscuti dalla letteratura scientifica per la loro azione nei confronti dei pi\u00f9 diffusi contaminanti ambientali, hanno anche un'azione pi\u00f9 sottile che lavora sul piano energetico per una sanificazione completa degli spazi. La miscela risanambiente \u00e8 ottenuta utilizzando solo gli oli essenziali puri e selezionati per il controllo dei pi\u00f9 importanti contaminanti microbici. Efficacia scientificamente testata in spazi comunitari.\\nCOME PUOI USARLA?\\n-In diffusione nell'ambiente: 2-3 gocce per 10 metri quadrati che si vogliono sanificare. Diffusione durante il giorno o durante la notte per almeno 7 ore per 15 giorni. Per il mantenimento si consiglia la diffusione per 7 ore (notte o giorno) una o due volte alla settimana.\\n-Aggiungendola al sapone liquido neutro per creare un sapone sanificante (180 gocce in 300 ml.)\\n-Aggiungendola al gel aloe per creare un gel mani sanificante (60 gocce in 100 ml.)\\n-Per realizzare uno spray sanificante idroalcolico (per ambienti e superfici)\\nTENERE LA MISCELA RISANAMBIENTE LONTANO DALLA PORTATA DEI BAMBINI. CONSERVARE IN LUOGO FRESC E ASCIUTTO.\"}\" data-sheets-userformat=\"{\"2\":15297,\"3\":{\"1\":0},\"9\":0,\"10\":2,\"11\":0,\"12\":0,\"14\":{\"1\":2,\"2\":0},\"15\":\"Calibri\",\"16\":11}\">Les huiles essentielles contenues dans le m\u00e9lange sont non seulement reconnues dans la litt\u00e9rature scientifique pour leur action contre les contaminants environnementaux les plus courants, mais elles ont \u00e9galement une action plus subtile qui agit au niveau \u00e9nerg\u00e9tique pour une d\u00e9sinfection compl\u00e8te des espaces. Ce m\u00e9lange respectueux de l&#8217;environnement est obtenu en utilisant uniquement des huiles essentielles pures et s\u00e9lectionn\u00e9es afin de contr\u00f4ler les principaux contaminants microbiens. Efficacit\u00e9 scientifiquement prouv\u00e9e dans les espaces communautaires.<br \/>\n<\/span><\/p>\n<p><span data-sheets-value=\"{\"1\":2,\"2\":\"Gli olio essenziali contenuti nella miscela, oltre ad essere riconoscuti dalla letteratura scientifica per la loro azione nei confronti dei pi\u00f9 diffusi contaminanti ambientali, hanno anche un'azione pi\u00f9 sottile che lavora sul piano energetico per una sanificazione completa degli spazi. La miscela risanambiente \u00e8 ottenuta utilizzando solo gli oli essenziali puri e selezionati per il controllo dei pi\u00f9 importanti contaminanti microbici. Efficacia scientificamente testata in spazi comunitari.\\nCOME PUOI USARLA?\\n-In diffusione nell'ambiente: 2-3 gocce per 10 metri quadrati che si vogliono sanificare. Diffusione durante il giorno o durante la notte per almeno 7 ore per 15 giorni. Per il mantenimento si consiglia la diffusione per 7 ore (notte o giorno) una o due volte alla settimana.\\n-Aggiungendola al sapone liquido neutro per creare un sapone sanificante (180 gocce in 300 ml.)\\n-Aggiungendola al gel aloe per creare un gel mani sanificante (60 gocce in 100 ml.)\\n-Per realizzare uno spray sanificante idroalcolico (per ambienti e superfici)\\nTENERE LA MISCELA RISANAMBIENTE LONTANO DALLA PORTATA DEI BAMBINI. CONSERVARE IN LUOGO FRESC E ASCIUTTO.\"}\" data-sheets-userformat=\"{\"2\":15297,\"3\":{\"1\":0},\"9\":0,\"10\":2,\"11\":0,\"12\":0,\"14\":{\"1\":2,\"2\":0},\"15\":\"Calibri\",\"16\":11}\">COMMENT L&#8217;UTILISER ?<br \/>\n<\/span><\/p>\n<p><span data-sheets-value=\"{\"1\":2,\"2\":\"Gli olio essenziali contenuti nella miscela, oltre ad essere riconoscuti dalla letteratura scientifica per la loro azione nei confronti dei pi\u00f9 diffusi contaminanti ambientali, hanno anche un'azione pi\u00f9 sottile che lavora sul piano energetico per una sanificazione completa degli spazi. La miscela risanambiente \u00e8 ottenuta utilizzando solo gli oli essenziali puri e selezionati per il controllo dei pi\u00f9 importanti contaminanti microbici. Efficacia scientificamente testata in spazi comunitari.\\nCOME PUOI USARLA?\\n-In diffusione nell'ambiente: 2-3 gocce per 10 metri quadrati che si vogliono sanificare. Diffusione durante il giorno o durante la notte per almeno 7 ore per 15 giorni. Per il mantenimento si consiglia la diffusione per 7 ore (notte o giorno) una o due volte alla settimana.\\n-Aggiungendola al sapone liquido neutro per creare un sapone sanificante (180 gocce in 300 ml.)\\n-Aggiungendola al gel aloe per creare un gel mani sanificante (60 gocce in 100 ml.)\\n-Per realizzare uno spray sanificante idroalcolico (per ambienti e superfici)\\nTENERE LA MISCELA RISANAMBIENTE LONTANO DALLA PORTATA DEI BAMBINI. CONSERVARE IN LUOGO FRESC E ASCIUTTO.\"}\" data-sheets-userformat=\"{\"2\":15297,\"3\":{\"1\":0},\"9\":0,\"10\":2,\"11\":0,\"12\":0,\"14\":{\"1\":2,\"2\":0},\"15\":\"Calibri\",\"16\":11}\">-En diffusion dans la pi\u00e8ce : 2-3 gouttes pour 10 m\u00e8tres carr\u00e9s \u00e0 assainir. R\u00e9pandre pendant le jour ou la nuit pendant au moins 7 heures pendant 15 jours. <\/p>\n<p>Pour l&#8217;entretien, il est conseill\u00e9 de l&#8217;\u00e9taler pendant 7 heures (nuit ou jour) une \u00e0 deux fois par semaine -Ajouter au savon liquide neutre pour cr\u00e9er un savon assainissant (180 gouttes pour 300 ml.) -Ajouter au gel d&#8217;alo\u00e8s pour cr\u00e9er un gel assainissant pour les mains (60 gouttes pour 100 ml.) -Faire un spray assainissant hydro-alcoolique (pour les pi\u00e8ces et les surfaces)<br \/>\n<\/span><\/p>\n<p><span data-sheets-value=\"{\"1\":2,\"2\":\"Gli olio essenziali contenuti nella miscela, oltre ad essere riconoscuti dalla letteratura scientifica per la loro azione nei confronti dei pi\u00f9 diffusi contaminanti ambientali, hanno anche un'azione pi\u00f9 sottile che lavora sul piano energetico per una sanificazione completa degli spazi. La miscela risanambiente \u00e8 ottenuta utilizzando solo gli oli essenziali puri e selezionati per il controllo dei pi\u00f9 importanti contaminanti microbici. Efficacia scientificamente testata in spazi comunitari.\\nCOME PUOI USARLA?\\n-In diffusione nell'ambiente: 2-3 gocce per 10 metri quadrati che si vogliono sanificare. Diffusione durante il giorno o durante la notte per almeno 7 ore per 15 giorni. Per il mantenimento si consiglia la diffusione per 7 ore (notte o giorno) una o due volte alla settimana.\\n-Aggiungendola al sapone liquido neutro per creare un sapone sanificante (180 gocce in 300 ml.)\\n-Aggiungendola al gel aloe per creare un gel mani sanificante (60 gocce in 100 ml.)\\n-Per realizzare uno spray sanificante idroalcolico (per ambienti e superfici)\\nTENERE LA MISCELA RISANAMBIENTE LONTANO DALLA PORTATA DEI BAMBINI. CONSERVARE IN LUOGO FRESC E ASCIUTTO.\"}\" data-sheets-userformat=\"{\"2\":15297,\"3\":{\"1\":0},\"9\":0,\"10\":2,\"11\":0,\"12\":0,\"14\":{\"1\":2,\"2\":0},\"15\":\"Calibri\",\"16\":11}\">GARDER LE M\u00c9LANGE \u00c9COLOGIQUE HORS DE PORT\u00c9E DES ENFANTS. CONSERVER DANS UN ENDROIT FRAIS ET SEC.<\/span><\/p>\n","protected":false},"excerpt":{"rendered":"<p><span data-sheets-value=\"{\"1\":2,\"2\":\"Passare del tempo in uno spazio pulito dagli Oli Essenziali aiuta a stare bene. Gli oli essenziali contenuti nella miscela, oltre ad essere riconosciuti dalla letteratura scientifica per la loro azione nei confronti dei pi\u00f9 diffusi contaminanti ambientali, hanno anche un\u2019azione pi\u00f9 sottile che lavora sul piano energetico per una sanificazione completa degli spazi. La miscela risanambiente \u00e8 ottenuta utilizzando solo oli essenziali puri e selezionati per il controllo dei pi\u00f9 importanti contaminanti microbici. Efficacia scientificamente testata in spazi comunitari. Come puoi usarla? \u2022 in diffusione nell\u2019ambiente \u2022 aggiungendola al gel aloe per creare un gel mani sanificante \u2022 aggiungendola al sapone liquido neutro per creare un sapone sanificante Come sappiamo gli igienizzanti a base di candeggina a lungo andare sono dannosi per la pelle e la persona in generale, gli Oli Essenziali sono dei validi sostituti senza effetti dannosi e con attivit\u00e0 testata.\"}\" data-sheets-userformat=\"{\"2\":14530,\"4\":{\"1\":2,\"2\":16777215},\"9\":0,\"10\":2,\"14\":{\"1\":2,\"2\":0},\"15\":\"Arial\",\"16\":10}\">M\u00e9lange de Risanambiente. Passer du temps dans un espace nettoy\u00e9 par les huiles essentielles aide \u00e0 se sentir bien.<\/span><\/p>\n<p><span data-sheets-value=\"{\"1\":2,\"2\":\"Passare del tempo in uno spazio pulito dagli Oli Essenziali aiuta a stare bene. Gli oli essenziali contenuti nella miscela, oltre ad essere riconosciuti dalla letteratura scientifica per la loro azione nei confronti dei pi\u00f9 diffusi contaminanti ambientali, hanno anche un\u2019azione pi\u00f9 sottile che lavora sul piano energetico per una sanificazione completa degli spazi. La miscela risanambiente \u00e8 ottenuta utilizzando solo oli essenziali puri e selezionati per il controllo dei pi\u00f9 importanti contaminanti microbici. Efficacia scientificamente testata in spazi comunitari. Come puoi usarla? \u2022 in diffusione nell\u2019ambiente \u2022 aggiungendola al gel aloe per creare un gel mani sanificante \u2022 aggiungendola al sapone liquido neutro per creare un sapone sanificante Come sappiamo gli igienizzanti a base di candeggina a lungo andare sono dannosi per la pelle e la persona in generale, gli Oli Essenziali sono dei validi sostituti senza effetti dannosi e con attivit\u00e0 testata.\"}\" data-sheets-userformat=\"{\"2\":14530,\"4\":{\"1\":2,\"2\":16777215},\"9\":0,\"10\":2,\"14\":{\"1\":2,\"2\":0},\"15\":\"Arial\",\"16\":10}\">Ce m\u00e9lange respectueux de l&#8217;environnement n&#8217;utilise que des huiles essentielles pures et s\u00e9lectionn\u00e9es pour contr\u00f4ler les principaux contaminants microbiens.<\/span><\/p>\n<p>Efficacit\u00e9 scientifiquement prouv\u00e9e dans les espaces communautaires.<\/p>\n<p>&nbsp;<\/p>\n","protected":false},"featured_media":46069,"template":"","meta":{"_acf_changed":false},"product_brand":[],"product_cat":[2317,12982],"product_tag":[420,875,874,876],"class_list":{"0":"post-38317","1":"product","2":"type-product","3":"status-publish","4":"has-post-thumbnail","6":"product_cat-essences-fr","7":"product_cat-microcosme","8":"product_tag-essences-fr-2","9":"product_tag-melange","10":"product_tag-microcosme","11":"product_tag-risanambiente-fr","12":"pa_formato-10ml-fr","13":"pa_formato-30ml-fr","15":"first","16":"instock","17":"taxable","18":"shipping-taxable","19":"purchasable","20":"product-type-variable"},"acf":[],"jetpack_sharing_enabled":true,"_links":{"self":[{"href":"https:\/\/cndestetik.ch\/fr\/wp-json\/wp\/v2\/product\/38317","targetHints":{"allow":["GET"]}}],"collection":[{"href":"https:\/\/cndestetik.ch\/fr\/wp-json\/wp\/v2\/product"}],"about":[{"href":"https:\/\/cndestetik.ch\/fr\/wp-json\/wp\/v2\/types\/product"}],"wp:featuredmedia":[{"embeddable":true,"href":"https:\/\/cndestetik.ch\/fr\/wp-json\/wp\/v2\/media\/46069"}],"wp:attachment":[{"href":"https:\/\/cndestetik.ch\/fr\/wp-json\/wp\/v2\/media?parent=38317"}],"wp:term":[{"taxonomy":"product_brand","embeddable":true,"href":"https:\/\/cndestetik.ch\/fr\/wp-json\/wp\/v2\/product_brand?post=38317"},{"taxonomy":"product_cat","embeddable":true,"href":"https:\/\/cndestetik.ch\/fr\/wp-json\/wp\/v2\/product_cat?post=38317"},{"taxonomy":"product_tag","embeddable":true,"href":"https:\/\/cndestetik.ch\/fr\/wp-json\/wp\/v2\/product_tag?post=38317"}],"curies":[{"name":"wp","href":"https:\/\/api.w.org\/{rel}","templated":true}]}}