{"id":38306,"date":"2020-12-09T15:53:56","date_gmt":"2020-12-09T14:53:56","guid":{"rendered":"https:\/\/ticinoweb01.jcloud.ik-server.com\/cndestetik\/prodotto\/cheque-cadeau-special\/"},"modified":"2020-12-09T15:53:56","modified_gmt":"2020-12-09T14:53:56","slug":"cheque-cadeau-special","status":"publish","type":"product","link":"https:\/\/cndestetik.ch\/fr\/prodotto\/cheque-cadeau-special\/","title":{"rendered":"Ch\u00e8que-cadeau sp\u00e9cial"},"content":{"rendered":"<p>Achetez un ch\u00e8que-cadeau et offrez-le avec amour &#8230; vous offrirez le cadeau de la nature et de la beaut\u00e9 !<\/p>\n<p>Le b\u00e9n\u00e9ficiaire peut utiliser ce bon pour acheter ses produits pr\u00e9f\u00e9r\u00e9s sur notre site de commerce \u00e9lectronique !<\/p>\n<p>Vous recevrez le ch\u00e8que-cadeau par e-mail et pourrez choisir de l&#8217;imprimer directement ou de nous envoyer un e-mail avec les coordonn\u00e9es du destinataire pour qu&#8217;il le re\u00e7oive directement.<\/p>\n<p>Pour la Saint-Valentin, offrez le cadeau de l&#8217;amour, de la beaut\u00e9 et de la nature ! !!<\/p>\n","protected":false},"excerpt":{"rendered":"<p>Achetez un ch\u00e8que-cadeau et offrez-le avec amour &#8230; vous offrirez le cadeau de la nature et de la beaut\u00e9 ! Le b\u00e9n\u00e9ficiaire peut utiliser ce bon pour acheter ses produits pr\u00e9f\u00e9r\u00e9s sur notre site de commerce \u00e9lectronique ! Vous recevrez le ch\u00e8que-cadeau par e-mail et pourrez choisir de l&#8217;imprimer directement ou de nous envoyer un [&hellip;]<\/p>\n","protected":false},"featured_media":36758,"template":"","meta":{"_acf_changed":false},"product_brand":[],"product_cat":[15],"product_tag":[828,829,837,830,834],"class_list":{"0":"post-38306","1":"product","2":"type-product","3":"status-publish","4":"has-post-thumbnail","6":"product_cat-07-cosmetica","7":"product_tag-amour","8":"product_tag-amour-fr","9":"product_tag-cadeaux","10":"product_tag-present-fr","11":"product_tag-valentine-fr","13":"first","14":"instock","15":"virtual","16":"taxable","17":"purchasable","18":"product-type-simple"},"acf":[],"jetpack_sharing_enabled":true,"_links":{"self":[{"href":"https:\/\/cndestetik.ch\/fr\/wp-json\/wp\/v2\/product\/38306","targetHints":{"allow":["GET"]}}],"collection":[{"href":"https:\/\/cndestetik.ch\/fr\/wp-json\/wp\/v2\/product"}],"about":[{"href":"https:\/\/cndestetik.ch\/fr\/wp-json\/wp\/v2\/types\/product"}],"wp:featuredmedia":[{"embeddable":true,"href":"https:\/\/cndestetik.ch\/fr\/wp-json\/wp\/v2\/media\/36758"}],"wp:attachment":[{"href":"https:\/\/cndestetik.ch\/fr\/wp-json\/wp\/v2\/media?parent=38306"}],"wp:term":[{"taxonomy":"product_brand","embeddable":true,"href":"https:\/\/cndestetik.ch\/fr\/wp-json\/wp\/v2\/product_brand?post=38306"},{"taxonomy":"product_cat","embeddable":true,"href":"https:\/\/cndestetik.ch\/fr\/wp-json\/wp\/v2\/product_cat?post=38306"},{"taxonomy":"product_tag","embeddable":true,"href":"https:\/\/cndestetik.ch\/fr\/wp-json\/wp\/v2\/product_tag?post=38306"}],"curies":[{"name":"wp","href":"https:\/\/api.w.org\/{rel}","templated":true}]}}