{"id":38291,"date":"2020-11-03T15:38:57","date_gmt":"2020-11-03T14:38:57","guid":{"rendered":"https:\/\/ticinoweb01.jcloud.ik-server.com\/cndestetik\/prodotto\/collection-journees-marocaines\/"},"modified":"2022-08-23T13:08:11","modified_gmt":"2022-08-23T11:08:11","slug":"collection-jours-marocains","status":"publish","type":"product","link":"https:\/\/cndestetik.ch\/fr\/prodotto\/collection-jours-marocains\/","title":{"rendered":"Collection Journ\u00e9es marocaines"},"content":{"rendered":"<p>Dans un emballage \u00e9l\u00e9gant en mat\u00e9riau \u00e9cologique, un kit de produits quotidiens enrichis par la nature : des principes actifs et des antioxydants pour nettoyer le visage et l&#8217;hydrater, pour une journ\u00e9e radieuse.<\/p>\n","protected":false},"excerpt":{"rendered":"<p>Un kit de produits quotidiens<\/p>\n","protected":false},"featured_media":36791,"template":"","meta":{"_acf_changed":false},"product_brand":[],"product_cat":[8512],"product_tag":[803,763,802,805,801,804,765],"class_list":{"0":"post-38291","1":"product","2":"type-product","3":"status-publish","4":"has-post-thumbnail","6":"product_cat-dernieres-pieces","7":"product_tag-creme-de-jour","8":"product_tag-detergence","9":"product_tag-jour","10":"product_tag-jour-fr","11":"product_tag-journee-de-la-creme","12":"product_tag-nettoyage","13":"product_tag-visage","15":"first","16":"instock","17":"sale","18":"taxable","19":"shipping-taxable","20":"purchasable","21":"product-type-simple"},"acf":[],"jetpack_sharing_enabled":true,"_links":{"self":[{"href":"https:\/\/cndestetik.ch\/fr\/wp-json\/wp\/v2\/product\/38291","targetHints":{"allow":["GET"]}}],"collection":[{"href":"https:\/\/cndestetik.ch\/fr\/wp-json\/wp\/v2\/product"}],"about":[{"href":"https:\/\/cndestetik.ch\/fr\/wp-json\/wp\/v2\/types\/product"}],"wp:featuredmedia":[{"embeddable":true,"href":"https:\/\/cndestetik.ch\/fr\/wp-json\/wp\/v2\/media\/36791"}],"wp:attachment":[{"href":"https:\/\/cndestetik.ch\/fr\/wp-json\/wp\/v2\/media?parent=38291"}],"wp:term":[{"taxonomy":"product_brand","embeddable":true,"href":"https:\/\/cndestetik.ch\/fr\/wp-json\/wp\/v2\/product_brand?post=38291"},{"taxonomy":"product_cat","embeddable":true,"href":"https:\/\/cndestetik.ch\/fr\/wp-json\/wp\/v2\/product_cat?post=38291"},{"taxonomy":"product_tag","embeddable":true,"href":"https:\/\/cndestetik.ch\/fr\/wp-json\/wp\/v2\/product_tag?post=38291"}],"curies":[{"name":"wp","href":"https:\/\/api.w.org\/{rel}","templated":true}]}}