{"id":38289,"date":"2020-11-03T15:41:39","date_gmt":"2020-11-03T14:41:39","guid":{"rendered":"https:\/\/ticinoweb01.jcloud.ik-server.com\/cndestetik\/prodotto\/collection-nuits-de-marrakech\/"},"modified":"2022-08-23T13:08:10","modified_gmt":"2022-08-23T11:08:10","slug":"marrakesh-nights-collection","status":"publish","type":"product","link":"https:\/\/cndestetik.ch\/fr\/prodotto\/marrakesh-nights-collection\/","title":{"rendered":"Collection Nuits de Marrakech"},"content":{"rendered":"<p>Dans un \u00e9l\u00e9gant emballage en mat\u00e9riau \u00e9cologique, un kit de produits quotidiens enrichis par la nature : ingr\u00e9dients r\u00e9parateurs et antioxydants, r\u00e9g\u00e9n\u00e9rants et hydratants, pour une nuit r\u00e9g\u00e9n\u00e9rante.<\/p>\n","protected":false},"excerpt":{"rendered":"<p>Un kit de produits quotidiens<\/p>\n","protected":false},"featured_media":36788,"template":"","meta":{"_acf_changed":false},"product_brand":[],"product_cat":[8512],"product_tag":[789,791,794,793,795,792,729],"class_list":{"0":"post-38289","1":"product","2":"type-product","3":"status-publish","4":"has-post-thumbnail","6":"product_cat-dernieres-pieces","7":"product_tag-contour-des-yeux","8":"product_tag-cremanotte-fr","9":"product_tag-creme-de-nuit","10":"product_tag-nuit","11":"product_tag-nuit-fr","12":"product_tag-yeux-fr","13":"product_tag-yeux","15":"first","16":"instock","17":"sale","18":"taxable","19":"shipping-taxable","20":"purchasable","21":"product-type-simple"},"acf":[],"jetpack_sharing_enabled":true,"_links":{"self":[{"href":"https:\/\/cndestetik.ch\/fr\/wp-json\/wp\/v2\/product\/38289","targetHints":{"allow":["GET"]}}],"collection":[{"href":"https:\/\/cndestetik.ch\/fr\/wp-json\/wp\/v2\/product"}],"about":[{"href":"https:\/\/cndestetik.ch\/fr\/wp-json\/wp\/v2\/types\/product"}],"wp:featuredmedia":[{"embeddable":true,"href":"https:\/\/cndestetik.ch\/fr\/wp-json\/wp\/v2\/media\/36788"}],"wp:attachment":[{"href":"https:\/\/cndestetik.ch\/fr\/wp-json\/wp\/v2\/media?parent=38289"}],"wp:term":[{"taxonomy":"product_brand","embeddable":true,"href":"https:\/\/cndestetik.ch\/fr\/wp-json\/wp\/v2\/product_brand?post=38289"},{"taxonomy":"product_cat","embeddable":true,"href":"https:\/\/cndestetik.ch\/fr\/wp-json\/wp\/v2\/product_cat?post=38289"},{"taxonomy":"product_tag","embeddable":true,"href":"https:\/\/cndestetik.ch\/fr\/wp-json\/wp\/v2\/product_tag?post=38289"}],"curies":[{"name":"wp","href":"https:\/\/api.w.org\/{rel}","templated":true}]}}