{"id":38284,"date":"2020-11-03T15:15:56","date_gmt":"2020-11-03T14:15:56","guid":{"rendered":"https:\/\/ticinoweb01.jcloud.ik-server.com\/cndestetik\/prodotto\/collection-illuminated-isles\/"},"modified":"2022-12-27T10:37:05","modified_gmt":"2022-12-27T09:37:05","slug":"collection-dilots-lumineux","status":"publish","type":"product","link":"https:\/\/cndestetik.ch\/fr\/prodotto\/collection-dilots-lumineux\/","title":{"rendered":"Collection Illuminated Isles"},"content":{"rendered":"<p>Dans un \u00e9l\u00e9gant emballage en tissu biologique, avec deux produits pour illuminer la peau m\u00eame au milieu de l&#8217;hiver &#8230; une terre bronzante compacte et une poussi\u00e8re d&#8217;\u00e9toile illuminatrice sur la peau !<\/p>\n","protected":false},"excerpt":{"rendered":"<p>Poudre illuminatrice et bronzante.<\/p>\n","protected":false},"featured_media":54124,"template":"","meta":{"_acf_changed":false},"product_brand":[],"product_cat":[8512],"product_tag":[769,768,766,767,422],"class_list":{"0":"post-38284","1":"product","2":"type-product","3":"status-publish","4":"has-post-thumbnail","6":"product_cat-dernieres-pieces","7":"product_tag-eclairer","8":"product_tag-poudre-bronzante","9":"product_tag-tan","10":"product_tag-tanner","11":"product_tag-terre","13":"first","14":"instock","15":"sale","16":"taxable","17":"shipping-taxable","18":"purchasable","19":"product-type-simple"},"acf":[],"jetpack_sharing_enabled":true,"_links":{"self":[{"href":"https:\/\/cndestetik.ch\/fr\/wp-json\/wp\/v2\/product\/38284","targetHints":{"allow":["GET"]}}],"collection":[{"href":"https:\/\/cndestetik.ch\/fr\/wp-json\/wp\/v2\/product"}],"about":[{"href":"https:\/\/cndestetik.ch\/fr\/wp-json\/wp\/v2\/types\/product"}],"wp:featuredmedia":[{"embeddable":true,"href":"https:\/\/cndestetik.ch\/fr\/wp-json\/wp\/v2\/media\/54124"}],"wp:attachment":[{"href":"https:\/\/cndestetik.ch\/fr\/wp-json\/wp\/v2\/media?parent=38284"}],"wp:term":[{"taxonomy":"product_brand","embeddable":true,"href":"https:\/\/cndestetik.ch\/fr\/wp-json\/wp\/v2\/product_brand?post=38284"},{"taxonomy":"product_cat","embeddable":true,"href":"https:\/\/cndestetik.ch\/fr\/wp-json\/wp\/v2\/product_cat?post=38284"},{"taxonomy":"product_tag","embeddable":true,"href":"https:\/\/cndestetik.ch\/fr\/wp-json\/wp\/v2\/product_tag?post=38284"}],"curies":[{"name":"wp","href":"https:\/\/api.w.org\/{rel}","templated":true}]}}