{"id":38283,"date":"2020-11-03T15:33:46","date_gmt":"2020-11-03T14:33:46","guid":{"rendered":"https:\/\/ticinoweb01.jcloud.ik-server.com\/cndestetik\/prodotto\/collection-radiant-skin-traveller\/"},"modified":"2022-12-27T10:38:37","modified_gmt":"2022-12-27T09:38:37","slug":"radiant-skin-traveller-collection","status":"publish","type":"product","link":"https:\/\/cndestetik.ch\/fr\/prodotto\/radiant-skin-traveller-collection\/","title":{"rendered":"Collection Radiant Skin Traveller"},"content":{"rendered":"<p>Dans un emballage \u00e9l\u00e9gant fait de mat\u00e9riaux respectueux de l&#8217;environnement, un ensemble complet de produits certifi\u00e9s et s\u00fbrs pour tous les types de peau, compos\u00e9 de : Nettoyant, Cr\u00e8me visage, Huile active botanique, Cr\u00e8me mains. \u00c9l\u00e9gant, complet, naturel !<\/p>\n","protected":false},"excerpt":{"rendered":"<p>Contient : Cleanser, Face Cream, Botanical Phyto-Active Oil et Hand Cream.<\/p>\n","protected":false},"featured_media":54462,"template":"","meta":{"_acf_changed":false},"product_brand":[],"product_cat":[8512],"product_tag":[762,763,764,765],"class_list":{"0":"post-38283","1":"product","2":"type-product","3":"status-publish","4":"has-post-thumbnail","6":"product_cat-dernieres-pieces","7":"product_tag-cremes-pour-les-mains","8":"product_tag-detergence","9":"product_tag-sereroviso-fr","10":"product_tag-visage","12":"first","13":"instock","14":"sale","15":"taxable","16":"shipping-taxable","17":"purchasable","18":"product-type-simple"},"acf":[],"jetpack_sharing_enabled":true,"_links":{"self":[{"href":"https:\/\/cndestetik.ch\/fr\/wp-json\/wp\/v2\/product\/38283","targetHints":{"allow":["GET"]}}],"collection":[{"href":"https:\/\/cndestetik.ch\/fr\/wp-json\/wp\/v2\/product"}],"about":[{"href":"https:\/\/cndestetik.ch\/fr\/wp-json\/wp\/v2\/types\/product"}],"wp:featuredmedia":[{"embeddable":true,"href":"https:\/\/cndestetik.ch\/fr\/wp-json\/wp\/v2\/media\/54462"}],"wp:attachment":[{"href":"https:\/\/cndestetik.ch\/fr\/wp-json\/wp\/v2\/media?parent=38283"}],"wp:term":[{"taxonomy":"product_brand","embeddable":true,"href":"https:\/\/cndestetik.ch\/fr\/wp-json\/wp\/v2\/product_brand?post=38283"},{"taxonomy":"product_cat","embeddable":true,"href":"https:\/\/cndestetik.ch\/fr\/wp-json\/wp\/v2\/product_cat?post=38283"},{"taxonomy":"product_tag","embeddable":true,"href":"https:\/\/cndestetik.ch\/fr\/wp-json\/wp\/v2\/product_tag?post=38283"}],"curies":[{"name":"wp","href":"https:\/\/api.w.org\/{rel}","templated":true}]}}