{"id":38269,"date":"2020-11-03T14:56:44","date_gmt":"2020-11-03T13:56:44","guid":{"rendered":"https:\/\/ticinoweb01.jcloud.ik-server.com\/cndestetik\/prodotto\/collection-sultry-eyed-bouleau\/"},"modified":"2022-12-27T10:32:15","modified_gmt":"2022-12-27T09:32:15","slug":"sultry-eyed-collection-birch","status":"publish","type":"product","link":"https:\/\/cndestetik.ch\/fr\/prodotto\/sultry-eyed-collection-birch\/","title":{"rendered":"Collection &#8220;Sultry Eyed&#8221; &#8211; Bouleau"},"content":{"rendered":"<p>Dans un emballage \u00e9l\u00e9gant en mat\u00e9riau \u00e9cologique, le mascara volumateur pour des cils magnifiques et le correcteur de sourcils en deux couleurs diff\u00e9rentes ! L&#8217;ensemble id\u00e9al pour un look parfait !<\/p>\n","protected":false},"excerpt":{"rendered":"<p>L&#8217;ensemble id\u00e9al pour un look parfait !<\/p>\n","protected":false},"featured_media":36812,"template":"","meta":{"_acf_changed":false},"product_brand":[],"product_cat":[8512],"product_tag":[727,726,7719,728,6089,729],"class_list":{"0":"post-38269","1":"product","2":"type-product","3":"status-publish","4":"has-post-thumbnail","6":"product_cat-dernieres-pieces","7":"product_tag-cils","8":"product_tag-front","9":"product_tag-loeil","10":"product_tag-mascara-fr","11":"product_tag-sulfureux","12":"product_tag-yeux","14":"first","15":"instock","16":"sale","17":"taxable","18":"shipping-taxable","19":"purchasable","20":"product-type-simple"},"acf":[],"jetpack_sharing_enabled":true,"_links":{"self":[{"href":"https:\/\/cndestetik.ch\/fr\/wp-json\/wp\/v2\/product\/38269","targetHints":{"allow":["GET"]}}],"collection":[{"href":"https:\/\/cndestetik.ch\/fr\/wp-json\/wp\/v2\/product"}],"about":[{"href":"https:\/\/cndestetik.ch\/fr\/wp-json\/wp\/v2\/types\/product"}],"wp:featuredmedia":[{"embeddable":true,"href":"https:\/\/cndestetik.ch\/fr\/wp-json\/wp\/v2\/media\/36812"}],"wp:attachment":[{"href":"https:\/\/cndestetik.ch\/fr\/wp-json\/wp\/v2\/media?parent=38269"}],"wp:term":[{"taxonomy":"product_brand","embeddable":true,"href":"https:\/\/cndestetik.ch\/fr\/wp-json\/wp\/v2\/product_brand?post=38269"},{"taxonomy":"product_cat","embeddable":true,"href":"https:\/\/cndestetik.ch\/fr\/wp-json\/wp\/v2\/product_cat?post=38269"},{"taxonomy":"product_tag","embeddable":true,"href":"https:\/\/cndestetik.ch\/fr\/wp-json\/wp\/v2\/product_tag?post=38269"}],"curies":[{"name":"wp","href":"https:\/\/api.w.org\/{rel}","templated":true}]}}