{"id":38209,"date":"2020-10-15T11:48:26","date_gmt":"2020-10-15T09:48:26","guid":{"rendered":"https:\/\/ticinoweb01.jcloud.ik-server.com\/cndestetik\/prodotto\/fondation-minerale-inika-liberte\/"},"modified":"2022-11-15T17:13:44","modified_gmt":"2022-11-15T16:13:44","slug":"inika-fondation-minerale-liberte","status":"publish","type":"product","link":"https:\/\/cndestetik.ch\/fr\/prodotto\/inika-fondation-minerale-liberte\/","title":{"rendered":"Fondation min\u00e9rale INIKA Libert\u00e9"},"content":{"rendered":"<p>Le fond de teint min\u00e9ral Loose est le nec plus ultra en mati\u00e8re de couverture impeccable et modulable, avec des ingr\u00e9dients 100 % naturels.<br \/>\nLes min\u00e9raux purs d\u00e9riv\u00e9s de la terre unifient le teint et masquent les probl\u00e8mes d&#8217;acn\u00e9, de cicatrices, de rosac\u00e9e ou de pigmentation. La texture soyeuse donne un fini a\u00e9rographe qui ne dess\u00e8che pas la peau.<br \/>\nLe titane et l&#8217;oxyde de zinc d&#8217;origine naturelle offrent une protection solaire sans produit chimique (SPF 25) pour prot\u00e9ger la peau des rayons UV nocifs.<br \/>\nIl peut \u00eatre port\u00e9 seul ou sur un fond de teint liquide pour un fini uniforme et durable.<br \/>\nLes min\u00e9raux d\u00e9riv\u00e9s de la terre, 100 % purs, permettent d&#8217;estomper sans effort et d&#8217;obtenir un fini a\u00e9rographe.<br \/>\nToit constructible.<br \/>\nExempt de charges et de produits chimiques agressifs.<br \/>\nIl n&#8217;obstrue pas les pores et n&#8217;irrite pas la peau.<br \/>\nTous les produits INIKA sont 100% d&#8217;origine naturelle, certifi\u00e9s v\u00e9g\u00e9taliens et sans cruaut\u00e9.<br \/>\n1. Tournez le couvercle int\u00e9rieur pour v\u00e9rifier la quantit\u00e9 de produit distribu\u00e9e.<br \/>\n2. Remettez le couvercle en place et tapez doucement pour lib\u00e9rer la poudre.<br \/>\n3. Retirez le couvercle lentement et avec pr\u00e9caution, en maintenant le produit en position verticale pour \u00e9viter qu&#8217;il ne se salisse.<br \/>\n4. Pr\u00e9levez une petite quantit\u00e9 de poudre avec votre pinceau Kabuki ou votre pinceau \u00e0 fond de teint Vegan et secouez la paupi\u00e8re pour l&#8217;enduire uniform\u00e9ment et obtenir une application impeccable.<br \/>\n5. Appliquez avec de l\u00e9gers mouvements circulaires.<br \/>\n6. R\u00e9p\u00e9tez l&#8217;op\u00e9ration pour couvrir les zones qui en ont besoin.<\/p>\n","protected":false},"excerpt":{"rendered":"<p>Modifie le teint de la peau et masque les imperfections<\/p>\n","protected":false},"featured_media":36971,"template":"","meta":{"_acf_changed":false},"product_brand":[],"product_cat":[15],"product_tag":[7456,10081,7603,7658,709],"class_list":{"0":"post-38209","1":"product","2":"type-product","3":"status-publish","4":"has-post-thumbnail","6":"product_cat-07-cosmetica","7":"product_tag-fondation-fr","8":"product_tag-liberte-fr-2","9":"product_tag-mineral-fr-2","10":"product_tag-perdre","11":"product_tag-titane","13":"first","14":"outofstock","15":"taxable","16":"shipping-taxable","17":"purchasable","18":"product-type-simple"},"acf":[],"jetpack_sharing_enabled":true,"_links":{"self":[{"href":"https:\/\/cndestetik.ch\/fr\/wp-json\/wp\/v2\/product\/38209","targetHints":{"allow":["GET"]}}],"collection":[{"href":"https:\/\/cndestetik.ch\/fr\/wp-json\/wp\/v2\/product"}],"about":[{"href":"https:\/\/cndestetik.ch\/fr\/wp-json\/wp\/v2\/types\/product"}],"wp:featuredmedia":[{"embeddable":true,"href":"https:\/\/cndestetik.ch\/fr\/wp-json\/wp\/v2\/media\/36971"}],"wp:attachment":[{"href":"https:\/\/cndestetik.ch\/fr\/wp-json\/wp\/v2\/media?parent=38209"}],"wp:term":[{"taxonomy":"product_brand","embeddable":true,"href":"https:\/\/cndestetik.ch\/fr\/wp-json\/wp\/v2\/product_brand?post=38209"},{"taxonomy":"product_cat","embeddable":true,"href":"https:\/\/cndestetik.ch\/fr\/wp-json\/wp\/v2\/product_cat?post=38209"},{"taxonomy":"product_tag","embeddable":true,"href":"https:\/\/cndestetik.ch\/fr\/wp-json\/wp\/v2\/product_tag?post=38209"}],"curies":[{"name":"wp","href":"https:\/\/api.w.org\/{rel}","templated":true}]}}