{"id":38192,"date":"2020-10-15T11:48:17","date_gmt":"2020-10-15T09:48:17","guid":{"rendered":"https:\/\/ticinoweb01.jcloud.ik-server.com\/cndestetik\/prodotto\/fond-de-teint-cuit-inika-patience\/"},"modified":"2020-10-15T11:48:17","modified_gmt":"2020-10-15T09:48:17","slug":"inika-baked-foundation-patience-2","status":"publish","type":"product","link":"https:\/\/cndestetik.ch\/fr\/prodotto\/inika-baked-foundation-patience-2\/","title":{"rendered":"Fond de teint cuit INIKA Patience"},"content":{"rendered":"<p>Cuit sur une tuile en terre cuite dans la belle Toscane, en Italie, ce fond de teint min\u00e9ral combine la couverture soyeuse et impeccable du maquillage min\u00e9ral avec la commodit\u00e9 d&#8217;une poudre compacte. La formule l\u00e9g\u00e8re et perm\u00e9able \u00e0 l&#8217;air commence par un voile transparent et s&#8217;\u00e9toffe progressivement, permettant d&#8217;obtenir une base naturelle parfaite. Les min\u00e9raux naturels d\u00e9riv\u00e9s de la terre et la technologie de r\u00e9flexion de la lumi\u00e8re permettent d&#8217;obtenir un fini lumineux et impeccable.<br \/>\nREMARQUE : Le fond de teint min\u00e9ral cuit INIKA est plus clair que le fond de teint min\u00e9ral en vrac INIKA. Choisissez une teinte plus fonc\u00e9e que votre teinte habituelle.<br \/>\nUn m\u00e9lange de min\u00e9raux purs et naturels cuit sur un carreau de terre cuite en Toscane, en Italie.<br \/>\nIl combine les bienfaits pour la peau du maquillage min\u00e9ral avec la commodit\u00e9 d&#8217;une poudre compacte sans produits chimiques nocifs.<br \/>\nL&#8217;extrait d&#8217;\u00e9corce de magnolia aide \u00e0 r\u00e9duire les rougeurs de la peau et am\u00e9liore son hydratation.<br \/>\nIl contient de l&#8217;Hectorite, connue pour sa capacit\u00e9 \u00e0 absorber l&#8217;exc\u00e8s de s\u00e9bum dans les pores de la peau.<br \/>\nFormule respirante et technologie r\u00e9fl\u00e9chissant la lumi\u00e8re.<br \/>\nHypoallerg\u00e9nique et test\u00e9 dermatologiquement.<br \/>\nTous les produits INIKA sont 100% d&#8217;origine naturelle, certifi\u00e9s v\u00e9g\u00e9taliens et sans cruaut\u00e9.<br \/>\n1. \u00c0 l&#8217;aide de la brosse Kabuki Vegan ou de la brosse \u00e0 fond de teint Vegan, faites doucement tourner les poils sur le fond de teint.<br \/>\n2. Tapotez pour enlever l&#8217;exc\u00e8s de poussi\u00e8re.<br \/>\n3. Par des mouvements circulaires, appliquez le fond de teint sur le visage en l&#8217;estompant de haut en bas jusqu&#8217;\u00e0 ce que la couverture souhait\u00e9e soit atteinte.<br \/>\nUtilisez-le seul ou par-dessus le fond de teint liquide de votre choix pour cr\u00e9er une couverture et augmenter la dur\u00e9e de tenue.<\/p>\n","protected":false},"excerpt":{"rendered":"<p>Cuit sur une tuile en terre cuite dans la belle Toscane, en Italie, ce fond de teint min\u00e9ral combine la couverture soyeuse et impeccable du maquillage min\u00e9ral avec la commodit\u00e9 d&#8217;une poudre compacte. La formule l\u00e9g\u00e8re et perm\u00e9able \u00e0 l&#8217;air commence par un voile transparent et s&#8217;\u00e9toffe progressivement, permettant d&#8217;obtenir une base naturelle parfaite. Les [&hellip;]<\/p>\n","protected":false},"featured_media":37007,"template":"","meta":{"_acf_changed":false},"product_brand":[],"product_cat":[15],"product_tag":[697,698,699],"class_list":{"0":"post-38192","1":"product","2":"type-product","3":"status-publish","4":"has-post-thumbnail","6":"product_cat-07-cosmetica","7":"product_tag-barkdimagnolia","8":"product_tag-hectorite-fr","9":"product_tag-mineraux","11":"first","12":"instock","13":"taxable","14":"shipping-taxable","15":"purchasable","16":"product-type-simple"},"acf":[],"jetpack_sharing_enabled":true,"_links":{"self":[{"href":"https:\/\/cndestetik.ch\/fr\/wp-json\/wp\/v2\/product\/38192","targetHints":{"allow":["GET"]}}],"collection":[{"href":"https:\/\/cndestetik.ch\/fr\/wp-json\/wp\/v2\/product"}],"about":[{"href":"https:\/\/cndestetik.ch\/fr\/wp-json\/wp\/v2\/types\/product"}],"wp:featuredmedia":[{"embeddable":true,"href":"https:\/\/cndestetik.ch\/fr\/wp-json\/wp\/v2\/media\/37007"}],"wp:attachment":[{"href":"https:\/\/cndestetik.ch\/fr\/wp-json\/wp\/v2\/media?parent=38192"}],"wp:term":[{"taxonomy":"product_brand","embeddable":true,"href":"https:\/\/cndestetik.ch\/fr\/wp-json\/wp\/v2\/product_brand?post=38192"},{"taxonomy":"product_cat","embeddable":true,"href":"https:\/\/cndestetik.ch\/fr\/wp-json\/wp\/v2\/product_cat?post=38192"},{"taxonomy":"product_tag","embeddable":true,"href":"https:\/\/cndestetik.ch\/fr\/wp-json\/wp\/v2\/product_tag?post=38192"}],"curies":[{"name":"wp","href":"https:\/\/api.w.org\/{rel}","templated":true}]}}