{"id":38146,"date":"2020-10-15T11:47:12","date_gmt":"2020-10-15T09:47:12","guid":{"rendered":"https:\/\/ticinoweb01.jcloud.ik-server.com\/cndestetik\/prodotto\/inika-lip-glaze-cherry\/"},"modified":"2023-01-10T11:52:33","modified_gmt":"2023-01-10T10:52:33","slug":"inika-lip-glaze-cherry","status":"publish","type":"product","link":"https:\/\/cndestetik.ch\/fr\/prodotto\/inika-lip-glaze-cherry\/","title":{"rendered":"Inika Lip Glaze Cherry"},"content":{"rendered":"<p><span data-sheets-value=\"{\"1\":2,\"2\":\"Lo smalto labbra biologico certificato \u00e8 stato appositamente formulato per fornire idratazione nutriente e cura per le labbra, aggiungendo un tocco di colore brillante.\\nIl burro di karit\u00e9 biologico certificato, gli oli di rosa canina e di jojoba e la cera di Candelilla contribuiscono a fornire una glassa ricca di sostanze nutritive che scivola dolcemente sulle labbra. \\n \\nRicca di antiossidanti e ingredienti per la cura della pelle, questa formula emolliente aiuta a idratare e guarire. L'olio essenziale di arancia biologico certificato dona un bellissimo profumo fresco e agrumato.\\nL'applicatore a bacchetta morbida garantisce un'applicazione delicata e precisa.\\nPu\u00f2 essere indossato da solo per aggiungere un colore sottile e lucentezza, o sovrapposto a una matita per le labbra o un rossetto per un vivace tocco di colore.\\nTutte le tonalit\u00e0 sono caratterizzate da un leggero luccichio.\\nIl burro di karit\u00e8 biologico certificato, gli oli di rosa canina e di jojoba e la cera di Candelilla contribuiscono a fornire una glassa pi\u00f9 ricca di sostanze nutritive che scivola dolcemente sulle labbra.\\nLa formula setosa scivola senza sforzo sulle labbra, studiata per curare e idratare la pelle, donando colore alle labbra.\\nOlio essenziale di arancia biologico certificato per un bellissimo profumo di agrumi.\\nIngredienti vegetali nutrienti e minerali idratano e ringiovaniscono le labbra.\\n77% di ingredienti biologici\\nTutti i prodotti INIKA sono di derivazione naturale al 100%, certificati vegani e cruelty free.\\n1. Utilizzando l'applicatore a bacchetta morbida, applicare direttamente sulle labbra nude per una spruzzata istantanea di idratazione e pigmento.\\n2. In alternativa, applica sopra il tuo rossetto vegano biologico certificato INIKA preferito per una finitura lucida.\\n\"}\" data-sheets-userformat=\"{\"2\":15297,\"3\":{\"1\":0},\"9\":0,\"10\":2,\"11\":0,\"12\":0,\"14\":{\"1\":2,\"2\":0},\"15\":\"Calibri\",\"16\":11}\">Ce vernis \u00e0 l\u00e8vres certifi\u00e9 biologique est sp\u00e9cialement formul\u00e9 pour apporter une hydratation et un soin nourrissants aux l\u00e8vres, tout en ajoutant une touche de couleur vive.<br \/>\nLe beurre de karit\u00e9, l&#8217;huile de rose musqu\u00e9e, l&#8217;huile de jojoba et la cire de candelilla, tous certifi\u00e9s biologiques, forment un gla\u00e7age riche en nutriments qui glisse en douceur sur les l\u00e8vres.<\/span><\/p>\n<p>Riche en antioxydants et en ingr\u00e9dients de soins de la peau, cette formule \u00e9molliente aide \u00e0 hydrater et \u00e0 gu\u00e9rir. L&#8217;huile essentielle d&#8217;orange certifi\u00e9e biologique donne un beau parfum frais et citronn\u00e9.<br \/>\nL&#8217;applicateur souple permet une application douce et pr\u00e9cise.<br \/>\nIl peut \u00eatre port\u00e9 seul pour ajouter une couleur et une brillance subtiles, ou superpos\u00e9 \u00e0 un crayon \u00e0 l\u00e8vres ou \u00e0 un rouge \u00e0 l\u00e8vres pour une touche de couleur vive.<br \/>\nToutes les teintes sont caract\u00e9ris\u00e9es par un l\u00e9ger scintillement.<br \/>\nLe beurre de karit\u00e9, l&#8217;huile de rose musqu\u00e9e, l&#8217;huile de jojoba et la cire de candelilla, tous certifi\u00e9s biologiques, forment un gla\u00e7age riche en nutriments qui glisse en douceur sur les l\u00e8vres.<br \/>\nLa formule soyeuse glisse sans effort sur les l\u00e8vres, con\u00e7ue pour soigner et hydrater la peau, tout en donnant de la couleur aux l\u00e8vres.<br \/>\nHuile essentielle d&#8217;orange certifi\u00e9e biologique pour un beau parfum d&#8217;agrumes.<br \/>\nLes ingr\u00e9dients v\u00e9g\u00e9taux nourrissants et les min\u00e9raux hydratent et rajeunissent les l\u00e8vres.<br \/>\n77% d&#8217;ingr\u00e9dients biologiques<br \/>\nTous les produits INIKA sont 100% d&#8217;origine naturelle, certifi\u00e9s v\u00e9g\u00e9taliens et sans cruaut\u00e9.<br \/>\n1. \u00c0 l&#8217;aide de l&#8217;applicateur souple, appliquez directement sur les l\u00e8vres nues pour une pulv\u00e9risation instantan\u00e9e d&#8217;hydratation et de pigment.<br \/>\n2. Vous pouvez \u00e9galement appliquer votre rouge \u00e0 l\u00e8vres v\u00e9g\u00e9talien certifi\u00e9 biologique INIKA pr\u00e9f\u00e9r\u00e9 par-dessus pour un fini brillant.<\/p>\n","protected":false},"excerpt":{"rendered":"<p>Brillant hydratant et nourrissant INIKA. Prix de d\u00e9tail recommand\u00e9 : 23,10 CHF<\/p>\n","protected":false},"featured_media":54158,"template":"","meta":{"_acf_changed":false},"product_brand":[],"product_cat":[8512],"product_tag":[6771,691,5390,7564,459,4385,745,692],"class_list":{"0":"post-38146","1":"product","2":"type-product","3":"status-publish","4":"has-post-thumbnail","6":"product_cat-dernieres-pieces","7":"product_tag-brillant","8":"product_tag-candelilla-fr","9":"product_tag-cerise","10":"product_tag-glacage","11":"product_tag-jojoba-fr","12":"product_tag-levre","13":"product_tag-levres","14":"product_tag-rosacanina-fr","16":"first","17":"instock","18":"sale","19":"taxable","20":"shipping-taxable","21":"purchasable","22":"product-type-simple"},"acf":[],"jetpack_sharing_enabled":true,"_links":{"self":[{"href":"https:\/\/cndestetik.ch\/fr\/wp-json\/wp\/v2\/product\/38146","targetHints":{"allow":["GET"]}}],"collection":[{"href":"https:\/\/cndestetik.ch\/fr\/wp-json\/wp\/v2\/product"}],"about":[{"href":"https:\/\/cndestetik.ch\/fr\/wp-json\/wp\/v2\/types\/product"}],"wp:featuredmedia":[{"embeddable":true,"href":"https:\/\/cndestetik.ch\/fr\/wp-json\/wp\/v2\/media\/54158"}],"wp:attachment":[{"href":"https:\/\/cndestetik.ch\/fr\/wp-json\/wp\/v2\/media?parent=38146"}],"wp:term":[{"taxonomy":"product_brand","embeddable":true,"href":"https:\/\/cndestetik.ch\/fr\/wp-json\/wp\/v2\/product_brand?post=38146"},{"taxonomy":"product_cat","embeddable":true,"href":"https:\/\/cndestetik.ch\/fr\/wp-json\/wp\/v2\/product_cat?post=38146"},{"taxonomy":"product_tag","embeddable":true,"href":"https:\/\/cndestetik.ch\/fr\/wp-json\/wp\/v2\/product_tag?post=38146"}],"curies":[{"name":"wp","href":"https:\/\/api.w.org\/{rel}","templated":true}]}}