{"id":38139,"date":"2020-10-15T11:47:06","date_gmt":"2020-10-15T09:47:06","guid":{"rendered":"https:\/\/ticinoweb01.jcloud.ik-server.com\/cndestetik\/prodotto\/crayon-a-levres-inika-safari\/"},"modified":"2020-10-15T11:47:06","modified_gmt":"2020-10-15T09:47:06","slug":"inika-lip-pencil-safari-2","status":"publish","type":"product","link":"https:\/\/cndestetik.ch\/fr\/prodotto\/inika-lip-pencil-safari-2\/","title":{"rendered":"Crayon \u00e0 l\u00e8vres Inika Safari"},"content":{"rendered":"<p>Accentuez la forme de vos l\u00e8vres et donnez-leur une d\u00e9finition parfaite avec ce crayon \u00e0 l\u00e8vres cr\u00e9meux.<br \/>\nLe m\u00e9lange durable d&#8217;huiles botaniques press\u00e9es \u00e0 froid et de cires v\u00e9g\u00e9tales est compl\u00e9t\u00e9 par des pigments min\u00e9raux purs qui donnent une couleur succulente et durable.<br \/>\nLa couleur pigment\u00e9e au fini semi-mat glisse sur les l\u00e8vres pour les adoucir et les apaiser et permet au rouge \u00e0 l\u00e8vres de rester en place.<br \/>\nLa formule cr\u00e9meuse glisse facilement pour une couleur uniforme.<br \/>\nEnrichi en huile de noix de coco naturelle et en vitamine E pour une hydratation longue dur\u00e9e.<br \/>\nAppliquez sur des l\u00e8vres nues ou associez-les \u00e0 votre rouge \u00e0 l\u00e8vres INIKA pr\u00e9f\u00e9r\u00e9 pour une couleur plus profonde et pour \u00e9viter que la couleur ne d\u00e9teigne.<br \/>\nIl garantit que le rouge \u00e0 l\u00e8vres ne saigne pas.<\/p>\n<p>Crayon \u00e0 l\u00e8vres certifi\u00e9 biologique Finition<br \/>\nSafari &#8211; Mat<br \/>\nRose poussi\u00e9reux &#8211; Mat<br \/>\nBuffle &#8211; Mat<br \/>\nNude Delight &#8211; Brillant<br \/>\nRose marocain &#8211; Satin<br \/>\nSugar Plum &#8211; Satin<br \/>\nTous les produits INIKA sont 100% d&#8217;origine naturelle, certifi\u00e9s v\u00e9g\u00e9taliens et sans cruaut\u00e9.<br \/>\n1. Alignez soigneusement vos l\u00e8vres par sections, en commen\u00e7ant par l&#8217;arc de Cupidon.<br \/>\n2. Remplissez les deux c\u00f4t\u00e9s de la l\u00e8vre sup\u00e9rieure, le centre de la l\u00e8vre inf\u00e9rieure, puis le reste de la l\u00e8vre inf\u00e9rieure.<br \/>\n3. Pour compl\u00e9ter votre look, remplissez toute la zone des l\u00e8vres avec votre rouge \u00e0 l\u00e8vres v\u00e9g\u00e9talien certifi\u00e9 biologique INIKA pr\u00e9f\u00e9r\u00e9.<br \/>\nAff\u00fbter avec un aiguiseur INIKA si n\u00e9cessaire.<\/p>\n","protected":false},"excerpt":{"rendered":"<p>Accentuez la forme de vos l\u00e8vres et donnez-leur une d\u00e9finition parfaite avec ce crayon \u00e0 l\u00e8vres cr\u00e9meux. Le m\u00e9lange durable d&#8217;huiles botaniques press\u00e9es \u00e0 froid et de cires v\u00e9g\u00e9tales est compl\u00e9t\u00e9 par des pigments min\u00e9raux purs qui donnent une couleur succulente et durable. La couleur pigment\u00e9e au fini semi-mat glisse sur les l\u00e8vres pour les [&hellip;]<\/p>\n","protected":false},"featured_media":37193,"template":"","meta":{"_acf_changed":false},"product_brand":[],"product_cat":[15],"product_tag":[684,418,392],"class_list":{"0":"post-38139","1":"product","2":"type-product","3":"status-publish","4":"has-post-thumbnail","6":"product_cat-07-cosmetica","7":"product_tag-cire","8":"product_tag-noix-de-coco","9":"product_tag-se-reconcilier","11":"first","12":"instock","13":"taxable","14":"shipping-taxable","15":"purchasable","16":"product-type-simple"},"acf":[],"jetpack_sharing_enabled":true,"_links":{"self":[{"href":"https:\/\/cndestetik.ch\/fr\/wp-json\/wp\/v2\/product\/38139","targetHints":{"allow":["GET"]}}],"collection":[{"href":"https:\/\/cndestetik.ch\/fr\/wp-json\/wp\/v2\/product"}],"about":[{"href":"https:\/\/cndestetik.ch\/fr\/wp-json\/wp\/v2\/types\/product"}],"wp:featuredmedia":[{"embeddable":true,"href":"https:\/\/cndestetik.ch\/fr\/wp-json\/wp\/v2\/media\/37193"}],"wp:attachment":[{"href":"https:\/\/cndestetik.ch\/fr\/wp-json\/wp\/v2\/media?parent=38139"}],"wp:term":[{"taxonomy":"product_brand","embeddable":true,"href":"https:\/\/cndestetik.ch\/fr\/wp-json\/wp\/v2\/product_brand?post=38139"},{"taxonomy":"product_cat","embeddable":true,"href":"https:\/\/cndestetik.ch\/fr\/wp-json\/wp\/v2\/product_cat?post=38139"},{"taxonomy":"product_tag","embeddable":true,"href":"https:\/\/cndestetik.ch\/fr\/wp-json\/wp\/v2\/product_tag?post=38139"}],"curies":[{"name":"wp","href":"https:\/\/api.w.org\/{rel}","templated":true}]}}