{"id":38108,"date":"2020-10-15T11:46:28","date_gmt":"2020-10-15T09:46:28","guid":{"rendered":"https:\/\/ticinoweb01.jcloud.ik-server.com\/cndestetik\/prodotto\/crayon-a-sourcils-inika-brunette-beauty\/"},"modified":"2022-06-28T14:49:26","modified_gmt":"2022-06-28T12:49:26","slug":"inika-crayon-sourcils-brunette-beaute","status":"publish","type":"product","link":"https:\/\/cndestetik.ch\/fr\/prodotto\/inika-crayon-sourcils-brunette-beaute\/","title":{"rendered":"Crayon \u00e0 sourcils Inika Brunette Beauty"},"content":{"rendered":"<p>Enrichi en huile de noix de coco certifi\u00e9e biologique pour une texture des plus lisses, utilisez-le pour accentuer ou relever la forme naturelle des sourcils, combler les poils manquants ou rehausser la couleur pour plus de d\u00e9finition.<br \/>\nLa texture douce glisse sans effort sur les sourcils.<br \/>\nIl offre un soin du corps ainsi qu&#8217;une extr\u00eame pr\u00e9cision des couleurs sans r\u00e9sidu cireux.<br \/>\nDes ingr\u00e9dients v\u00e9g\u00e9taux certifi\u00e9s biologiques nourrissent et adoucissent les sourcils.<br \/>\nTous les produits INIKA sont 100% d&#8217;origine naturelle, certifi\u00e9s v\u00e9g\u00e9taliens et sans cruaut\u00e9.<br \/>\n1. En commen\u00e7ant par le coin interne du sourcil, le plus proche de l&#8217;ar\u00eate du nez, utilisez de courts mouvements vers le haut semblables \u00e0 des tirets pour combler les espaces ou les zones clairsem\u00e9es.<br \/>\n2. Construire selon les besoins.<br \/>\n3. Utilisez un pinceau ou une brosse \u00e0 sourcils pour peigner et finir.<br \/>\nAff\u00fbter avec un aiguiseur INIKA si n\u00e9cessaire.<\/p>\n","protected":false},"excerpt":{"rendered":"<p>Enrichi en huile de noix de coco certifi\u00e9e biologique pour une texture des plus lisses, utilisez-le pour accentuer ou relever la forme naturelle des sourcils, combler les poils manquants ou rehausser la couleur pour plus de d\u00e9finition. La texture douce glisse sans effort sur les sourcils. Il offre un soin du corps ainsi qu&#8217;une extr\u00eame [&hellip;]<\/p>\n","protected":false},"featured_media":37241,"template":"","meta":{"_acf_changed":false},"product_brand":[],"product_cat":[15],"product_tag":[],"class_list":{"0":"post-38108","1":"product","2":"type-product","3":"status-publish","4":"has-post-thumbnail","6":"product_cat-07-cosmetica","8":"first","9":"instock","10":"taxable","11":"shipping-taxable","12":"purchasable","13":"product-type-simple"},"acf":[],"jetpack_sharing_enabled":true,"_links":{"self":[{"href":"https:\/\/cndestetik.ch\/fr\/wp-json\/wp\/v2\/product\/38108","targetHints":{"allow":["GET"]}}],"collection":[{"href":"https:\/\/cndestetik.ch\/fr\/wp-json\/wp\/v2\/product"}],"about":[{"href":"https:\/\/cndestetik.ch\/fr\/wp-json\/wp\/v2\/types\/product"}],"wp:featuredmedia":[{"embeddable":true,"href":"https:\/\/cndestetik.ch\/fr\/wp-json\/wp\/v2\/media\/37241"}],"wp:attachment":[{"href":"https:\/\/cndestetik.ch\/fr\/wp-json\/wp\/v2\/media?parent=38108"}],"wp:term":[{"taxonomy":"product_brand","embeddable":true,"href":"https:\/\/cndestetik.ch\/fr\/wp-json\/wp\/v2\/product_brand?post=38108"},{"taxonomy":"product_cat","embeddable":true,"href":"https:\/\/cndestetik.ch\/fr\/wp-json\/wp\/v2\/product_cat?post=38108"},{"taxonomy":"product_tag","embeddable":true,"href":"https:\/\/cndestetik.ch\/fr\/wp-json\/wp\/v2\/product_tag?post=38108"}],"curies":[{"name":"wp","href":"https:\/\/api.w.org\/{rel}","templated":true}]}}