{"id":38087,"date":"2020-10-15T11:45:32","date_gmt":"2020-10-15T09:45:32","guid":{"rendered":"https:\/\/ticinoweb01.jcloud.ik-server.com\/cndestetik\/prodotto\/ombre-a-paupieres-inika-min-burnt-sienna\/"},"modified":"2023-01-12T13:27:59","modified_gmt":"2023-01-12T12:27:59","slug":"inika-min-eye-shadow-burnt-sienna","status":"publish","type":"product","link":"https:\/\/cndestetik.ch\/fr\/prodotto\/inika-min-eye-shadow-burnt-sienna\/","title":{"rendered":"Ombre \u00e0 paupi\u00e8res Inika Min Burnt Sienna"},"content":{"rendered":"<p>Parfaite pour cr\u00e9er n&#8217;importe quel look, l&#8217;ombre \u00e0 paupi\u00e8res min\u00e9rale en vrac, pure et naturelle, offre un pigment riche et magnifique qui permet de colorer les yeux toute la journ\u00e9e, m\u00eame pour les yeux sensibles.<br \/>\nFormule modulable pour une longue dur\u00e9e de vie<br \/>\nLa formule riche en min\u00e9raux et hautement pigment\u00e9e assure une couleur opulente pour des yeux \u00e9blouissants.<br \/>\nIl peut \u00e9galement \u00eatre utilis\u00e9 comme agent d&#8217;\u00e9clairage lumineux.<br \/>\nConvient aux yeux sensibles.<br \/>\nTous les produits INIKA sont 100% d&#8217;origine naturelle, certifi\u00e9s v\u00e9g\u00e9taliens et sans cruaut\u00e9.<br \/>\n1. Retirez le couvercle lentement et avec pr\u00e9caution, en gardant la cocotte en position verticale pour \u00e9viter qu&#8217;elle ne se salisse.<br \/>\n2. Pressez le pinceau Vegan Shadow dans la poudre pour recueillir le pigment.<br \/>\n3. Tamponnez l\u00e9g\u00e8rement la couleur sur la paupi\u00e8re, en augmentant l&#8217;intensit\u00e9 et en estompant si n\u00e9cessaire.<br \/>\nConseil : versez une petite portion d&#8217;ombre \u00e0 paupi\u00e8res min\u00e9rale dans la paupi\u00e8re et m\u00e9langez-la avec une goutte d&#8217;eau. Utilisez votre pinceau Vegan Defining Angle pour un eyeliner liquide intense.<br \/>\nPour l&#8217;utilisation en tant qu&#8217;agent d&#8217;illumination : utiliser un petit pinceau pelucheux pour recueillir le produit et l&#8217;appliquer par de l\u00e9gers mouvements de balayage sur les points les plus \u00e9lev\u00e9s du visage, tels que les pommettes et les sourcils, pour un \u00e9clat refl\u00e9tant la lumi\u00e8re. Utilisez un pinceau plus petit ou le bout de vos doigts pour appliquer l&#8217;arc de cupidon et les coins internes des yeux.<\/p>\n","protected":false},"excerpt":{"rendered":"<p>Ombre \u00e0 paupi\u00e8res hyperpigment\u00e9e. Prix de d\u00e9tail recommand\u00e9 : 20,30 CHF<\/p>\n","protected":false},"featured_media":37310,"template":"","meta":{"_acf_changed":false},"product_brand":[],"product_cat":[8512],"product_tag":[9500,7600,7605,5726,7341,392,5068],"class_list":{"0":"post-38087","1":"product","2":"type-product","3":"status-publish","4":"has-post-thumbnail","6":"product_cat-dernieres-pieces","7":"product_tag-brule","8":"product_tag-oeil","9":"product_tag-ombre","10":"product_tag-ombre-a-paupieres","11":"product_tag-ombre-a-paupieres-fr","12":"product_tag-se-reconcilier","13":"product_tag-sienna-fr","15":"first","16":"instock","17":"sale","18":"taxable","19":"shipping-taxable","20":"purchasable","21":"product-type-simple"},"acf":[],"jetpack_sharing_enabled":true,"_links":{"self":[{"href":"https:\/\/cndestetik.ch\/fr\/wp-json\/wp\/v2\/product\/38087","targetHints":{"allow":["GET"]}}],"collection":[{"href":"https:\/\/cndestetik.ch\/fr\/wp-json\/wp\/v2\/product"}],"about":[{"href":"https:\/\/cndestetik.ch\/fr\/wp-json\/wp\/v2\/types\/product"}],"wp:featuredmedia":[{"embeddable":true,"href":"https:\/\/cndestetik.ch\/fr\/wp-json\/wp\/v2\/media\/37310"}],"wp:attachment":[{"href":"https:\/\/cndestetik.ch\/fr\/wp-json\/wp\/v2\/media?parent=38087"}],"wp:term":[{"taxonomy":"product_brand","embeddable":true,"href":"https:\/\/cndestetik.ch\/fr\/wp-json\/wp\/v2\/product_brand?post=38087"},{"taxonomy":"product_cat","embeddable":true,"href":"https:\/\/cndestetik.ch\/fr\/wp-json\/wp\/v2\/product_cat?post=38087"},{"taxonomy":"product_tag","embeddable":true,"href":"https:\/\/cndestetik.ch\/fr\/wp-json\/wp\/v2\/product_tag?post=38087"}],"curies":[{"name":"wp","href":"https:\/\/api.w.org\/{rel}","templated":true}]}}