{"id":38074,"date":"2020-10-15T11:45:27","date_gmt":"2020-10-15T09:45:27","guid":{"rendered":"https:\/\/ticinoweb01.jcloud.ik-server.com\/cndestetik\/prodotto\/ombre-a-paupieres-creme-inika-pink-cloud\/"},"modified":"2022-11-28T13:05:24","modified_gmt":"2022-11-28T12:05:24","slug":"inika-cream-eye-shadow-pink-cloud","status":"publish","type":"product","link":"https:\/\/cndestetik.ch\/fr\/prodotto\/inika-cream-eye-shadow-pink-cloud\/","title":{"rendered":"Ombre \u00e0 paupi\u00e8res cr\u00e8me Inika Pink Cloud"},"content":{"rendered":"<p>Associant de l&#8217;aloe vera enti\u00e8rement naturel, de l&#8217;extrait de feuille de th\u00e9 noir et des pigments min\u00e9raux purs, l&#8217;eyeliner liquide offre une couleur intense et une tenue sophistiqu\u00e9e.<br \/>\nSans alcool et con\u00e7u pour les yeux sensibles, l&#8217;embout de pr\u00e9cision permet une application m\u00e9ticuleuse et facile, assurant un fini parfait \u00e0 chaque fois.<br \/>\nCouleur intense, longue dur\u00e9e et r\u00e9sistante \u00e0 la bavure.<br \/>\nPointe de pr\u00e9cision pour une finition impeccable.<br \/>\nS\u00e8che rapidement, sans alcool et convient aux yeux sensibles.<br \/>\n70% d&#8217;ingr\u00e9dients biologiques<br \/>\nTous les produits INIKA sont 100% d&#8217;origine naturelle, certifi\u00e9s v\u00e9g\u00e9taliens et sans cruaut\u00e9.<br \/>\n1. Secouez la bouteille.<br \/>\n2. En partant du coin interne et en allant vers l&#8217;ext\u00e9rieur, balayez soigneusement la pointe du feutre le long de la ligne des cils, en restant aussi pr\u00e8s des cils que possible.<br \/>\n3. Si vous le souhaitez, ajoutez un petit trait vers le haut sur les bords des deux yeux pour un effet f\u00e9lin.<br \/>\nCONSEIL : enlevez facilement les erreurs \u00e9ventuelles avec de l&#8217;eau micellaire ou du d\u00e9maquillant INIKA sur un bout de coton.<\/p>\n","protected":false},"excerpt":{"rendered":"<p>Cet eyeliner liquide offre une couleur intense et une tenue sophistiqu\u00e9e.<\/p>\n","protected":false},"featured_media":37322,"template":"","meta":{"_acf_changed":false},"product_brand":[],"product_cat":[8512],"product_tag":[5513,9600,7600,7605,5726,5783,392],"class_list":{"0":"post-38074","1":"product","2":"type-product","3":"status-publish","4":"has-post-thumbnail","6":"product_cat-dernieres-pieces","7":"product_tag-creme-fr","8":"product_tag-nuage","9":"product_tag-oeil","10":"product_tag-ombre","11":"product_tag-ombre-a-paupieres","12":"product_tag-rose-fr-2","13":"product_tag-se-reconcilier","15":"first","16":"outofstock","17":"sale","18":"taxable","19":"shipping-taxable","20":"purchasable","21":"product-type-simple"},"acf":[],"jetpack_sharing_enabled":true,"_links":{"self":[{"href":"https:\/\/cndestetik.ch\/fr\/wp-json\/wp\/v2\/product\/38074","targetHints":{"allow":["GET"]}}],"collection":[{"href":"https:\/\/cndestetik.ch\/fr\/wp-json\/wp\/v2\/product"}],"about":[{"href":"https:\/\/cndestetik.ch\/fr\/wp-json\/wp\/v2\/types\/product"}],"wp:featuredmedia":[{"embeddable":true,"href":"https:\/\/cndestetik.ch\/fr\/wp-json\/wp\/v2\/media\/37322"}],"wp:attachment":[{"href":"https:\/\/cndestetik.ch\/fr\/wp-json\/wp\/v2\/media?parent=38074"}],"wp:term":[{"taxonomy":"product_brand","embeddable":true,"href":"https:\/\/cndestetik.ch\/fr\/wp-json\/wp\/v2\/product_brand?post=38074"},{"taxonomy":"product_cat","embeddable":true,"href":"https:\/\/cndestetik.ch\/fr\/wp-json\/wp\/v2\/product_cat?post=38074"},{"taxonomy":"product_tag","embeddable":true,"href":"https:\/\/cndestetik.ch\/fr\/wp-json\/wp\/v2\/product_tag?post=38074"}],"curies":[{"name":"wp","href":"https:\/\/api.w.org\/{rel}","templated":true}]}}