{"id":38042,"date":"2020-10-15T11:45:03","date_gmt":"2020-10-15T09:45:03","guid":{"rendered":"https:\/\/ticinoweb01.jcloud.ik-server.com\/cndestetik\/prodotto\/lotion-solide-aux-agrumes\/"},"modified":"2022-11-15T17:10:13","modified_gmt":"2022-11-15T16:10:13","slug":"lotion-solide-aux-agrumes","status":"publish","type":"product","link":"https:\/\/cndestetik.ch\/fr\/prodotto\/lotion-solide-aux-agrumes\/","title":{"rendered":"Lotion solide aux agrumes"},"content":{"rendered":"<p>Cette lotion riche hydrate profond\u00e9ment votre peau en une seule \u00e9tape !<br \/>\nIl suffit de le frotter sur la peau humide et de le faire p\u00e9n\u00e9trer en massant pour faciliter l&#8217;absorption, et n&#8217;oubliez pas qu&#8217;un petit peu suffit !<br \/>\nCette barre est parfum\u00e9e aux huiles essentielles de bergamote, de pamplemousse et de thym, qui lui conf\u00e8rent un parfum d&#8217;agrumes vibrant et rafra\u00eechissant !<\/p>\n","protected":false},"excerpt":{"rendered":"<p>Savon solide Lotion Avec des huiles essentielles de bergamote, pamplemousse et thym.<\/p>\n","protected":false},"featured_media":37358,"template":"","meta":{"_acf_changed":false},"product_brand":[],"product_cat":[8512,1925],"product_tag":[7532,601,627,1057,433,2049,7518,7525],"class_list":{"0":"post-38042","1":"product","2":"type-product","3":"status-publish","4":"has-post-thumbnail","6":"product_cat-dernieres-pieces","7":"product_cat-determination","8":"product_tag-agrumes-fr","9":"product_tag-amandes","10":"product_tag-cacao-fr","11":"product_tag-du-savon","12":"product_tag-karite-fr","13":"product_tag-lotion-fr","14":"product_tag-savonette","15":"product_tag-solid-fr","17":"first","18":"outofstock","19":"sale","20":"taxable","21":"shipping-taxable","22":"purchasable","23":"product-type-simple"},"acf":[],"jetpack_sharing_enabled":true,"_links":{"self":[{"href":"https:\/\/cndestetik.ch\/fr\/wp-json\/wp\/v2\/product\/38042","targetHints":{"allow":["GET"]}}],"collection":[{"href":"https:\/\/cndestetik.ch\/fr\/wp-json\/wp\/v2\/product"}],"about":[{"href":"https:\/\/cndestetik.ch\/fr\/wp-json\/wp\/v2\/types\/product"}],"wp:featuredmedia":[{"embeddable":true,"href":"https:\/\/cndestetik.ch\/fr\/wp-json\/wp\/v2\/media\/37358"}],"wp:attachment":[{"href":"https:\/\/cndestetik.ch\/fr\/wp-json\/wp\/v2\/media?parent=38042"}],"wp:term":[{"taxonomy":"product_brand","embeddable":true,"href":"https:\/\/cndestetik.ch\/fr\/wp-json\/wp\/v2\/product_brand?post=38042"},{"taxonomy":"product_cat","embeddable":true,"href":"https:\/\/cndestetik.ch\/fr\/wp-json\/wp\/v2\/product_cat?post=38042"},{"taxonomy":"product_tag","embeddable":true,"href":"https:\/\/cndestetik.ch\/fr\/wp-json\/wp\/v2\/product_tag?post=38042"}],"curies":[{"name":"wp","href":"https:\/\/api.w.org\/{rel}","templated":true}]}}