{"id":38037,"date":"2020-10-15T11:45:11","date_gmt":"2020-10-15T09:45:11","guid":{"rendered":"https:\/\/ticinoweb01.jcloud.ik-server.com\/cndestetik\/prodotto\/inika-baked-in-a-box-trust\/"},"modified":"2020-10-15T11:45:11","modified_gmt":"2020-10-15T09:45:11","slug":"inika-baked-in-a-box-trust-2","status":"publish","type":"product","link":"https:\/\/cndestetik.ch\/fr\/prodotto\/inika-baked-in-a-box-trust-2\/","title":{"rendered":"Inika Baked in A Box Trust"},"content":{"rendered":"<p>L&#8217;\u00e9dition limit\u00e9e Baked In A Box est votre kit essentiel contenant des produits biologiques INIKA pour un teint \u00e9clatant au quotidien.<br \/>\nIl s&#8217;agit du kit de d\u00e9marrage id\u00e9al pour les personnes qui d\u00e9couvrent la gamme INIKA Organic. Il est disponible en cinq teintes diff\u00e9rentes, adapt\u00e9es aux diff\u00e9rents tons de peau.<br \/>\nCette collection essentielle comprend : Fond de teint min\u00e9ral cuit 2.5g, Illuminateur min\u00e9ral cuit 2.5g, Bronzant min\u00e9ral libre 3.5g, Pinceau v\u00e9g\u00e9tal pour fond de teint, Fond de teint liquide certifi\u00e9 biologique 4ml, BB cr\u00e8me certifi\u00e9e biologique 4ml, Correcteur de teint Perfection certifi\u00e9 biologique 4ml, Appr\u00eat pur certifi\u00e9 biologique 10ml, Poudre min\u00e9rale matifiante 0.7g.<\/p>\n<p>** REMARQUE : Notre fond de teint min\u00e9ral libre est plus clair que notre fond de teint min\u00e9ral libre, veuillez choisir une teinte plus fonc\u00e9e que votre teinte habituelle.<\/p>\n","protected":false},"excerpt":{"rendered":"<p>L&#8217;\u00e9dition limit\u00e9e Baked In A Box est votre kit essentiel contenant des produits biologiques INIKA pour un teint \u00e9clatant au quotidien. Il s&#8217;agit du kit de d\u00e9marrage id\u00e9al pour les personnes qui d\u00e9couvrent la gamme INIKA Organic. Il est disponible en cinq teintes diff\u00e9rentes, adapt\u00e9es aux diff\u00e9rents tons de peau. Cette collection essentielle comprend : [&hellip;]<\/p>\n","protected":false},"featured_media":37349,"template":"","meta":{"_acf_changed":false},"product_brand":[],"product_cat":[15],"product_tag":[393,392],"class_list":{"0":"post-38037","1":"product","2":"type-product","3":"status-publish","4":"has-post-thumbnail","6":"product_cat-07-cosmetica","7":"product_tag-kit-fr","8":"product_tag-se-reconcilier","10":"first","11":"instock","12":"taxable","13":"shipping-taxable","14":"purchasable","15":"product-type-simple"},"acf":[],"jetpack_sharing_enabled":true,"_links":{"self":[{"href":"https:\/\/cndestetik.ch\/fr\/wp-json\/wp\/v2\/product\/38037","targetHints":{"allow":["GET"]}}],"collection":[{"href":"https:\/\/cndestetik.ch\/fr\/wp-json\/wp\/v2\/product"}],"about":[{"href":"https:\/\/cndestetik.ch\/fr\/wp-json\/wp\/v2\/types\/product"}],"wp:featuredmedia":[{"embeddable":true,"href":"https:\/\/cndestetik.ch\/fr\/wp-json\/wp\/v2\/media\/37349"}],"wp:attachment":[{"href":"https:\/\/cndestetik.ch\/fr\/wp-json\/wp\/v2\/media?parent=38037"}],"wp:term":[{"taxonomy":"product_brand","embeddable":true,"href":"https:\/\/cndestetik.ch\/fr\/wp-json\/wp\/v2\/product_brand?post=38037"},{"taxonomy":"product_cat","embeddable":true,"href":"https:\/\/cndestetik.ch\/fr\/wp-json\/wp\/v2\/product_cat?post=38037"},{"taxonomy":"product_tag","embeddable":true,"href":"https:\/\/cndestetik.ch\/fr\/wp-json\/wp\/v2\/product_tag?post=38037"}],"curies":[{"name":"wp","href":"https:\/\/api.w.org\/{rel}","templated":true}]}}