{"id":38018,"date":"2020-10-15T11:43:47","date_gmt":"2020-10-15T09:43:47","guid":{"rendered":"https:\/\/ticinoweb01.jcloud.ik-server.com\/cndestetik\/prodotto\/apres-shampooing-pour-cheveux-2\/"},"modified":"2020-10-15T11:43:47","modified_gmt":"2020-10-15T09:43:47","slug":"apres-shampooing-2","status":"publish","type":"product","link":"https:\/\/cndestetik.ch\/fr\/prodotto\/apres-shampooing-2\/","title":{"rendered":"Apr\u00e8s-shampooing pour cheveux"},"content":{"rendered":"<p>Un grand produit pour tous les cheveux et qui \u00e9claircit avec un effet anti-frizz. Ce produit nourrit et renforce les cheveux, leur donnant brillance et facilit\u00e9 de coiffage. Prot\u00e8ge contre le s\u00e9chage au s\u00e8che-cheveux et n&#8217;alourdit pas.<\/p>\n<p>Il laisse un parfum d\u00e9licat et agr\u00e9able qui dure toute la journ\u00e9e !<\/p>\n<p>Notre conseil ? Aidez vos cheveux \u00e0 rester forts : en plus d&#8217;utiliser le bon shampooing, &#8220;propre&#8221; et doux, nettoyez correctement votre cuir chevelu et vos cheveux avec l&#8217;enveloppement d\u00e9toxifiant au moins une fois par semaine et nourrissez votre cuir chevelu et vos cheveux avec de l&#8217;huile ou du beurre restructurant&#8230; Apr\u00e8s quelques semaines, vous verrez vos cheveux se transformer !<\/p>\n","protected":false},"excerpt":{"rendered":"<p>Un grand produit pour tous les cheveux et qui \u00e9claircit avec un effet anti-frizz. Ce produit nourrit et renforce les cheveux, leur donnant brillance et facilit\u00e9 de coiffage. Prot\u00e8ge contre le s\u00e9chage au s\u00e8che-cheveux et n&#8217;alourdit pas. Il laisse un parfum d\u00e9licat et agr\u00e9able qui dure toute la journ\u00e9e ! Notre conseil ? Aidez vos [&hellip;]<\/p>\n","protected":false},"featured_media":37418,"template":"","meta":{"_acf_changed":false},"product_brand":[],"product_cat":[15],"product_tag":[],"class_list":{"0":"post-38018","1":"product","2":"type-product","3":"status-publish","4":"has-post-thumbnail","6":"product_cat-07-cosmetica","8":"first","9":"instock","10":"taxable","11":"shipping-taxable","12":"purchasable","13":"product-type-simple"},"acf":[],"jetpack_sharing_enabled":true,"_links":{"self":[{"href":"https:\/\/cndestetik.ch\/fr\/wp-json\/wp\/v2\/product\/38018","targetHints":{"allow":["GET"]}}],"collection":[{"href":"https:\/\/cndestetik.ch\/fr\/wp-json\/wp\/v2\/product"}],"about":[{"href":"https:\/\/cndestetik.ch\/fr\/wp-json\/wp\/v2\/types\/product"}],"wp:featuredmedia":[{"embeddable":true,"href":"https:\/\/cndestetik.ch\/fr\/wp-json\/wp\/v2\/media\/37418"}],"wp:attachment":[{"href":"https:\/\/cndestetik.ch\/fr\/wp-json\/wp\/v2\/media?parent=38018"}],"wp:term":[{"taxonomy":"product_brand","embeddable":true,"href":"https:\/\/cndestetik.ch\/fr\/wp-json\/wp\/v2\/product_brand?post=38018"},{"taxonomy":"product_cat","embeddable":true,"href":"https:\/\/cndestetik.ch\/fr\/wp-json\/wp\/v2\/product_cat?post=38018"},{"taxonomy":"product_tag","embeddable":true,"href":"https:\/\/cndestetik.ch\/fr\/wp-json\/wp\/v2\/product_tag?post=38018"}],"curies":[{"name":"wp","href":"https:\/\/api.w.org\/{rel}","templated":true}]}}