{"id":38004,"date":"2020-10-15T11:43:13","date_gmt":"2020-10-15T09:43:13","guid":{"rendered":"https:\/\/ticinoweb01.jcloud.ik-server.com\/cndestetik\/prodotto\/creme-hydratante\/"},"modified":"2025-01-24T08:28:03","modified_gmt":"2025-01-24T07:28:03","slug":"creme-hydratante","status":"publish","type":"product","link":"https:\/\/cndestetik.ch\/fr\/prodotto\/creme-hydratante\/","title":{"rendered":"Cr\u00e8me hydratante"},"content":{"rendered":"<p><span data-sheets-value=\"{\"1\":2,\"2\":\"Morbida, fresca e setosa. Ideale per le pelli secche e disidratate e pi\u00f9 atone. Grazie all'estratto di Malva lenisce e lascia la pelle morbida.\\n\\nE' una crema dalla texture semplice e leggera; ottima come primer prima del trucco, si addice ad una crema giorno.\\nPu\u00f2 essere usata anche di notte, magari supportata da un OLEOLITO VISO pi\u00f9 adeguato sulla base del tipo di pelle, per un effetto nutriente e rinforzante.\\n\\nComoda, elengante e dalla profumazione semplice ed essenziale!\"}\" data-sheets-userformat=\"{\"2\":15297,\"3\":{\"1\":0},\"9\":0,\"10\":2,\"11\":0,\"12\":0,\"14\":{\"1\":2,\"2\":0},\"15\":\"Calibri\",\"16\":11}\">Doux, frais et soyeux. Id\u00e9al pour les peaux s\u00e8ches, d\u00e9shydrat\u00e9es et plus atones. Gr\u00e2ce \u00e0 l&#8217;extrait de mauve, il apaise et laisse la peau douce.<\/span><\/p>\n<p>Il s&#8217;agit d&#8217;une cr\u00e8me \u00e0 la texture simple et l\u00e9g\u00e8re, excellente comme primer avant le maquillage, elle convient comme cr\u00e8me de jour et peut \u00e9galement \u00eatre utilis\u00e9e la nuit, \u00e9ventuellement accompagn\u00e9e d&#8217;une HUILE VISAGE plus appropri\u00e9e en fonction du type de peau, pour un effet nourrissant et fortifiant.<\/p>\n<p>Confortable, \u00e9l\u00e9gant et avec un parfum simple et essentiel !<\/p>\n<p>Taille : 50ml<\/p>\n","protected":false},"excerpt":{"rendered":"<p><span data-sheets-value=\"{\"1\":2,\"2\":\"Morbida, fresca e setosa. Ideale per le pelli secche e disidratate e pi\u00f9 atone. Grazie all'estratto di Malva lenisce e lascia la pelle morbida.\\n\\nE' una crema dalla texture semplice e leggera; ottima come primer prima del trucco, si addice ad una crema giorno.\\nPu\u00f2 essere usata anche di notte, magari supportata da un OLEOLITO VISO pi\u00f9 adeguato sulla base del tipo di pelle, per un effetto nutriente e rinforzante.\\n\\nComoda, elengante e dalla profumazione semplice ed essenziale!\"}\" data-sheets-userformat=\"{\"2\":15297,\"3\":{\"1\":0},\"9\":0,\"10\":2,\"11\":0,\"12\":0,\"14\":{\"1\":2,\"2\":0},\"15\":\"Calibri\",\"16\":11}\">Cr\u00e8me hydratante, id\u00e9ale pour les peaux s\u00e8ches, d\u00e9shydrat\u00e9es et atones.<\/span><\/p>\n","protected":false},"featured_media":37436,"template":"","meta":{"_acf_changed":false},"product_brand":[],"product_cat":[1494,12982,9906,12989],"product_tag":[597,9218,3834,593,7214,3702,7367,7371,436],"class_list":{"0":"post-38004","1":"product","2":"type-product","3":"status-publish","4":"has-post-thumbnail","6":"product_cat-cosmetiques","7":"product_cat-microcosme","8":"product_cat-oiseau-rose","9":"product_cat-visage","10":"product_tag-achillee-millefeuille","11":"product_tag-atone-fr","12":"product_tag-creme","13":"product_tag-creme-hydratante","14":"product_tag-peaux","15":"product_tag-peaux-atones","16":"product_tag-peaux-seches","17":"product_tag-sec-fr-2","18":"product_tag-spagyria","20":"first","21":"instock","22":"taxable","23":"shipping-taxable","24":"purchasable","25":"product-type-simple"},"acf":[],"jetpack_sharing_enabled":true,"_links":{"self":[{"href":"https:\/\/cndestetik.ch\/fr\/wp-json\/wp\/v2\/product\/38004","targetHints":{"allow":["GET"]}}],"collection":[{"href":"https:\/\/cndestetik.ch\/fr\/wp-json\/wp\/v2\/product"}],"about":[{"href":"https:\/\/cndestetik.ch\/fr\/wp-json\/wp\/v2\/types\/product"}],"wp:featuredmedia":[{"embeddable":true,"href":"https:\/\/cndestetik.ch\/fr\/wp-json\/wp\/v2\/media\/37436"}],"wp:attachment":[{"href":"https:\/\/cndestetik.ch\/fr\/wp-json\/wp\/v2\/media?parent=38004"}],"wp:term":[{"taxonomy":"product_brand","embeddable":true,"href":"https:\/\/cndestetik.ch\/fr\/wp-json\/wp\/v2\/product_brand?post=38004"},{"taxonomy":"product_cat","embeddable":true,"href":"https:\/\/cndestetik.ch\/fr\/wp-json\/wp\/v2\/product_cat?post=38004"},{"taxonomy":"product_tag","embeddable":true,"href":"https:\/\/cndestetik.ch\/fr\/wp-json\/wp\/v2\/product_tag?post=38004"}],"curies":[{"name":"wp","href":"https:\/\/api.w.org\/{rel}","templated":true}]}}