{"id":38003,"date":"2020-10-15T11:43:17","date_gmt":"2020-10-15T09:43:17","guid":{"rendered":"https:\/\/ticinoweb01.jcloud.ik-server.com\/cndestetik\/prodotto\/creme-vitaminee-nourrissante\/"},"modified":"2025-01-24T13:01:38","modified_gmt":"2025-01-24T12:01:38","slug":"creme-vitaminee","status":"publish","type":"product","link":"https:\/\/cndestetik.ch\/fr\/prodotto\/creme-vitaminee\/","title":{"rendered":"Cr\u00e8me vitamin\u00e9e nourrissante"},"content":{"rendered":"<p><span data-sheets-value=\"{\"1\":2,\"2\":\"Crema nutriente con vitamine A, E e con estratto spagirico di calendula. Una crema passepartout, utile per le pelli delicate ma anche quelle che hanno bisogno di un tocco deciso.\\nOttima per tutti i tipi di pelle, nutre, idrata, cicatrizza, lenisce. \\n\\nE' una crema dalla texture semplice e leggera; ottima come primer prima del trucco, si addice ad una crema giorno.\\nPu\u00f2 essere usata anche di notte, magari supportata da un OLEOLITO VISO pi\u00f9 adeguato sulla base del tipo di pelle, per un effetto nutriente e rinforzante.\\n\\nComoda, elengante e dalla profumazione semplice ed essenziale!\"}\" data-sheets-userformat=\"{\"2\":15297,\"3\":{\"1\":0},\"9\":0,\"10\":2,\"11\":0,\"12\":0,\"14\":{\"1\":2,\"2\":0},\"15\":\"Calibri\",\"16\":11}\">Cr\u00e8me nourrissante aux vitamines A, E et \u00e0 l&#8217;extrait de souci spagyrique.<br \/>\nCr\u00e8me passe-partout, utile pour les peaux d\u00e9licates mais aussi pour les peaux qui ont besoin d&#8217;un toucher fort. Excellente pour tous les types de peaux, nourrit, hydrate, soigne, apaise.<\/span><\/p>\n<p>Il s&#8217;agit d&#8217;une cr\u00e8me \u00e0 la texture simple et l\u00e9g\u00e8re, excellente comme primer avant le maquillage, elle convient comme cr\u00e8me de jour et peut \u00e9galement \u00eatre utilis\u00e9e la nuit, \u00e9ventuellement accompagn\u00e9e d&#8217;une HUILE VISAGE plus appropri\u00e9e en fonction du type de peau, pour un effet nourrissant et fortifiant.<\/p>\n<p>Confortable, \u00e9l\u00e9gant et avec un parfum simple et essentiel !<\/p>\n","protected":false},"excerpt":{"rendered":"<p>Cr\u00e8me nourrissante convenant \u00e0 tous les types de peau.<\/p>\n","protected":false},"featured_media":37433,"template":"","meta":{"_acf_changed":false},"product_brand":[],"product_cat":[1494,12982,9906,12989],"product_tag":[3834,473,449,436,9093,9092,4191,461],"class_list":{"0":"post-38003","1":"product","2":"type-product","3":"status-publish","4":"has-post-thumbnail","6":"product_cat-cosmetiques","7":"product_cat-microcosme","8":"product_cat-oiseau-rose","9":"product_cat-visage","10":"product_tag-creme","11":"product_tag-nourrissant","12":"product_tag-rose-dinde","13":"product_tag-spagyria","14":"product_tag-vitamine-fr","15":"product_tag-vitamine-a","16":"product_tag-vitamine-e","17":"product_tag-vitamines","19":"first","20":"instock","21":"taxable","22":"shipping-taxable","23":"purchasable","24":"product-type-simple"},"acf":[],"jetpack_sharing_enabled":true,"_links":{"self":[{"href":"https:\/\/cndestetik.ch\/fr\/wp-json\/wp\/v2\/product\/38003","targetHints":{"allow":["GET"]}}],"collection":[{"href":"https:\/\/cndestetik.ch\/fr\/wp-json\/wp\/v2\/product"}],"about":[{"href":"https:\/\/cndestetik.ch\/fr\/wp-json\/wp\/v2\/types\/product"}],"wp:featuredmedia":[{"embeddable":true,"href":"https:\/\/cndestetik.ch\/fr\/wp-json\/wp\/v2\/media\/37433"}],"wp:attachment":[{"href":"https:\/\/cndestetik.ch\/fr\/wp-json\/wp\/v2\/media?parent=38003"}],"wp:term":[{"taxonomy":"product_brand","embeddable":true,"href":"https:\/\/cndestetik.ch\/fr\/wp-json\/wp\/v2\/product_brand?post=38003"},{"taxonomy":"product_cat","embeddable":true,"href":"https:\/\/cndestetik.ch\/fr\/wp-json\/wp\/v2\/product_cat?post=38003"},{"taxonomy":"product_tag","embeddable":true,"href":"https:\/\/cndestetik.ch\/fr\/wp-json\/wp\/v2\/product_tag?post=38003"}],"curies":[{"name":"wp","href":"https:\/\/api.w.org\/{rel}","templated":true}]}}