{"id":37998,"date":"2020-10-15T11:43:02","date_gmt":"2020-10-15T09:43:02","guid":{"rendered":"https:\/\/ticinoweb01.jcloud.ik-server.com\/cndestetik\/prodotto\/creme-anti-age-a-hydratation-intense\/"},"modified":"2025-01-24T08:26:43","modified_gmt":"2025-01-24T07:26:43","slug":"creme-anti-age-intense-hydratation","status":"publish","type":"product","link":"https:\/\/cndestetik.ch\/fr\/prodotto\/creme-anti-age-intense-hydratation\/","title":{"rendered":"Cr\u00e8me anti-\u00e2ge \u00e0 hydratation intense"},"content":{"rendered":"<p><span data-sheets-value=\"{\"1\":2,\"2\":\"Contiene Acido Ialuronico ed Estratto Spagirico di Calendula. Ottima azione emolliente e lenitiva della Calendula, dedicata a tutte le pelli, anche giovani e delicate. Ha una texture pi\u00f9 leggera e di pi\u00f9 facile assorbimento, ma altamente idratante.\"}\" data-sheets-userformat=\"{\"2\":15297,\"3\":{\"1\":0},\"9\":0,\"10\":2,\"11\":0,\"12\":0,\"14\":{\"1\":2,\"2\":0},\"15\":\"Calibri\",\"16\":11}\">Contient de l&#8217;acide hyaluronique et de l&#8217;extrait de souci spagyrique. Excellente action \u00e9molliente et apaisante du calendula pour tous les types de peau, y compris les jeunes et les d\u00e9licates. Il a une texture plus l\u00e9g\u00e8re et est plus facile \u00e0 absorber, tout en \u00e9tant tr\u00e8s hydratant.<\/span><\/p>\n<p>Taille : 50ml<\/p>\n","protected":false},"excerpt":{"rendered":"<p>Cr\u00e8me anti-\u00e2ge \u00e0 hydratation intensive qui peut \u00eatre utilis\u00e9e sur tous les types de peau, m\u00eame les peaux jeunes et d\u00e9licates.<\/p>\n","protected":false},"featured_media":37445,"template":"","meta":{"_acf_changed":false},"product_brand":[],"product_cat":[1494,12982,12989],"product_tag":[4170,4171,3711,4172,3834,4098,8379,449,436],"class_list":{"0":"post-37998","1":"product","2":"type-product","3":"status-publish","4":"has-post-thumbnail","6":"product_cat-cosmetiques","7":"product_cat-microcosme","8":"product_cat-visage","9":"product_tag-age-fr","10":"product_tag-anti-fr","11":"product_tag-anti-age-fr","12":"product_tag-anti-age-fr-2","13":"product_tag-creme","14":"product_tag-hydratation","15":"product_tag-intense","16":"product_tag-rose-dinde","17":"product_tag-spagyria","19":"first","20":"instock","21":"taxable","22":"shipping-taxable","23":"purchasable","24":"product-type-simple"},"acf":[],"jetpack_sharing_enabled":true,"_links":{"self":[{"href":"https:\/\/cndestetik.ch\/fr\/wp-json\/wp\/v2\/product\/37998","targetHints":{"allow":["GET"]}}],"collection":[{"href":"https:\/\/cndestetik.ch\/fr\/wp-json\/wp\/v2\/product"}],"about":[{"href":"https:\/\/cndestetik.ch\/fr\/wp-json\/wp\/v2\/types\/product"}],"wp:featuredmedia":[{"embeddable":true,"href":"https:\/\/cndestetik.ch\/fr\/wp-json\/wp\/v2\/media\/37445"}],"wp:attachment":[{"href":"https:\/\/cndestetik.ch\/fr\/wp-json\/wp\/v2\/media?parent=37998"}],"wp:term":[{"taxonomy":"product_brand","embeddable":true,"href":"https:\/\/cndestetik.ch\/fr\/wp-json\/wp\/v2\/product_brand?post=37998"},{"taxonomy":"product_cat","embeddable":true,"href":"https:\/\/cndestetik.ch\/fr\/wp-json\/wp\/v2\/product_cat?post=37998"},{"taxonomy":"product_tag","embeddable":true,"href":"https:\/\/cndestetik.ch\/fr\/wp-json\/wp\/v2\/product_tag?post=37998"}],"curies":[{"name":"wp","href":"https:\/\/api.w.org\/{rel}","templated":true}]}}