{"id":37995,"date":"2020-10-15T11:42:58","date_gmt":"2020-10-15T09:42:58","guid":{"rendered":"https:\/\/ticinoweb01.jcloud.ik-server.com\/cndestetik\/prodotto\/creme-anti-age-peau-mature\/"},"modified":"2025-02-07T08:39:51","modified_gmt":"2025-02-07T07:39:51","slug":"creme-anti-age-peau-mature","status":"publish","type":"product","link":"https:\/\/cndestetik.ch\/fr\/prodotto\/creme-anti-age-peau-mature\/","title":{"rendered":"Cr\u00e8me anti-\u00e2ge Peau mature"},"content":{"rendered":"<p><span data-sheets-value=\"{\"1\":2,\"2\":\"Contiene Acido Ialuronico ed Estratto Spagirico di Ginseng. Ottima l'azione tonificante del ginseng e l'azione idratante data dal burro di Karit\u00e8 che crea una texture pi\u00f9 corposa. Particolarmente protettiva nel periodo estivo.\"}\" data-sheets-userformat=\"{\"2\":15297,\"3\":{\"1\":0},\"9\":0,\"10\":2,\"11\":0,\"12\":0,\"14\":{\"1\":2,\"2\":0},\"15\":\"Calibri\",\"16\":11}\">Contient de l&#8217;acide hyaluronique et des extraits de ginseng spagyrique. Excellente action tonifiante gr\u00e2ce au ginseng et action hydratante fournie par le beurre de karit\u00e9 qui cr\u00e9e une texture plus compl\u00e8te. Particuli\u00e8rement protecteur en \u00e9t\u00e9.<\/span><\/p>\n<p>Taille : 50ml<\/p>\n","protected":false},"excerpt":{"rendered":"<p>Cr\u00e8me anti-\u00e2ge hydratante et tonifiante adapt\u00e9e aux peaux matures.<\/p>\n","protected":false},"featured_media":37448,"template":"","meta":{"_acf_changed":false},"product_brand":[],"product_cat":[1494,12982,12989],"product_tag":[4170,4171,4172,3711,3834,593,591,433,7235],"class_list":{"0":"post-37995","1":"product","2":"type-product","3":"status-publish","4":"has-post-thumbnail","6":"product_cat-cosmetiques","7":"product_cat-microcosme","8":"product_cat-visage","9":"product_tag-age-fr","10":"product_tag-anti-fr","11":"product_tag-anti-age-fr-2","12":"product_tag-anti-age-fr","13":"product_tag-creme","14":"product_tag-creme-hydratante","15":"product_tag-ginseng-fr","16":"product_tag-karite-fr","17":"product_tag-peaux-matures","19":"first","20":"instock","21":"taxable","22":"shipping-taxable","23":"purchasable","24":"product-type-simple"},"acf":[],"jetpack_sharing_enabled":true,"_links":{"self":[{"href":"https:\/\/cndestetik.ch\/fr\/wp-json\/wp\/v2\/product\/37995","targetHints":{"allow":["GET"]}}],"collection":[{"href":"https:\/\/cndestetik.ch\/fr\/wp-json\/wp\/v2\/product"}],"about":[{"href":"https:\/\/cndestetik.ch\/fr\/wp-json\/wp\/v2\/types\/product"}],"wp:featuredmedia":[{"embeddable":true,"href":"https:\/\/cndestetik.ch\/fr\/wp-json\/wp\/v2\/media\/37448"}],"wp:attachment":[{"href":"https:\/\/cndestetik.ch\/fr\/wp-json\/wp\/v2\/media?parent=37995"}],"wp:term":[{"taxonomy":"product_brand","embeddable":true,"href":"https:\/\/cndestetik.ch\/fr\/wp-json\/wp\/v2\/product_brand?post=37995"},{"taxonomy":"product_cat","embeddable":true,"href":"https:\/\/cndestetik.ch\/fr\/wp-json\/wp\/v2\/product_cat?post=37995"},{"taxonomy":"product_tag","embeddable":true,"href":"https:\/\/cndestetik.ch\/fr\/wp-json\/wp\/v2\/product_tag?post=37995"}],"curies":[{"name":"wp","href":"https:\/\/api.w.org\/{rel}","templated":true}]}}