{"id":37987,"date":"2020-10-15T11:43:10","date_gmt":"2020-10-15T09:43:10","guid":{"rendered":"https:\/\/ticinoweb01.jcloud.ik-server.com\/cndestetik\/prodotto\/creme-pour-peaux-grasses\/"},"modified":"2025-02-07T08:35:13","modified_gmt":"2025-02-07T07:35:13","slug":"creme-peau-graisse","status":"publish","type":"product","link":"https:\/\/cndestetik.ch\/fr\/prodotto\/creme-peau-graisse\/","title":{"rendered":"Cr\u00e8me pour la peau grasse"},"content":{"rendered":"<p><span data-sheets-value=\"{\"1\":2,\"2\":\"Con estratto spagirico di Bardana, \u00e8 ottima per le sue propriet\u00e0 dermopurificanti e astringenti. E' anche un ottimo schiarente (soprattutto per le cicatrici da acne), idratante e rigenerante cellulare.\\n\\nE' una crema dalla texture semplice e leggera; ottima come primer prima del trucco, si addice ad una crema giorno.\\nPu\u00f2 essere usata anche di notte, magari supportata da un OLEOLITO VISO pi\u00f9 adeguato sulla base del tipo di pelle, per un effetto nutriente e rinforzante.\\n\\nComoda, elengante e dalla profumazione semplice ed essenziale!\"}\" data-sheets-userformat=\"{\"2\":15297,\"3\":{\"1\":0},\"9\":0,\"10\":2,\"11\":0,\"12\":0,\"14\":{\"1\":2,\"2\":0},\"15\":\"Calibri\",\"16\":11}\">A l&#8217;extrait spagyrique de Bardane, il est excellent pour ses propri\u00e9t\u00e9s dermopurifiantes et astringentes. C&#8217;est \u00e9galement un excellent \u00e9claircissant (notamment pour les cicatrices d&#8217;acn\u00e9), hydratant et r\u00e9g\u00e9n\u00e9rateur cellulaire.<\/span><\/p>\n<p>Il s&#8217;agit d&#8217;une cr\u00e8me \u00e0 la texture simple et l\u00e9g\u00e8re, excellente comme primer avant le maquillage, elle convient comme cr\u00e8me de jour et peut \u00e9galement \u00eatre utilis\u00e9e la nuit, \u00e9ventuellement accompagn\u00e9e d&#8217;une HUILE VISAGE plus appropri\u00e9e en fonction du type de peau, pour un effet nourrissant et fortifiant.<\/p>\n<p>Confortable, \u00e9l\u00e9gant et avec un parfum simple et essentiel !<\/p>\n","protected":false},"excerpt":{"rendered":"<p>Cr\u00e8me dermopurifiante, \u00e9claircissante et hydratante.<\/p>\n","protected":false},"featured_media":37439,"template":"","meta":{"_acf_changed":false},"product_brand":[],"product_cat":[1494,12982,12989],"product_tag":[8962,7211,582,3834,593,8960,460,436],"class_list":{"0":"post-37987","1":"product","2":"type-product","3":"status-publish","4":"has-post-thumbnail","6":"product_cat-cosmetiques","7":"product_cat-microcosme","8":"product_cat-visage","9":"product_tag-agent-de-blanchiment","10":"product_tag-astringent-fr","11":"product_tag-bardane","12":"product_tag-creme","13":"product_tag-creme-hydratante","14":"product_tag-dermopurifiant","15":"product_tag-regenerant","16":"product_tag-spagyria","18":"first","19":"instock","20":"taxable","21":"shipping-taxable","22":"purchasable","23":"product-type-simple"},"acf":[],"jetpack_sharing_enabled":true,"_links":{"self":[{"href":"https:\/\/cndestetik.ch\/fr\/wp-json\/wp\/v2\/product\/37987","targetHints":{"allow":["GET"]}}],"collection":[{"href":"https:\/\/cndestetik.ch\/fr\/wp-json\/wp\/v2\/product"}],"about":[{"href":"https:\/\/cndestetik.ch\/fr\/wp-json\/wp\/v2\/types\/product"}],"wp:featuredmedia":[{"embeddable":true,"href":"https:\/\/cndestetik.ch\/fr\/wp-json\/wp\/v2\/media\/37439"}],"wp:attachment":[{"href":"https:\/\/cndestetik.ch\/fr\/wp-json\/wp\/v2\/media?parent=37987"}],"wp:term":[{"taxonomy":"product_brand","embeddable":true,"href":"https:\/\/cndestetik.ch\/fr\/wp-json\/wp\/v2\/product_brand?post=37987"},{"taxonomy":"product_cat","embeddable":true,"href":"https:\/\/cndestetik.ch\/fr\/wp-json\/wp\/v2\/product_cat?post=37987"},{"taxonomy":"product_tag","embeddable":true,"href":"https:\/\/cndestetik.ch\/fr\/wp-json\/wp\/v2\/product_tag?post=37987"}],"curies":[{"name":"wp","href":"https:\/\/api.w.org\/{rel}","templated":true}]}}